{"id":97,"date":"2018-07-17T17:24:24","date_gmt":"2018-07-17T15:24:24","guid":{"rendered":"https:\/\/www.covb.cat\/?page_id=97"},"modified":"2020-09-29T10:19:52","modified_gmt":"2020-09-29T08:19:52","slug":"memoria-de-actividades","status":"publish","type":"page","link":"https:\/\/www.covb.cat\/es\/colegio\/memoria-de-actividades\/","title":{"rendered":"Memoria de actividades"},"content":{"rendered":"<p>La memoria anual de actividades ofrece a los profesionales veterinarios los <strong>datos<\/strong> m\u00e1s significativos de la actividad del Colegio Oficial de Veterinarios de Barcelona (COVB), as\u00ed como una relaci\u00f3n de <strong>acciones\u00a0<\/strong>llevadas a cabo.<\/p>\n","protected":false},"excerpt":{"rendered":"<p>La memoria anual de actividades ofrece a los profesionales veterinarios los datos m\u00e1s significativos de la actividad del Colegio Oficial de Veterinarios de Barcelona (COVB), as\u00ed como una relaci\u00f3n de acciones\u00a0llevadas a cabo.<\/p>\n","protected":false},"author":1,"featured_media":0,"parent":87,"menu_order":0,"comment_status":"closed","ping_status":"closed","template":"page-template-memoria-activitats.php","meta":{"_monsterinsights_skip_tracking":false,"_monsterinsights_sitenote_active":false,"_monsterinsights_sitenote_note":"","_monsterinsights_sitenote_category":0,"footnotes":""},"class_list":["post-97","page","type-page","status-publish","hentry"],"yoast_head":"<!-- This site is optimized with the Yoast SEO plugin v27.0 - https:\/\/yoast.com\/product\/yoast-seo-wordpress\/ -->\n<title>Memoria de actividades - COVB - Col\u00b7legi Oficial de Veterinaris de Barcelona<\/title>\n<meta name=\"description\" content=\"La memoria anual de actividades ofrece a los profesionales veterinarios los datos m\u00e1s significativos de la actividad del Colegio Oficial de Veterinarios\" \/>\n<meta name=\"robots\" content=\"index, follow, max-snippet:-1, max-image-preview:large, max-video-preview:-1\" \/>\n<link rel=\"canonical\" href=\"https:\/\/www.covb.cat\/es\/colegio\/memoria-de-actividades\/\" \/>\n<meta property=\"og:locale\" content=\"es_ES\" \/>\n<meta property=\"og:type\" content=\"article\" \/>\n<meta property=\"og:title\" content=\"Memoria de actividades - COVB - Col\u00b7legi Oficial de Veterinaris de Barcelona\" \/>\n<meta property=\"og:description\" content=\"La memoria anual de actividades ofrece a los profesionales veterinarios los datos m\u00e1s significativos de la actividad del Colegio Oficial de Veterinarios\" \/>\n<meta property=\"og:url\" content=\"https:\/\/www.covb.cat\/es\/colegio\/memoria-de-actividades\/\" \/>\n<meta property=\"og:site_name\" content=\"COVB\" \/>\n<meta property=\"article:publisher\" content=\"https:\/\/www.facebook.com\/COVBcat\/\" \/>\n<meta property=\"article:modified_time\" content=\"2020-09-29T08:19:52+00:00\" \/>\n<meta name=\"twitter:card\" content=\"summary_large_image\" \/>\n<meta name=\"twitter:site\" content=\"@COVBcat\" \/>\n<script type=\"application\/ld+json\" class=\"yoast-schema-graph\">{\"@context\":\"https:\/\/schema.org\",\"@graph\":[{\"@type\":\"WebPage\",\"@id\":\"https:\/\/www.covb.cat\/es\/colegio\/memoria-de-actividades\/\",\"url\":\"https:\/\/www.covb.cat\/es\/colegio\/memoria-de-actividades\/\",\"name\":\"Memoria de actividades - COVB - Col\u00b7legi Oficial de Veterinaris de Barcelona\",\"isPartOf\":{\"@id\":\"https:\/\/www.covb.cat\/es\/#website\"},\"datePublished\":\"2018-07-17T15:24:24+00:00\",\"dateModified\":\"2020-09-29T08:19:52+00:00\",\"description\":\"La memoria anual de actividades ofrece a los profesionales veterinarios los datos m\u00e1s significativos de la actividad del Colegio Oficial de Veterinarios\",\"breadcrumb\":{\"@id\":\"https:\/\/www.covb.cat\/es\/colegio\/memoria-de-actividades\/#breadcrumb\"},\"inLanguage\":\"es\",\"potentialAction\":[{\"@type\":\"ReadAction\",\"target\":[\"https:\/\/www.covb.cat\/es\/colegio\/memoria-de-actividades\/\"]}]},{\"@type\":\"BreadcrumbList\",\"@id\":\"https:\/\/www.covb.cat\/es\/colegio\/memoria-de-actividades\/#breadcrumb\",\"itemListElement\":[{\"@type\":\"ListItem\",\"position\":1,\"name\":\"Inici\",\"item\":\"https:\/\/www.covb.cat\/es\/\"},{\"@type\":\"ListItem\",\"position\":2,\"name\":\"Colegio\",\"item\":\"https:\/\/www.covb.cat\/es\/colegio\/\"},{\"@type\":\"ListItem\",\"position\":3,\"name\":\"Memoria de actividades\"}]},{\"@type\":\"WebSite\",\"@id\":\"https:\/\/www.covb.cat\/es\/#website\",\"url\":\"https:\/\/www.covb.cat\/es\/\",\"name\":\"COVB\",\"description\":\"Col\u00b7legi Oficial de Veterinaris de Barcelona\",\"publisher\":{\"@id\":\"https:\/\/www.covb.cat\/es\/#organization\"},\"potentialAction\":[{\"@type\":\"SearchAction\",\"target\":{\"@type\":\"EntryPoint\",\"urlTemplate\":\"https:\/\/www.covb.cat\/es\/?s={search_term_string}\"},\"query-input\":{\"@type\":\"PropertyValueSpecification\",\"valueRequired\":true,\"valueName\":\"search_term_string\"}}],\"inLanguage\":\"es\"},{\"@type\":\"Organization\",\"@id\":\"https:\/\/www.covb.cat\/es\/#organization\",\"name\":\"COVB\",\"url\":\"https:\/\/www.covb.cat\/es\/\",\"logo\":{\"@type\":\"ImageObject\",\"inLanguage\":\"es\",\"@id\":\"https:\/\/www.covb.cat\/es\/#\/schema\/logo\/image\/\",\"url\":\"https:\/\/www.covb.cat\/wp-content\/uploads\/2018\/07\/favicon-covb.png\",\"contentUrl\":\"https:\/\/www.covb.cat\/wp-content\/uploads\/2018\/07\/favicon-covb.png\",\"width\":512,\"height\":512,\"caption\":\"COVB\"},\"image\":{\"@id\":\"https:\/\/www.covb.cat\/es\/#\/schema\/logo\/image\/\"},\"sameAs\":[\"https:\/\/www.facebook.com\/COVBcat\/\",\"https:\/\/x.com\/COVBcat\",\"https:\/\/www.youtube.com\/user\/covbcn\"]}]}<\/script>\n<!-- \/ Yoast SEO plugin. -->","yoast_head_json":{"title":"Memoria de actividades - COVB - Col\u00b7legi Oficial de Veterinaris de Barcelona","description":"La memoria anual de actividades ofrece a los profesionales veterinarios los datos m\u00e1s significativos de la actividad del Colegio Oficial de Veterinarios","robots":{"index":"index","follow":"follow","max-snippet":"max-snippet:-1","max-image-preview":"max-image-preview:large","max-video-preview":"max-video-preview:-1"},"canonical":"https:\/\/www.covb.cat\/es\/colegio\/memoria-de-actividades\/","og_locale":"es_ES","og_type":"article","og_title":"Memoria de actividades - COVB - Col\u00b7legi Oficial de Veterinaris de Barcelona","og_description":"La memoria anual de actividades ofrece a los profesionales veterinarios los datos m\u00e1s significativos de la actividad del Colegio Oficial de Veterinarios","og_url":"https:\/\/www.covb.cat\/es\/colegio\/memoria-de-actividades\/","og_site_name":"COVB","article_publisher":"https:\/\/www.facebook.com\/COVBcat\/","article_modified_time":"2020-09-29T08:19:52+00:00","twitter_card":"summary_large_image","twitter_site":"@COVBcat","schema":{"@context":"https:\/\/schema.org","@graph":[{"@type":"WebPage","@id":"https:\/\/www.covb.cat\/es\/colegio\/memoria-de-actividades\/","url":"https:\/\/www.covb.cat\/es\/colegio\/memoria-de-actividades\/","name":"Memoria de actividades - COVB - Col\u00b7legi Oficial de Veterinaris de Barcelona","isPartOf":{"@id":"https:\/\/www.covb.cat\/es\/#website"},"datePublished":"2018-07-17T15:24:24+00:00","dateModified":"2020-09-29T08:19:52+00:00","description":"La memoria anual de actividades ofrece a los profesionales veterinarios los datos m\u00e1s significativos de la actividad del Colegio Oficial de Veterinarios","breadcrumb":{"@id":"https:\/\/www.covb.cat\/es\/colegio\/memoria-de-actividades\/#breadcrumb"},"inLanguage":"es","potentialAction":[{"@type":"ReadAction","target":["https:\/\/www.covb.cat\/es\/colegio\/memoria-de-actividades\/"]}]},{"@type":"BreadcrumbList","@id":"https:\/\/www.covb.cat\/es\/colegio\/memoria-de-actividades\/#breadcrumb","itemListElement":[{"@type":"ListItem","position":1,"name":"Inici","item":"https:\/\/www.covb.cat\/es\/"},{"@type":"ListItem","position":2,"name":"Colegio","item":"https:\/\/www.covb.cat\/es\/colegio\/"},{"@type":"ListItem","position":3,"name":"Memoria de actividades"}]},{"@type":"WebSite","@id":"https:\/\/www.covb.cat\/es\/#website","url":"https:\/\/www.covb.cat\/es\/","name":"COVB","description":"Col\u00b7legi Oficial de Veterinaris de Barcelona","publisher":{"@id":"https:\/\/www.covb.cat\/es\/#organization"},"potentialAction":[{"@type":"SearchAction","target":{"@type":"EntryPoint","urlTemplate":"https:\/\/www.covb.cat\/es\/?s={search_term_string}"},"query-input":{"@type":"PropertyValueSpecification","valueRequired":true,"valueName":"search_term_string"}}],"inLanguage":"es"},{"@type":"Organization","@id":"https:\/\/www.covb.cat\/es\/#organization","name":"COVB","url":"https:\/\/www.covb.cat\/es\/","logo":{"@type":"ImageObject","inLanguage":"es","@id":"https:\/\/www.covb.cat\/es\/#\/schema\/logo\/image\/","url":"https:\/\/www.covb.cat\/wp-content\/uploads\/2018\/07\/favicon-covb.png","contentUrl":"https:\/\/www.covb.cat\/wp-content\/uploads\/2018\/07\/favicon-covb.png","width":512,"height":512,"caption":"COVB"},"image":{"@id":"https:\/\/www.covb.cat\/es\/#\/schema\/logo\/image\/"},"sameAs":["https:\/\/www.facebook.com\/COVBcat\/","https:\/\/x.com\/COVBcat","https:\/\/www.youtube.com\/user\/covbcn"]}]}},"jetpack_sharing_enabled":true,"_links":{"self":[{"href":"https:\/\/www.covb.cat\/es\/wp-json\/wp\/v2\/pages\/97","targetHints":{"allow":["GET"]}}],"collection":[{"href":"https:\/\/www.covb.cat\/es\/wp-json\/wp\/v2\/pages"}],"about":[{"href":"https:\/\/www.covb.cat\/es\/wp-json\/wp\/v2\/types\/page"}],"author":[{"embeddable":true,"href":"https:\/\/www.covb.cat\/es\/wp-json\/wp\/v2\/users\/1"}],"replies":[{"embeddable":true,"href":"https:\/\/www.covb.cat\/es\/wp-json\/wp\/v2\/comments?post=97"}],"version-history":[{"count":0,"href":"https:\/\/www.covb.cat\/es\/wp-json\/wp\/v2\/pages\/97\/revisions"}],"up":[{"embeddable":true,"href":"https:\/\/www.covb.cat\/es\/wp-json\/wp\/v2\/pages\/87"}],"wp:attachment":[{"href":"https:\/\/www.covb.cat\/es\/wp-json\/wp\/v2\/media?parent=97"}],"curies":[{"name":"wp","href":"https:\/\/api.w.org\/{rel}","templated":true}]}}