{"id":93,"date":"2018-07-17T17:23:58","date_gmt":"2018-07-17T15:23:58","guid":{"rendered":"https:\/\/www.covb.cat\/?page_id=93"},"modified":"2024-12-17T15:32:25","modified_gmt":"2024-12-17T14:32:25","slug":"estatutos","status":"publish","type":"page","link":"https:\/\/www.covb.cat\/es\/colegio\/estatutos\/","title":{"rendered":"Normativa colegial"},"content":{"rendered":"<p><em>Contenido actualizado a 16\/12\/2024<\/em><\/p>\n<p>&nbsp;<\/p>\n<p><strong>NORMATIVA COLEGIAL<\/strong><\/p>\n<blockquote><p>&nbsp;<\/p><\/blockquote>\n<ul>\n<li><strong>Ley 7\/2006, de 31 de mayo, del ejercicio de las profesiones tituladas y de los Colegios Profesionales<\/strong><\/li>\n<\/ul>\n<p><a href=\"https:\/\/www.covb.cat\/wp-content\/uploads\/2020\/07\/Llei-7_2006_-de-lexercici-de-les-professions-titulades-i-dels-Col\u00b7legis-Professionals.pdf\" target=\"_blank\" rel=\"noopener noreferrer\">Descargar documento<\/a><\/p>\n<ul>\n<li><strong>RESOLUCI\u00d3N JUS\/3008\/2015, de 17 de diciembre, por la que se inscriben en el Registro de Colegios Profesionales de la Generalitat de Catalu\u00f1a los Estatutos del Colegio Oficial de Veterinarios de Barcelona, publicados en el DOGC de 05.01.2016.<\/strong><\/li>\n<\/ul>\n<p><a href=\"https:\/\/www.covb.cat\/wp-content\/uploads\/2023\/05\/Estatuts_COVB-ano-2023.pdf\" target=\"_blank\" rel=\"noopener noreferrer\">Descargar documento<\/a><\/p>\n<ul>\n<li><strong>RESOLUCI\u00d3N JUS\/1770\/2023, de 19 de mayo, de modificaci\u00f3n de los Estatutos del Colegio Oficial de Veterinarios de Barcelona (publicada en el DOGC de 30.05.2023).\u00a0La modificaci\u00f3n afecta a los art\u00edculos 32.2 y 33 de los Estatutos vigentes.<\/strong><\/li>\n<\/ul>\n<p><a href=\"https:\/\/portaldogc.gencat.cat\/utilsEADOP\/AppJava\/PdfProviderServlet?documentId=961516&amp;type=01&amp;language=es_ES\" target=\"_blank\" rel=\"noopener\" data-saferedirecturl=\"https:\/\/www.google.com\/url?q=https:\/\/portaldogc.gencat.cat\/utilsEADOP\/AppJava\/PdfProviderServlet?documentId%3D961516%26type%3D01%26language%3Des_ES&amp;source=gmail&amp;ust=1685532300082000&amp;usg=AOvVaw0IMFQNYyDx-pS8shnez81k\">Descargar documento<\/a><\/p>\n<ul>\n<li><strong>Reglamento para el ejercicio profesional en cl\u00ednica de animales de compa\u00f1\u00eda aprobado por la Asamblea General de Presidentes de 11 de julio de 2015 del Consejo General de Colegios Veterinarios de Espa\u00f1a.<\/strong><\/li>\n<\/ul>\n<p><a href=\"https:\/\/www.covb.cat\/wp-content\/uploads\/2020\/07\/REGLAMENT-PER-A-L\u2019EXERCICI-PROFESSIONAL-CLI\u0301NICA-CAT.pdf\" target=\"_blank\" rel=\"noopener noreferrer\">Descargar documento<\/a><\/p>\n<p><a href=\"https:\/\/www.covb.cat\/wp-content\/uploads\/2020\/11\/Annex_I_.pdf\" target=\"_blank\" rel=\"noopener noreferrer\">Descargar Anexo I<\/a><\/p>\n<p><a href=\"https:\/\/www.covb.cat\/wp-content\/uploads\/2020\/06\/DOC_13_Annex-II-CAST_v1_edit20220402_.pdf\" target=\"_blank\" rel=\"noopener noreferrer\">Descargar Anexo II<\/a><\/p>\n<p><a href=\"https:\/\/www.covb.cat\/wp-content\/uploads\/2021\/03\/REGLAMENT_CC.pdf\">Descargar documento<\/a><\/p>\n<ul>\n<li><strong>Reglamento de creaci\u00f3n y funcionamiento del Comit\u00e9 de la Veterinaria para la Protecci\u00f3n de los Animales del COVB de 24 de marzo de 2021.<\/strong><\/li>\n<\/ul>\n<p><a href=\"https:\/\/www.covb.cat\/wp-content\/uploads\/2021\/04\/REGLAMENT-FUNCIONAMENT-COMITE-PROTECCIO-ANIMAL-DEL-COVB_web_just.pdf\" target=\"_blank\" rel=\"noopener noreferrer\">Descargar documento<\/a><\/p>\n<ul>\n<li><strong>RESOLUCI\u00d3N JUS\/1888\/2008, de 10 de junio, por la que, habiendo comprobado previamente la adecuaci\u00f3n a la legalidad, se inscribe en el Registro de Colegios Profesionales de la Generalitat de Catalu\u00f1a el Reglamento de constituci\u00f3n y funcionamiento del Registro de Sociedades Profesionales del Colegio Oficial de Veterinarios de Barcelona.<\/strong><\/li>\n<\/ul>\n<p><a href=\"https:\/\/www.covb.cat\/wp-content\/uploads\/2020\/07\/Reglament-Registre-de-Societats-Professionals-COVB.pdf\" target=\"_blank\" rel=\"noopener noreferrer\">Descargar documento<\/a><\/p>\n<ul>\n<li><strong>Normas Deontol\u00f3gicas Comunes de la Profesi\u00f3n Veterinaria Catalana del Consejo de Colegios Veterinarios de Catalu\u00f1a de 27 de mayo de 2002.<\/strong><\/li>\n<\/ul>\n<p><a href=\"https:\/\/www.covb.cat\/wp-content\/uploads\/2020\/07\/NORMES-DEONTOLOGIQUES-COMUNS-CCVC.pdf\" target=\"_blank\" rel=\"noopener noreferrer\">Descar<\/a><a href=\"https:\/\/www.covb.cat\/wp-content\/uploads\/2020\/07\/NORMES-DEONTOLOGIQUES-COMUNS-CCVC.pdf\" target=\"_blank\" rel=\"noopener noreferrer\">gar documento<\/a><\/p>\n<ul>\n<li><strong>C\u00f3digo Deontol\u00f3gico para el ejercicio de la profesi\u00f3n Veterinaria aprobado por la Asamblea General del Consejo General de Colegios Veterinarios de Espa\u00f1a de 15 de diciembre de 2018.<\/strong><\/li>\n<\/ul>\n<p><a href=\"https:\/\/www.covb.cat\/wp-content\/uploads\/2020\/07\/CO\u0301DIGO-DEONTOLO\u0301GICO-PARA-EL-EJERCICIO-DE-LA-PROFESIO\u0301N-VETERINARIA-Aprobado-AGPtes.-15-12-2018_0.pdf\" target=\"_blank\" rel=\"noopener noreferrer\">Descargar documento<\/a><\/p>\n<ul>\n<li><strong>Reglamento de creaci\u00f3n del Comit\u00e9 de Nutrici\u00f3n y Producci\u00f3n del COVB<\/strong><\/li>\n<\/ul>\n<p><a href=\"https:\/\/www.covb.cat\/wp-content\/uploads\/2024\/12\/Reglament-creacio-del-Comite-de-Nutricio-i-Produccio-Animal-del-COVB-canvi-denominacio-11122024.pdf\" target=\"_blank\" rel=\"noopener\">Descargar documento<\/a><\/p>\n<ul>\n<li><strong>Reglamento de creaci\u00f3n del Registro de Professionales y de Centros dedicados a la cl\u00ednica de animales de compa\u00f1\u00eda, \u00abRECAC\u00bb y del Comit\u00e9 Asesor por el Exercicio Cl\u00ednico con Animales de Compa\u00f1\u00eda del COVB<\/strong><\/li>\n<\/ul>\n<p><a href=\"https:\/\/acrobat.adobe.com\/id\/urn:aaid:sc:EU:e963bb45-7722-422b-994e-184920804a88\" target=\"_blank\" rel=\"noopener\">Descarregar document<\/a><\/p>\n<ul>\n<li><strong>Reglamento de creaci\u00f3n del Comit\u00e9 Cient\u00edfico de la Veterinaria del COVB<\/strong><\/li>\n<\/ul>\n<p><a href=\"https:\/\/acrobat.adobe.com\/id\/urn:aaid:sc:EU:403928f4-cda7-450a-9dcf-4ab53ad195f6\">Descarregar document<\/a><\/p>\n<p>&nbsp;<\/p>\n<p><strong>PROTOCOLO PARA LA PREVENCI\u00d3N, DETECCI\u00d3N E INTERVENCI\u00d3N ANTE SITUACIONES DE ACOSO EN GENERAL Y VIOLENCIA SEXUAL DEL COVB<\/strong><\/p>\n<p>El COVB pone en marcha su Protocolo para la prevenci\u00f3n, detecci\u00f3n e intervenci\u00f3n ante situaciones de acoso en general y de violencia sexual (acoso sexual, por raz\u00f3n de sexo, por raz\u00f3n de orientaci\u00f3n sexual o por raz\u00f3n de identidad y expresi\u00f3n de g\u00e9nero).<\/p>\n<p><a href=\"https:\/\/www.covb.cat\/wp-content\/uploads\/2023\/11\/CAST_COVB_-Decaleg_Tolerancia_Zero_Assetjament_CAT_DEF.pdf\" target=\"_blank\" rel=\"noopener\">Descargar dec\u00e1logo PDF<\/a><\/p>\n<p>&nbsp;<\/p>\n<p>&nbsp;<\/p>\n<p><strong>FUNCIONES P\u00daBLICAS Y PRIVADAS DEL COVB<\/strong><\/p>\n<div id=\"funciones_colegio\">\n<p>Son funciones del COVB las siguientes:<\/p>\n<p><strong>1.<\/strong> El Colegio tiene como<strong> finalidad esencial<\/strong> velar para que la actuaci\u00f3n de las personas colegiadas responda a los intereses y a las necesidades de la sociedad en relaci\u00f3n con el ejercicio de la profesi\u00f3n veterinaria, y especialmente garantizar el cumplimiento de la buena pr\u00e1ctica y de las obligaciones deontol\u00f3gicas de la profesi\u00f3n y la protecci\u00f3n de los intereses de las personas usuarias y consumidoras de los servicios profesionales. Tambi\u00e9n tiene como finalidad la ordenaci\u00f3n, la representaci\u00f3n y la defensa de la profesi\u00f3n y de los intereses profesionales de las personas colegiadas.<\/p>\n<p><strong>2.<\/strong> Las<strong> funciones de este Colegio<\/strong> son todas las que marque la ley, y particularmente las siguientes:<\/p>\n<p>a. Garantizar que el ejercicio profesional se adecue a la normativa, a la deontolog\u00eda y a las buenas pr\u00e1cticas, y que se respeten los derechos y los intereses de las personas destinatarias de la actuaci\u00f3n profesional. A este efecto, el Colegio debe ordenar en el \u00e1mbito de su competencia el ejercicio de la profesi\u00f3n veterinaria de acuerdo con el marco legal aplicable, velando por el cumplimiento de las obligaciones de las personas colegiadas, por la dignidad profesional y por el respeto de los derechos de los ciudadanos, y proponer a la Administraci\u00f3n la adopci\u00f3n de medidas en relaci\u00f3n con la ordenaci\u00f3n y la regulaci\u00f3n del acceso y el ejercicio de la profesi\u00f3n.<\/p>\n<p>b. Velar por los derechos y por el cumplimiento de las obligaciones de los colegiados y para que no se produzcan actos de intrusismo, de competencia desleal u otras actuaciones irregulares en relaci\u00f3n con la profesi\u00f3n veterinaria, adoptando, si procede, las medidas y acciones que establece el ordenamiento jur\u00eddico.<\/p>\n<p>c. Ejercer la potestad disciplinaria sobre los colegiados en los t\u00e9rminos establecidos legalmente.<\/p>\n<p>d. Visar los proyectos y los trabajos de las personas colegiadas con los t\u00e9rminos y los efectos que determine la normativa correspondiente.<\/p>\n<p>e. Participar en el procedimiento de obtenci\u00f3n de la acreditaci\u00f3n de aptitud para el ejercicio de la profesi\u00f3n veterinaria, en el caso de que la ley establezca dicho requisito.<\/p>\n<p>f. Participar en la elaboraci\u00f3n de los planes de estudio o de formaci\u00f3n continuada. Promover y facilitar la formaci\u00f3n continua de los colegiados que permita garantizar su competencia profesional. A este efecto, el Colegio puede colaborar previo acuerdo con las universidades y suscribir con este fin los acuerdos correspondientes. El Colegio organizar\u00e1 de forma permanente actividades formativas de actualizaci\u00f3n profesional de los colegiados y expedir\u00e1 certificaciones acreditativas de la participaci\u00f3n de los asistentes a dichas actividades, conjuntamente, si procede, con las universidades.<\/p>\n<p>g. Adoptar las medidas necesarias para facilitar el ejercicio profesional no permanente, en cumplimiento de lo que establecen la normativa de la Uni\u00f3n Europea y las leyes.<\/p>\n<p>h. Colaborar con la Administraci\u00f3n P\u00fablica mediante la participaci\u00f3n en \u00f3rganos administrativos cuando est\u00e9 previsto legalmente y emitir los informes que les sean requeridos por \u00f3rganos o autoridades administrativas y judiciales o por entidades privadas.<\/p>\n<p>i. Informar sobre los proyectos de disposiciones generales que afecten al ejercicio de la profesi\u00f3n veterinaria incluyendo las condiciones de ejercicio, as\u00ed como sus funciones, los t\u00edtulos acad\u00e9micos y profesionales, el r\u00e9gimen de incompatibilidades y la regulaci\u00f3n de las sociedades profesionales, o la instituci\u00f3n colegial.<\/p>\n<p>j. Procurar ensalzar el prestigio de la profesi\u00f3n. A este efecto, procurar\u00e1 de los particulares, de las corporaciones y de las entidades el m\u00e1ximo respeto y consideraci\u00f3n para los colegiados y las colegiadas que est\u00e9n relacionados o dependan de \u00e9l.<\/p>\n<p>k. Representar y defender los intereses profesionales, tanto ante la Administraci\u00f3n como en el terreno privado.<\/p>\n<p>l. Facilitar a las personas usuarias y consumidoras informaci\u00f3n en materia de honorarios profesionales, respetando siempre el r\u00e9gimen de libre competencia.<\/p>\n<p>m. Fomentar y prestar servicios en inter\u00e9s de las personas colegiadas y de la profesi\u00f3n en general.<\/p>\n<p>n. Poner a disposici\u00f3n de los profesionales toda la informaci\u00f3n necesaria para acceder a la profesi\u00f3n y para su ejercicio, facilit\u00e1ndoles la gesti\u00f3n de los tr\u00e1mites relacionados con la colegiaci\u00f3n y el ejercicio profesional.<\/p>\n<p>o. Intervenir, a trav\u00e9s de la mediaci\u00f3n o del arbitraje, en los conflictos profesionales que se puedan dar entre personas colegiadas o entre estas y terceras personas, siempre que lo soliciten de mutuo acuerdo las partes implicadas.<\/p>\n<p>p. Poner a disposici\u00f3n de las personas usuarias y consumidoras destinatarias de los servicios profesionales, y tambi\u00e9n de las personas colegiadas, la informaci\u00f3n sobre los Estatutos colegiales, los c\u00f3digos deontol\u00f3gicos y de buenas pr\u00e1cticas de la profesi\u00f3n, los datos profesionales de las personas colegiadas, las v\u00edas de reclamaci\u00f3n y quejas relativas a la actividad colegial o de las personas colegiadas, los recursos que se pueden interponer en caso de conflicto y las medidas necesarias para hacer efectivas las obligaciones mencionadas.<\/p>\n<p>q. Custodiar, a petici\u00f3n del profesional o la profesional y de acuerdo con los Estatutos, la documentaci\u00f3n propia de su actividad que se vean obligados a guardar conforme a la normativa vigente.<\/p>\n<p><strong>3.<\/strong> Ejercer otras <strong>funciones p\u00fablicas<\/strong> propias de la Administraci\u00f3n de la Generalitat y de las administraciones locales de Catalu\u00f1a por v\u00eda de delegaci\u00f3n en los t\u00e9rminos establecidos en el convenio correspondiente.<\/p>\n<p><strong>4.<\/strong> Las <strong>dem\u00e1s funciones<\/strong> impuestas por la legislaci\u00f3n, las que sean propias de su naturaleza y las finalidades del Colegio o las que beneficien a la profesi\u00f3n o a las personas colegiadas.<\/p>\n<\/div>\n","protected":false},"excerpt":{"rendered":"<p>Contenido actualizado a 16\/12\/2024 &nbsp; NORMATIVA COLEGIAL &nbsp; Ley 7\/2006, de 31 de mayo, del ejercicio de las profesiones tituladas y de los Colegios Profesionales Descargar documento RESOLUCI\u00d3N JUS\/3008\/2015, de 17 de diciembre, por la que se inscriben en el Registro de Colegios Profesionales de la Generalitat de Catalu\u00f1a los Estatutos del Colegio Oficial de [&hellip;]<\/p>\n","protected":false},"author":2282,"featured_media":0,"parent":87,"menu_order":0,"comment_status":"closed","ping_status":"closed","template":"","meta":{"_monsterinsights_skip_tracking":false,"_monsterinsights_sitenote_active":false,"_monsterinsights_sitenote_note":"","_monsterinsights_sitenote_category":0,"footnotes":""},"class_list":["post-93","page","type-page","status-publish","hentry"],"yoast_head":"<!-- This site is optimized with the Yoast SEO plugin v27.0 - https:\/\/yoast.com\/product\/yoast-seo-wordpress\/ -->\n<title>Normativa colegial - COVB - Col\u00b7legi Oficial de Veterinaris de Barcelona<\/title>\n<meta name=\"description\" content=\"Contenido actualizado a 16\/12\/2024 &nbsp; NORMATIVA COLEGIAL &nbsp; Ley 7\/2006, de 31 de mayo, del ejercicio de las profesiones tituladas y de los\" \/>\n<meta name=\"robots\" content=\"index, follow, max-snippet:-1, max-image-preview:large, max-video-preview:-1\" \/>\n<link rel=\"canonical\" href=\"https:\/\/www.covb.cat\/es\/colegio\/estatutos\/\" \/>\n<meta property=\"og:locale\" content=\"es_ES\" \/>\n<meta property=\"og:type\" content=\"article\" \/>\n<meta property=\"og:title\" content=\"Normativa colegial - COVB - Col\u00b7legi Oficial de Veterinaris de Barcelona\" \/>\n<meta property=\"og:description\" content=\"Contenido actualizado a 16\/12\/2024 &nbsp; NORMATIVA COLEGIAL &nbsp; Ley 7\/2006, de 31 de mayo, del ejercicio de las profesiones tituladas y de los\" \/>\n<meta property=\"og:url\" content=\"https:\/\/www.covb.cat\/es\/colegio\/estatutos\/\" \/>\n<meta property=\"og:site_name\" content=\"COVB\" \/>\n<meta property=\"article:publisher\" content=\"https:\/\/www.facebook.com\/COVBcat\/\" \/>\n<meta property=\"article:modified_time\" content=\"2024-12-17T14:32:25+00:00\" \/>\n<meta name=\"twitter:card\" content=\"summary_large_image\" \/>\n<meta name=\"twitter:site\" content=\"@COVBcat\" \/>\n<meta name=\"twitter:label1\" content=\"Tiempo de lectura\" \/>\n\t<meta name=\"twitter:data1\" content=\"7 minutos\" \/>\n<script type=\"application\/ld+json\" class=\"yoast-schema-graph\">{\"@context\":\"https:\/\/schema.org\",\"@graph\":[{\"@type\":\"WebPage\",\"@id\":\"https:\/\/www.covb.cat\/es\/colegio\/estatutos\/\",\"url\":\"https:\/\/www.covb.cat\/es\/colegio\/estatutos\/\",\"name\":\"Normativa colegial - COVB - Col\u00b7legi Oficial de Veterinaris de Barcelona\",\"isPartOf\":{\"@id\":\"https:\/\/www.covb.cat\/es\/#website\"},\"datePublished\":\"2018-07-17T15:23:58+00:00\",\"dateModified\":\"2024-12-17T14:32:25+00:00\",\"description\":\"Contenido actualizado a 16\/12\/2024 &nbsp; NORMATIVA COLEGIAL &nbsp; Ley 7\/2006, de 31 de mayo, del ejercicio de las profesiones tituladas y de los\",\"breadcrumb\":{\"@id\":\"https:\/\/www.covb.cat\/es\/colegio\/estatutos\/#breadcrumb\"},\"inLanguage\":\"es\",\"potentialAction\":[{\"@type\":\"ReadAction\",\"target\":[\"https:\/\/www.covb.cat\/es\/colegio\/estatutos\/\"]}]},{\"@type\":\"BreadcrumbList\",\"@id\":\"https:\/\/www.covb.cat\/es\/colegio\/estatutos\/#breadcrumb\",\"itemListElement\":[{\"@type\":\"ListItem\",\"position\":1,\"name\":\"Inici\",\"item\":\"https:\/\/www.covb.cat\/es\/\"},{\"@type\":\"ListItem\",\"position\":2,\"name\":\"Colegio\",\"item\":\"https:\/\/www.covb.cat\/es\/colegio\/\"},{\"@type\":\"ListItem\",\"position\":3,\"name\":\"Normativa colegial\"}]},{\"@type\":\"WebSite\",\"@id\":\"https:\/\/www.covb.cat\/es\/#website\",\"url\":\"https:\/\/www.covb.cat\/es\/\",\"name\":\"COVB\",\"description\":\"Col\u00b7legi Oficial de Veterinaris de Barcelona\",\"publisher\":{\"@id\":\"https:\/\/www.covb.cat\/es\/#organization\"},\"potentialAction\":[{\"@type\":\"SearchAction\",\"target\":{\"@type\":\"EntryPoint\",\"urlTemplate\":\"https:\/\/www.covb.cat\/es\/?s={search_term_string}\"},\"query-input\":{\"@type\":\"PropertyValueSpecification\",\"valueRequired\":true,\"valueName\":\"search_term_string\"}}],\"inLanguage\":\"es\"},{\"@type\":\"Organization\",\"@id\":\"https:\/\/www.covb.cat\/es\/#organization\",\"name\":\"COVB\",\"url\":\"https:\/\/www.covb.cat\/es\/\",\"logo\":{\"@type\":\"ImageObject\",\"inLanguage\":\"es\",\"@id\":\"https:\/\/www.covb.cat\/es\/#\/schema\/logo\/image\/\",\"url\":\"https:\/\/www.covb.cat\/wp-content\/uploads\/2018\/07\/favicon-covb.png\",\"contentUrl\":\"https:\/\/www.covb.cat\/wp-content\/uploads\/2018\/07\/favicon-covb.png\",\"width\":512,\"height\":512,\"caption\":\"COVB\"},\"image\":{\"@id\":\"https:\/\/www.covb.cat\/es\/#\/schema\/logo\/image\/\"},\"sameAs\":[\"https:\/\/www.facebook.com\/COVBcat\/\",\"https:\/\/x.com\/COVBcat\",\"https:\/\/www.youtube.com\/user\/covbcn\"]}]}<\/script>\n<!-- \/ Yoast SEO plugin. -->","yoast_head_json":{"title":"Normativa colegial - COVB - Col\u00b7legi Oficial de Veterinaris de Barcelona","description":"Contenido actualizado a 16\/12\/2024 &nbsp; NORMATIVA COLEGIAL &nbsp; Ley 7\/2006, de 31 de mayo, del ejercicio de las profesiones tituladas y de los","robots":{"index":"index","follow":"follow","max-snippet":"max-snippet:-1","max-image-preview":"max-image-preview:large","max-video-preview":"max-video-preview:-1"},"canonical":"https:\/\/www.covb.cat\/es\/colegio\/estatutos\/","og_locale":"es_ES","og_type":"article","og_title":"Normativa colegial - COVB - Col\u00b7legi Oficial de Veterinaris de Barcelona","og_description":"Contenido actualizado a 16\/12\/2024 &nbsp; NORMATIVA COLEGIAL &nbsp; Ley 7\/2006, de 31 de mayo, del ejercicio de las profesiones tituladas y de los","og_url":"https:\/\/www.covb.cat\/es\/colegio\/estatutos\/","og_site_name":"COVB","article_publisher":"https:\/\/www.facebook.com\/COVBcat\/","article_modified_time":"2024-12-17T14:32:25+00:00","twitter_card":"summary_large_image","twitter_site":"@COVBcat","twitter_misc":{"Tiempo de lectura":"7 minutos"},"schema":{"@context":"https:\/\/schema.org","@graph":[{"@type":"WebPage","@id":"https:\/\/www.covb.cat\/es\/colegio\/estatutos\/","url":"https:\/\/www.covb.cat\/es\/colegio\/estatutos\/","name":"Normativa colegial - COVB - Col\u00b7legi Oficial de Veterinaris de Barcelona","isPartOf":{"@id":"https:\/\/www.covb.cat\/es\/#website"},"datePublished":"2018-07-17T15:23:58+00:00","dateModified":"2024-12-17T14:32:25+00:00","description":"Contenido actualizado a 16\/12\/2024 &nbsp; NORMATIVA COLEGIAL &nbsp; Ley 7\/2006, de 31 de mayo, del ejercicio de las profesiones tituladas y de los","breadcrumb":{"@id":"https:\/\/www.covb.cat\/es\/colegio\/estatutos\/#breadcrumb"},"inLanguage":"es","potentialAction":[{"@type":"ReadAction","target":["https:\/\/www.covb.cat\/es\/colegio\/estatutos\/"]}]},{"@type":"BreadcrumbList","@id":"https:\/\/www.covb.cat\/es\/colegio\/estatutos\/#breadcrumb","itemListElement":[{"@type":"ListItem","position":1,"name":"Inici","item":"https:\/\/www.covb.cat\/es\/"},{"@type":"ListItem","position":2,"name":"Colegio","item":"https:\/\/www.covb.cat\/es\/colegio\/"},{"@type":"ListItem","position":3,"name":"Normativa colegial"}]},{"@type":"WebSite","@id":"https:\/\/www.covb.cat\/es\/#website","url":"https:\/\/www.covb.cat\/es\/","name":"COVB","description":"Col\u00b7legi Oficial de Veterinaris de Barcelona","publisher":{"@id":"https:\/\/www.covb.cat\/es\/#organization"},"potentialAction":[{"@type":"SearchAction","target":{"@type":"EntryPoint","urlTemplate":"https:\/\/www.covb.cat\/es\/?s={search_term_string}"},"query-input":{"@type":"PropertyValueSpecification","valueRequired":true,"valueName":"search_term_string"}}],"inLanguage":"es"},{"@type":"Organization","@id":"https:\/\/www.covb.cat\/es\/#organization","name":"COVB","url":"https:\/\/www.covb.cat\/es\/","logo":{"@type":"ImageObject","inLanguage":"es","@id":"https:\/\/www.covb.cat\/es\/#\/schema\/logo\/image\/","url":"https:\/\/www.covb.cat\/wp-content\/uploads\/2018\/07\/favicon-covb.png","contentUrl":"https:\/\/www.covb.cat\/wp-content\/uploads\/2018\/07\/favicon-covb.png","width":512,"height":512,"caption":"COVB"},"image":{"@id":"https:\/\/www.covb.cat\/es\/#\/schema\/logo\/image\/"},"sameAs":["https:\/\/www.facebook.com\/COVBcat\/","https:\/\/x.com\/COVBcat","https:\/\/www.youtube.com\/user\/covbcn"]}]}},"jetpack_sharing_enabled":true,"_links":{"self":[{"href":"https:\/\/www.covb.cat\/es\/wp-json\/wp\/v2\/pages\/93","targetHints":{"allow":["GET"]}}],"collection":[{"href":"https:\/\/www.covb.cat\/es\/wp-json\/wp\/v2\/pages"}],"about":[{"href":"https:\/\/www.covb.cat\/es\/wp-json\/wp\/v2\/types\/page"}],"author":[{"embeddable":true,"href":"https:\/\/www.covb.cat\/es\/wp-json\/wp\/v2\/users\/2282"}],"replies":[{"embeddable":true,"href":"https:\/\/www.covb.cat\/es\/wp-json\/wp\/v2\/comments?post=93"}],"version-history":[{"count":7,"href":"https:\/\/www.covb.cat\/es\/wp-json\/wp\/v2\/pages\/93\/revisions"}],"predecessor-version":[{"id":51702,"href":"https:\/\/www.covb.cat\/es\/wp-json\/wp\/v2\/pages\/93\/revisions\/51702"}],"up":[{"embeddable":true,"href":"https:\/\/www.covb.cat\/es\/wp-json\/wp\/v2\/pages\/87"}],"wp:attachment":[{"href":"https:\/\/www.covb.cat\/es\/wp-json\/wp\/v2\/media?parent=93"}],"curies":[{"name":"wp","href":"https:\/\/api.w.org\/{rel}","templated":true}]}}