{"id":83,"date":"2018-07-17T17:21:12","date_gmt":"2018-07-17T15:21:12","guid":{"rendered":"https:\/\/www.covb.cat\/?page_id=83"},"modified":"2021-10-08T12:06:50","modified_gmt":"2021-10-08T10:06:50","slug":"publica-tu-oferta-de-trabajo","status":"publish","type":"page","link":"https:\/\/www.covb.cat\/es\/bolsa-de-trabajo\/publica-tu-oferta-de-trabajo\/","title":{"rendered":"Publica tu oferta de trabajo"},"content":{"rendered":"<p style=\"text-align: center;\"><strong> TABL\u00d3N DE OFERTAS LABORALES DEL<\/strong><strong>\u00a0COVB<\/strong><\/p>\n<p>Dentro de los servicios que ofrece el COVB, se incluye el Tabl\u00f3n de ofertas laborales, donde los profesionales que lo deseen podr\u00e1n inscribirse y acceder a las ofertas del sector. Asimismo, los centros veterinarios, profesionales y empresas del sector, que est\u00e9n interesados, tambi\u00e9n podr\u00e1n dar a conocer los puestos de trabajo que necesiten cubrir<\/p>\n<p>Para publicar tus ofertas tienes que rellenar y enviar el formulario que aparece a continuaci\u00f3n. Recuerda cumplimentar todos el campos obligatorios.<\/p>\n<p>Una vez enviado el formulario, se proceder\u00e1 a su revisi\u00f3n y se te facilitar\u00e1 un n\u00famero de oferta, mediante el correo electr\u00f3nico que hayas indicado. Con este n\u00famero de oferta podr\u00e1s hacer el seguimiento de tu propuesta de ocupaci\u00f3n, de los posibles candidatos y candidatas que se apunten a la misma.<\/p>\n<p>Transcurrido un mes, la oferta desaparecer\u00e1 de forma autom\u00e1tica de la lista de ofertas. En el supuesto de que todav\u00eda no hayas encontrado el candidato adecuado, tendr\u00e1s que volver a rellenar el formulario.<\/p>\n<p>Para cualquier duda o sugerencia te puedes poner en contacto al correo electr\u00f3nico apropem@covb.cat o por tel\u00e9fono 93.211.24.66. Ext. 2<\/p>\n","protected":false},"excerpt":{"rendered":"<p>TABL\u00d3N DE OFERTAS LABORALES DEL\u00a0COVB Dentro de los servicios que ofrece el COVB, se incluye el Tabl\u00f3n de ofertas laborales, donde los profesionales que lo deseen podr\u00e1n inscribirse y acceder a las ofertas del sector. Asimismo, los centros veterinarios, profesionales y empresas del sector, que est\u00e9n interesados, tambi\u00e9n podr\u00e1n dar a conocer los puestos de [&hellip;]<\/p>\n","protected":false},"author":1,"featured_media":0,"parent":79,"menu_order":0,"comment_status":"closed","ping_status":"closed","template":"page-template-insereix-oferta.php","meta":{"_monsterinsights_skip_tracking":false,"_monsterinsights_sitenote_active":false,"_monsterinsights_sitenote_note":"","_monsterinsights_sitenote_category":0,"footnotes":""},"class_list":["post-83","page","type-page","status-publish","hentry"],"yoast_head":"<!-- This site is optimized with the Yoast SEO plugin v27.0 - https:\/\/yoast.com\/product\/yoast-seo-wordpress\/ -->\n<title>Publica tu oferta de trabajo - COVB - Col\u00b7legi Oficial de Veterinaris de Barcelona<\/title>\n<meta name=\"description\" content=\"TABL\u00d3N DE OFERTAS LABORALES DEL\u00a0COVB Dentro de los servicios que ofrece el COVB, se incluye el Tabl\u00f3n de ofertas laborales, donde los profesionales que lo\" \/>\n<meta name=\"robots\" content=\"index, follow, max-snippet:-1, max-image-preview:large, max-video-preview:-1\" \/>\n<link rel=\"canonical\" href=\"https:\/\/www.covb.cat\/es\/bolsa-de-trabajo\/publica-tu-oferta-de-trabajo\/\" \/>\n<meta property=\"og:locale\" content=\"es_ES\" \/>\n<meta property=\"og:type\" content=\"article\" \/>\n<meta property=\"og:title\" content=\"Publica tu oferta de trabajo - COVB - Col\u00b7legi Oficial de Veterinaris de Barcelona\" \/>\n<meta property=\"og:description\" content=\"TABL\u00d3N DE OFERTAS LABORALES DEL\u00a0COVB Dentro de los servicios que ofrece el COVB, se incluye el Tabl\u00f3n de ofertas laborales, donde los profesionales que lo\" \/>\n<meta property=\"og:url\" content=\"https:\/\/www.covb.cat\/es\/bolsa-de-trabajo\/publica-tu-oferta-de-trabajo\/\" \/>\n<meta property=\"og:site_name\" content=\"COVB\" \/>\n<meta property=\"article:publisher\" content=\"https:\/\/www.facebook.com\/COVBcat\/\" \/>\n<meta property=\"article:modified_time\" content=\"2021-10-08T10:06:50+00:00\" \/>\n<meta name=\"twitter:card\" content=\"summary_large_image\" \/>\n<meta name=\"twitter:site\" content=\"@COVBcat\" \/>\n<meta name=\"twitter:label1\" content=\"Tiempo de lectura\" \/>\n\t<meta name=\"twitter:data1\" content=\"1 minuto\" \/>\n<script type=\"application\/ld+json\" class=\"yoast-schema-graph\">{\"@context\":\"https:\/\/schema.org\",\"@graph\":[{\"@type\":\"WebPage\",\"@id\":\"https:\/\/www.covb.cat\/es\/bolsa-de-trabajo\/publica-tu-oferta-de-trabajo\/\",\"url\":\"https:\/\/www.covb.cat\/es\/bolsa-de-trabajo\/publica-tu-oferta-de-trabajo\/\",\"name\":\"Publica tu oferta de trabajo - COVB - Col\u00b7legi Oficial de Veterinaris de Barcelona\",\"isPartOf\":{\"@id\":\"https:\/\/www.covb.cat\/es\/#website\"},\"datePublished\":\"2018-07-17T15:21:12+00:00\",\"dateModified\":\"2021-10-08T10:06:50+00:00\",\"description\":\"TABL\u00d3N DE OFERTAS LABORALES DEL\u00a0COVB Dentro de los servicios que ofrece el COVB, se incluye el Tabl\u00f3n de ofertas laborales, donde los profesionales que lo\",\"breadcrumb\":{\"@id\":\"https:\/\/www.covb.cat\/es\/bolsa-de-trabajo\/publica-tu-oferta-de-trabajo\/#breadcrumb\"},\"inLanguage\":\"es\",\"potentialAction\":[{\"@type\":\"ReadAction\",\"target\":[\"https:\/\/www.covb.cat\/es\/bolsa-de-trabajo\/publica-tu-oferta-de-trabajo\/\"]}]},{\"@type\":\"BreadcrumbList\",\"@id\":\"https:\/\/www.covb.cat\/es\/bolsa-de-trabajo\/publica-tu-oferta-de-trabajo\/#breadcrumb\",\"itemListElement\":[{\"@type\":\"ListItem\",\"position\":1,\"name\":\"Inici\",\"item\":\"https:\/\/www.covb.cat\/es\/\"},{\"@type\":\"ListItem\",\"position\":2,\"name\":\"Tabl\u00f3n de ofertas laborales\",\"item\":\"https:\/\/www.covb.cat\/es\/bolsa-de-trabajo\/\"},{\"@type\":\"ListItem\",\"position\":3,\"name\":\"Publica tu oferta de trabajo\"}]},{\"@type\":\"WebSite\",\"@id\":\"https:\/\/www.covb.cat\/es\/#website\",\"url\":\"https:\/\/www.covb.cat\/es\/\",\"name\":\"COVB\",\"description\":\"Col\u00b7legi Oficial de Veterinaris de Barcelona\",\"publisher\":{\"@id\":\"https:\/\/www.covb.cat\/es\/#organization\"},\"potentialAction\":[{\"@type\":\"SearchAction\",\"target\":{\"@type\":\"EntryPoint\",\"urlTemplate\":\"https:\/\/www.covb.cat\/es\/?s={search_term_string}\"},\"query-input\":{\"@type\":\"PropertyValueSpecification\",\"valueRequired\":true,\"valueName\":\"search_term_string\"}}],\"inLanguage\":\"es\"},{\"@type\":\"Organization\",\"@id\":\"https:\/\/www.covb.cat\/es\/#organization\",\"name\":\"COVB\",\"url\":\"https:\/\/www.covb.cat\/es\/\",\"logo\":{\"@type\":\"ImageObject\",\"inLanguage\":\"es\",\"@id\":\"https:\/\/www.covb.cat\/es\/#\/schema\/logo\/image\/\",\"url\":\"https:\/\/www.covb.cat\/wp-content\/uploads\/2018\/07\/favicon-covb.png\",\"contentUrl\":\"https:\/\/www.covb.cat\/wp-content\/uploads\/2018\/07\/favicon-covb.png\",\"width\":512,\"height\":512,\"caption\":\"COVB\"},\"image\":{\"@id\":\"https:\/\/www.covb.cat\/es\/#\/schema\/logo\/image\/\"},\"sameAs\":[\"https:\/\/www.facebook.com\/COVBcat\/\",\"https:\/\/x.com\/COVBcat\",\"https:\/\/www.youtube.com\/user\/covbcn\"]}]}<\/script>\n<!-- \/ Yoast SEO plugin. -->","yoast_head_json":{"title":"Publica tu oferta de trabajo - COVB - Col\u00b7legi Oficial de Veterinaris de Barcelona","description":"TABL\u00d3N DE OFERTAS LABORALES DEL\u00a0COVB Dentro de los servicios que ofrece el COVB, se incluye el Tabl\u00f3n de ofertas laborales, donde los profesionales que lo","robots":{"index":"index","follow":"follow","max-snippet":"max-snippet:-1","max-image-preview":"max-image-preview:large","max-video-preview":"max-video-preview:-1"},"canonical":"https:\/\/www.covb.cat\/es\/bolsa-de-trabajo\/publica-tu-oferta-de-trabajo\/","og_locale":"es_ES","og_type":"article","og_title":"Publica tu oferta de trabajo - COVB - Col\u00b7legi Oficial de Veterinaris de Barcelona","og_description":"TABL\u00d3N DE OFERTAS LABORALES DEL\u00a0COVB Dentro de los servicios que ofrece el COVB, se incluye el Tabl\u00f3n de ofertas laborales, donde los profesionales que lo","og_url":"https:\/\/www.covb.cat\/es\/bolsa-de-trabajo\/publica-tu-oferta-de-trabajo\/","og_site_name":"COVB","article_publisher":"https:\/\/www.facebook.com\/COVBcat\/","article_modified_time":"2021-10-08T10:06:50+00:00","twitter_card":"summary_large_image","twitter_site":"@COVBcat","twitter_misc":{"Tiempo de lectura":"1 minuto"},"schema":{"@context":"https:\/\/schema.org","@graph":[{"@type":"WebPage","@id":"https:\/\/www.covb.cat\/es\/bolsa-de-trabajo\/publica-tu-oferta-de-trabajo\/","url":"https:\/\/www.covb.cat\/es\/bolsa-de-trabajo\/publica-tu-oferta-de-trabajo\/","name":"Publica tu oferta de trabajo - COVB - Col\u00b7legi Oficial de Veterinaris de Barcelona","isPartOf":{"@id":"https:\/\/www.covb.cat\/es\/#website"},"datePublished":"2018-07-17T15:21:12+00:00","dateModified":"2021-10-08T10:06:50+00:00","description":"TABL\u00d3N DE OFERTAS LABORALES DEL\u00a0COVB Dentro de los servicios que ofrece el COVB, se incluye el Tabl\u00f3n de ofertas laborales, donde los profesionales que lo","breadcrumb":{"@id":"https:\/\/www.covb.cat\/es\/bolsa-de-trabajo\/publica-tu-oferta-de-trabajo\/#breadcrumb"},"inLanguage":"es","potentialAction":[{"@type":"ReadAction","target":["https:\/\/www.covb.cat\/es\/bolsa-de-trabajo\/publica-tu-oferta-de-trabajo\/"]}]},{"@type":"BreadcrumbList","@id":"https:\/\/www.covb.cat\/es\/bolsa-de-trabajo\/publica-tu-oferta-de-trabajo\/#breadcrumb","itemListElement":[{"@type":"ListItem","position":1,"name":"Inici","item":"https:\/\/www.covb.cat\/es\/"},{"@type":"ListItem","position":2,"name":"Tabl\u00f3n de ofertas laborales","item":"https:\/\/www.covb.cat\/es\/bolsa-de-trabajo\/"},{"@type":"ListItem","position":3,"name":"Publica tu oferta de trabajo"}]},{"@type":"WebSite","@id":"https:\/\/www.covb.cat\/es\/#website","url":"https:\/\/www.covb.cat\/es\/","name":"COVB","description":"Col\u00b7legi Oficial de Veterinaris de Barcelona","publisher":{"@id":"https:\/\/www.covb.cat\/es\/#organization"},"potentialAction":[{"@type":"SearchAction","target":{"@type":"EntryPoint","urlTemplate":"https:\/\/www.covb.cat\/es\/?s={search_term_string}"},"query-input":{"@type":"PropertyValueSpecification","valueRequired":true,"valueName":"search_term_string"}}],"inLanguage":"es"},{"@type":"Organization","@id":"https:\/\/www.covb.cat\/es\/#organization","name":"COVB","url":"https:\/\/www.covb.cat\/es\/","logo":{"@type":"ImageObject","inLanguage":"es","@id":"https:\/\/www.covb.cat\/es\/#\/schema\/logo\/image\/","url":"https:\/\/www.covb.cat\/wp-content\/uploads\/2018\/07\/favicon-covb.png","contentUrl":"https:\/\/www.covb.cat\/wp-content\/uploads\/2018\/07\/favicon-covb.png","width":512,"height":512,"caption":"COVB"},"image":{"@id":"https:\/\/www.covb.cat\/es\/#\/schema\/logo\/image\/"},"sameAs":["https:\/\/www.facebook.com\/COVBcat\/","https:\/\/x.com\/COVBcat","https:\/\/www.youtube.com\/user\/covbcn"]}]}},"jetpack_sharing_enabled":true,"_links":{"self":[{"href":"https:\/\/www.covb.cat\/es\/wp-json\/wp\/v2\/pages\/83","targetHints":{"allow":["GET"]}}],"collection":[{"href":"https:\/\/www.covb.cat\/es\/wp-json\/wp\/v2\/pages"}],"about":[{"href":"https:\/\/www.covb.cat\/es\/wp-json\/wp\/v2\/types\/page"}],"author":[{"embeddable":true,"href":"https:\/\/www.covb.cat\/es\/wp-json\/wp\/v2\/users\/1"}],"replies":[{"embeddable":true,"href":"https:\/\/www.covb.cat\/es\/wp-json\/wp\/v2\/comments?post=83"}],"version-history":[{"count":0,"href":"https:\/\/www.covb.cat\/es\/wp-json\/wp\/v2\/pages\/83\/revisions"}],"up":[{"embeddable":true,"href":"https:\/\/www.covb.cat\/es\/wp-json\/wp\/v2\/pages\/79"}],"wp:attachment":[{"href":"https:\/\/www.covb.cat\/es\/wp-json\/wp\/v2\/media?parent=83"}],"curies":[{"name":"wp","href":"https:\/\/api.w.org\/{rel}","templated":true}]}}