{"id":79,"date":"2018-07-17T17:20:25","date_gmt":"2018-07-17T15:20:25","guid":{"rendered":"https:\/\/www.covb.cat\/?page_id=79"},"modified":"2025-10-29T13:27:58","modified_gmt":"2025-10-29T12:27:58","slug":"bolsa-de-trabajo","status":"publish","type":"page","link":"https:\/\/www.covb.cat\/es\/bolsa-de-trabajo\/","title":{"rendered":"Tabl\u00f3n de ofertas laborales"},"content":{"rendered":"<p>Uno de los servicios que ofrece el Colegio Oficial de Veterinarios de Barcelona (COVB) es el Tabl\u00f3n de ofertas laborales, donde los profesionales que lo deseen pueden inscribirse y acceder a las ofertas del sector. Al mismo tiempo, los centros veterinarios y las empresas pueden publicar puestos de trabajo que necesitan cubrir.<\/p>\n<p><strong>Enlaces de inter\u00e9s:<\/strong><\/p>\n<ul style=\"font-weight: 400;\">\n<li><strong>Oferta p\u00fablica de ocupaci\u00f3n del Ajuntament de Barcelona.<\/strong> <strong><a href=\"https:\/\/seuelectronica.ajuntament.barcelona.cat\/ca\/oferta-publica-docupacio\" data-saferedirecturl=\"https:\/\/www.google.com\/url?q=https:\/\/seuelectronica.ajuntament.barcelona.cat\/ca\/oferta-publica-docupacio&amp;source=gmail&amp;ust=1654953049699000&amp;usg=AOvVaw3oLK-0_nsm1YlK9sxQl9iU\">Haz clic aqu\u00ed.<\/a><\/strong><\/li>\n<li><strong>Relaci\u00f3n de ofertas de trabajo de car\u00e1cter temporal que difunden los departamentos de la Generalitat de Catalunya,<\/strong> con la descripci\u00f3n de las caracter\u00edsticas de los puestos de trabajo y de sus requisitos de ocupaci\u00f3n. <strong><a href=\"https:\/\/administraciopublica.gencat.cat\/ca\/treballar-a-la-generalitat\/ofertes-de-treball-temporal\/index.html#googtrans(ca|es)\" data-saferedirecturl=\"https:\/\/www.google.com\/url?q=https:\/\/administraciopublica.gencat.cat\/ca\/funcio-publica\/ofertes-de-treball-temporal\/&amp;source=gmail&amp;ust=1654953049699000&amp;usg=AOvVaw0i_tN6i-4rpegTxehR0xxI\">Haz clic aqu\u00ed<\/a><\/strong><\/li>\n<li><strong>Relaci\u00f3n de los procesos de selecci\u00f3n en curso (oposiciones)<\/strong> que gestiona la Direcci\u00f3 General de Funci\u00f3 P\u00fablica de la Generalitat de Catalunya. Buscador <strong><a href=\"https:\/\/administraciopublica.gencat.cat\/ca\/treballar-a-la-generalitat\/\" data-saferedirecturl=\"https:\/\/www.google.com\/url?q=https:\/\/administraciopublica.gencat.cat\/ca\/funcio-publica\/oposicions\/&amp;source=gmail&amp;ust=1654953049699000&amp;usg=AOvVaw1Xt9fX0gW9YMfcdNTklmTi\">haz clic aqu\u00ed.<\/a><\/strong> La informaci\u00f3n sobre las oposiciones de los colectivos espec\u00edficos se publica en las webs de los \u00f3rganos convocantes corresponents.<\/li>\n<li><strong>Buscador de Informaci\u00f3n y Documentaci\u00f3n Oficial (CIDO) de la Diputaci\u00f3 de Barcelona. <\/strong>Para ver las ofertas del sector veterinario <a href=\"https:\/\/bit.ly\/Ofertes_treball_sector_public_Veterinaria\" data-saferedirecturl=\"https:\/\/www.google.com\/url?q=http:\/\/cido.diba.cat\/oposicions&amp;source=gmail&amp;ust=1654953049699000&amp;usg=AOvVaw1ZBfW1z5LVEKlaa47SsIKn\"><strong>haz clic aqu\u00ed<\/strong><\/a> .<\/li>\n<li><strong>Buscador de convocatorias de trabajo p\u00fablico estatal <\/strong><a href=\"https:\/\/administracion.gob.es\/pagFront\/empleoBecas\/empleo\/buscadorEmpleo.htm#.XlOWLygzaUk\" data-saferedirecturl=\"https:\/\/www.google.com\/url?q=https:\/\/administracion.gob.es\/pagFront\/empleoBecas\/empleo\/buscadorEmpleo.htm%23.XlOWLygzaUk&amp;source=gmail&amp;ust=1654953049699000&amp;usg=AOvVaw38a510uDcsxrMG0IQJ6iFp\"><strong>Haz clic aqu\u00ed<\/strong><\/a><\/li>\n<li><strong>Ofertas publicadas en la Organizaci\u00f3n Colegial Veterinaria Espa\u00f1ola<\/strong>\u00a0<a href=\"https:\/\/www.colvet.es\/index.php?idioma=es&amp;menu=62&amp;pagina=1&amp;opcion=0&amp;buscartipo=0\" target=\"_blank\" rel=\"noopener\" data-saferedirecturl=\"https:\/\/www.google.com\/url?q=http:\/\/www.colvet.es\/empleo\/ofertas&amp;source=gmail&amp;ust=1654953049699000&amp;usg=AOvVaw3usqYzkyZhiMPYnZkluLvp\"><strong>Haz clic aqu\u00ed<\/strong><\/a><\/li>\n<li><strong>Bolsa de trabajo de la <\/strong><strong>Asociaci\u00f3n de Veterinarios Espa\u00f1oles Especialistas en Peque\u00f1os Animales (AVEPA). <\/strong><strong><a href=\"https:\/\/www.avepa.org\/index.php\/375\" data-saferedirecturl=\"https:\/\/www.google.com\/url?q=https:\/\/www.avepa.org\/index.php?option%3Dcom_jumi%26fileid%3D8&amp;source=gmail&amp;ust=1654953049699000&amp;usg=AOvVaw0lQUSDJ-d3nst1g5grflrI\">Haz clic aqu\u00ed<\/a><\/strong><\/li>\n<li><strong>Portal de ofertas veterinarias. Empleo Veterinario.com<\/strong>. <strong><a href=\"https:\/\/empleoveterinario.com\/\" data-saferedirecturl=\"https:\/\/www.google.com\/url?q=https:\/\/empleoveterinario.com\/&amp;source=gmail&amp;ust=1654953049699000&amp;usg=AOvVaw28Pb2mxMGOkdMrN8Kk63Y1\">Haz clic aqu\u00ed<\/a><\/strong><\/li>\n<li><strong>Portal Locuss<\/strong> es una plataforma que busca conectar veterinarios aut\u00f3nomos (locums) y centros veterinarios. <a href=\"https:\/\/locuss.vet\/\"><strong>Fes clic aqu\u00ed<\/strong><\/a><\/li>\n<\/ul>\n","protected":false},"excerpt":{"rendered":"<p>Uno de los servicios que ofrece el Colegio Oficial de Veterinarios de Barcelona (COVB) es el Tabl\u00f3n de ofertas laborales, donde los profesionales que lo deseen pueden inscribirse y acceder a las ofertas del sector. Al mismo tiempo, los centros veterinarios y las empresas pueden publicar puestos de trabajo que necesitan cubrir. Enlaces de inter\u00e9s: [&hellip;]<\/p>\n","protected":false},"author":2282,"featured_media":0,"parent":0,"menu_order":0,"comment_status":"closed","ping_status":"closed","template":"page-template-borsa-de-treball.php","meta":{"_monsterinsights_skip_tracking":false,"_monsterinsights_sitenote_active":false,"_monsterinsights_sitenote_note":"","_monsterinsights_sitenote_category":0,"footnotes":""},"class_list":["post-79","page","type-page","status-publish","hentry"],"yoast_head":"<!-- This site is optimized with the Yoast SEO plugin v27.0 - https:\/\/yoast.com\/product\/yoast-seo-wordpress\/ -->\n<title>Tabl\u00f3n de ofertas laborales - COVB - Col\u00b7legi Oficial de Veterinaris de Barcelona<\/title>\n<meta name=\"description\" content=\"Uno de los servicios que ofrece el Colegio Oficial de Veterinarios de Barcelona (COVB) es el Tabl\u00f3n de ofertas laborales, donde los profesionales que lo\" \/>\n<meta name=\"robots\" content=\"index, follow, max-snippet:-1, max-image-preview:large, max-video-preview:-1\" \/>\n<link rel=\"canonical\" href=\"https:\/\/www.covb.cat\/es\/bolsa-de-trabajo\/\" \/>\n<meta property=\"og:locale\" content=\"es_ES\" \/>\n<meta property=\"og:type\" content=\"article\" \/>\n<meta property=\"og:title\" content=\"Tabl\u00f3n de ofertas laborales - COVB - Col\u00b7legi Oficial de Veterinaris de Barcelona\" \/>\n<meta property=\"og:description\" content=\"Uno de los servicios que ofrece el Colegio Oficial de Veterinarios de Barcelona (COVB) es el Tabl\u00f3n de ofertas laborales, donde los profesionales que lo\" \/>\n<meta property=\"og:url\" content=\"https:\/\/www.covb.cat\/es\/bolsa-de-trabajo\/\" \/>\n<meta property=\"og:site_name\" content=\"COVB\" \/>\n<meta property=\"article:publisher\" content=\"https:\/\/www.facebook.com\/COVBcat\/\" \/>\n<meta property=\"article:modified_time\" content=\"2025-10-29T12:27:58+00:00\" \/>\n<meta name=\"twitter:card\" content=\"summary_large_image\" \/>\n<meta name=\"twitter:site\" content=\"@COVBcat\" \/>\n<meta name=\"twitter:label1\" content=\"Tiempo de lectura\" \/>\n\t<meta name=\"twitter:data1\" content=\"2 minutos\" \/>\n<script type=\"application\/ld+json\" class=\"yoast-schema-graph\">{\"@context\":\"https:\/\/schema.org\",\"@graph\":[{\"@type\":\"WebPage\",\"@id\":\"https:\/\/www.covb.cat\/es\/bolsa-de-trabajo\/\",\"url\":\"https:\/\/www.covb.cat\/es\/bolsa-de-trabajo\/\",\"name\":\"Tabl\u00f3n de ofertas laborales - COVB - Col\u00b7legi Oficial de Veterinaris de Barcelona\",\"isPartOf\":{\"@id\":\"https:\/\/www.covb.cat\/es\/#website\"},\"datePublished\":\"2018-07-17T15:20:25+00:00\",\"dateModified\":\"2025-10-29T12:27:58+00:00\",\"description\":\"Uno de los servicios que ofrece el Colegio Oficial de Veterinarios de Barcelona (COVB) es el Tabl\u00f3n de ofertas laborales, donde los profesionales que lo\",\"breadcrumb\":{\"@id\":\"https:\/\/www.covb.cat\/es\/bolsa-de-trabajo\/#breadcrumb\"},\"inLanguage\":\"es\",\"potentialAction\":[{\"@type\":\"ReadAction\",\"target\":[\"https:\/\/www.covb.cat\/es\/bolsa-de-trabajo\/\"]}]},{\"@type\":\"BreadcrumbList\",\"@id\":\"https:\/\/www.covb.cat\/es\/bolsa-de-trabajo\/#breadcrumb\",\"itemListElement\":[{\"@type\":\"ListItem\",\"position\":1,\"name\":\"Inici\",\"item\":\"https:\/\/www.covb.cat\/es\/\"},{\"@type\":\"ListItem\",\"position\":2,\"name\":\"Tabl\u00f3n de ofertas laborales\"}]},{\"@type\":\"WebSite\",\"@id\":\"https:\/\/www.covb.cat\/es\/#website\",\"url\":\"https:\/\/www.covb.cat\/es\/\",\"name\":\"COVB\",\"description\":\"Col\u00b7legi Oficial de Veterinaris de Barcelona\",\"publisher\":{\"@id\":\"https:\/\/www.covb.cat\/es\/#organization\"},\"potentialAction\":[{\"@type\":\"SearchAction\",\"target\":{\"@type\":\"EntryPoint\",\"urlTemplate\":\"https:\/\/www.covb.cat\/es\/?s={search_term_string}\"},\"query-input\":{\"@type\":\"PropertyValueSpecification\",\"valueRequired\":true,\"valueName\":\"search_term_string\"}}],\"inLanguage\":\"es\"},{\"@type\":\"Organization\",\"@id\":\"https:\/\/www.covb.cat\/es\/#organization\",\"name\":\"COVB\",\"url\":\"https:\/\/www.covb.cat\/es\/\",\"logo\":{\"@type\":\"ImageObject\",\"inLanguage\":\"es\",\"@id\":\"https:\/\/www.covb.cat\/es\/#\/schema\/logo\/image\/\",\"url\":\"https:\/\/www.covb.cat\/wp-content\/uploads\/2018\/07\/favicon-covb.png\",\"contentUrl\":\"https:\/\/www.covb.cat\/wp-content\/uploads\/2018\/07\/favicon-covb.png\",\"width\":512,\"height\":512,\"caption\":\"COVB\"},\"image\":{\"@id\":\"https:\/\/www.covb.cat\/es\/#\/schema\/logo\/image\/\"},\"sameAs\":[\"https:\/\/www.facebook.com\/COVBcat\/\",\"https:\/\/x.com\/COVBcat\",\"https:\/\/www.youtube.com\/user\/covbcn\"]}]}<\/script>\n<!-- \/ Yoast SEO plugin. -->","yoast_head_json":{"title":"Tabl\u00f3n de ofertas laborales - COVB - Col\u00b7legi Oficial de Veterinaris de Barcelona","description":"Uno de los servicios que ofrece el Colegio Oficial de Veterinarios de Barcelona (COVB) es el Tabl\u00f3n de ofertas laborales, donde los profesionales que lo","robots":{"index":"index","follow":"follow","max-snippet":"max-snippet:-1","max-image-preview":"max-image-preview:large","max-video-preview":"max-video-preview:-1"},"canonical":"https:\/\/www.covb.cat\/es\/bolsa-de-trabajo\/","og_locale":"es_ES","og_type":"article","og_title":"Tabl\u00f3n de ofertas laborales - COVB - Col\u00b7legi Oficial de Veterinaris de Barcelona","og_description":"Uno de los servicios que ofrece el Colegio Oficial de Veterinarios de Barcelona (COVB) es el Tabl\u00f3n de ofertas laborales, donde los profesionales que lo","og_url":"https:\/\/www.covb.cat\/es\/bolsa-de-trabajo\/","og_site_name":"COVB","article_publisher":"https:\/\/www.facebook.com\/COVBcat\/","article_modified_time":"2025-10-29T12:27:58+00:00","twitter_card":"summary_large_image","twitter_site":"@COVBcat","twitter_misc":{"Tiempo de lectura":"2 minutos"},"schema":{"@context":"https:\/\/schema.org","@graph":[{"@type":"WebPage","@id":"https:\/\/www.covb.cat\/es\/bolsa-de-trabajo\/","url":"https:\/\/www.covb.cat\/es\/bolsa-de-trabajo\/","name":"Tabl\u00f3n de ofertas laborales - COVB - Col\u00b7legi Oficial de Veterinaris de Barcelona","isPartOf":{"@id":"https:\/\/www.covb.cat\/es\/#website"},"datePublished":"2018-07-17T15:20:25+00:00","dateModified":"2025-10-29T12:27:58+00:00","description":"Uno de los servicios que ofrece el Colegio Oficial de Veterinarios de Barcelona (COVB) es el Tabl\u00f3n de ofertas laborales, donde los profesionales que lo","breadcrumb":{"@id":"https:\/\/www.covb.cat\/es\/bolsa-de-trabajo\/#breadcrumb"},"inLanguage":"es","potentialAction":[{"@type":"ReadAction","target":["https:\/\/www.covb.cat\/es\/bolsa-de-trabajo\/"]}]},{"@type":"BreadcrumbList","@id":"https:\/\/www.covb.cat\/es\/bolsa-de-trabajo\/#breadcrumb","itemListElement":[{"@type":"ListItem","position":1,"name":"Inici","item":"https:\/\/www.covb.cat\/es\/"},{"@type":"ListItem","position":2,"name":"Tabl\u00f3n de ofertas laborales"}]},{"@type":"WebSite","@id":"https:\/\/www.covb.cat\/es\/#website","url":"https:\/\/www.covb.cat\/es\/","name":"COVB","description":"Col\u00b7legi Oficial de Veterinaris de Barcelona","publisher":{"@id":"https:\/\/www.covb.cat\/es\/#organization"},"potentialAction":[{"@type":"SearchAction","target":{"@type":"EntryPoint","urlTemplate":"https:\/\/www.covb.cat\/es\/?s={search_term_string}"},"query-input":{"@type":"PropertyValueSpecification","valueRequired":true,"valueName":"search_term_string"}}],"inLanguage":"es"},{"@type":"Organization","@id":"https:\/\/www.covb.cat\/es\/#organization","name":"COVB","url":"https:\/\/www.covb.cat\/es\/","logo":{"@type":"ImageObject","inLanguage":"es","@id":"https:\/\/www.covb.cat\/es\/#\/schema\/logo\/image\/","url":"https:\/\/www.covb.cat\/wp-content\/uploads\/2018\/07\/favicon-covb.png","contentUrl":"https:\/\/www.covb.cat\/wp-content\/uploads\/2018\/07\/favicon-covb.png","width":512,"height":512,"caption":"COVB"},"image":{"@id":"https:\/\/www.covb.cat\/es\/#\/schema\/logo\/image\/"},"sameAs":["https:\/\/www.facebook.com\/COVBcat\/","https:\/\/x.com\/COVBcat","https:\/\/www.youtube.com\/user\/covbcn"]}]}},"jetpack_sharing_enabled":true,"_links":{"self":[{"href":"https:\/\/www.covb.cat\/es\/wp-json\/wp\/v2\/pages\/79","targetHints":{"allow":["GET"]}}],"collection":[{"href":"https:\/\/www.covb.cat\/es\/wp-json\/wp\/v2\/pages"}],"about":[{"href":"https:\/\/www.covb.cat\/es\/wp-json\/wp\/v2\/types\/page"}],"author":[{"embeddable":true,"href":"https:\/\/www.covb.cat\/es\/wp-json\/wp\/v2\/users\/2282"}],"replies":[{"embeddable":true,"href":"https:\/\/www.covb.cat\/es\/wp-json\/wp\/v2\/comments?post=79"}],"version-history":[{"count":2,"href":"https:\/\/www.covb.cat\/es\/wp-json\/wp\/v2\/pages\/79\/revisions"}],"predecessor-version":[{"id":62369,"href":"https:\/\/www.covb.cat\/es\/wp-json\/wp\/v2\/pages\/79\/revisions\/62369"}],"wp:attachment":[{"href":"https:\/\/www.covb.cat\/es\/wp-json\/wp\/v2\/media?parent=79"}],"curies":[{"name":"wp","href":"https:\/\/api.w.org\/{rel}","templated":true}]}}