{"id":653,"date":"2019-12-17T10:12:45","date_gmt":"2019-12-17T09:12:45","guid":{"rendered":"https:\/\/www.covb.cat\/?page_id=653"},"modified":"2024-09-19T09:42:17","modified_gmt":"2024-09-19T07:42:17","slug":"ventanilla-unica","status":"publish","type":"page","link":"https:\/\/www.covb.cat\/es\/transparencia\/ventanilla-unica\/","title":{"rendered":"Ventanilla \u00fanica"},"content":{"rendered":"<div class=\"row\">\n<div class=\"col-lg-9\" style=\"padding-top: 0px;\">\n<h3 id=\"finestreta_unica\" style=\"background: #E41567; color: #fff; padding: 10px;\"><strong>VENTANILLA \u00daNICA<\/strong><\/h3>\n<p>Las personas colegiadas tambi\u00e9n dispon\u00e9is del \u00e1rea personal desde la que pode\u00eds, una vez indentificados i autenticados, acceder a m\u00e1s informaci\u00f3n sobre cuestions profesionales, tr\u00e1mites y servicios de vuestro inter\u00e9s<\/p>\n<p><strong id=\"colegials\">TR\u00c1MITES COLEGIALES<\/strong><\/p>\n<ul>\n<li>Colegiaci\u00f3n. Acceder <a href=\"https:\/\/www.covb.cat\/es\/servicios-a-veterinarios\/como-colegiarse\/\" target=\"_blank\" rel=\"noopener noreferrer\">AQU\u00cd<\/a>.<\/li>\n<li>Baja colegial. Acceder <a href=\"https:\/\/www.covb.cat\/es\/servicios-a-veterinarios\/servicio\/solicitud-de-baja-colegial\/\" target=\"_blank\" rel=\"noopener noreferrer\">AQU\u00cd<\/a>.<\/li>\n<li>Actualizaci\u00f3n de datos. Acceder <a href=\"https:\/\/www.covb.cat\/es\/perfil-de-usuario\/\">AQU\u00cd<\/a>.<\/li>\n<li>Certificaciones. Acceder <a href=\"https:\/\/www.covb.cat\/serveis-a-veterinaris\/tipus\/certificat-signatura-digital\/\" target=\"_blank\" rel=\"noopener noreferrer\">AQU\u00cd<\/a>.<\/li>\n<li>Exenci\u00f3n de cuotas para veterinarios en paro. <a href=\"https:\/\/www.covb.cat\/es\/serveis-a-veterinaris\/servei\/exencion-de-cuotas-para-veterinarios-en-paro\/\">AQU\u00cd<\/a>.<\/li>\n<li>Becas Ram\u00f3n Turr\u00f3 y ayudas COVB. Acceder <a href=\"https:\/\/www.covb.cat\/serveis-a-veterinaris\/servei\/ajuts-i-beques\/\" target=\"_blank\" rel=\"noopener noreferrer\">AQU\u00cd<\/a>.<\/li>\n<li>Designaci\u00f3n de beneficiarios por defunci\u00f3n. Acceder <a href=\"https:\/\/www.covb.cat\/serveis-a-veterinaris\/servei\/ajuts-i-beques\/\" target=\"_blank\" rel=\"noopener noreferrer\">AQU\u00cd<\/a>.<\/li>\n<li>Inscripci\u00f3n sociedades profesionales. Acceder <a href=\"https:\/\/www.covb.cat\/es\/servicios-a-veterinarios\/servicio\/registro-de-sociedades-profesionales\/\" target=\"_blank\" rel=\"noopener noreferrer\">AQU\u00cd<\/a>.<\/li>\n<li>Inscripci\u00f3n centros veterinarios y Registro de profesionales que ejercen la cl\u00ednica con animales de compa\u00f1\u00eda. Acceder <a href=\"https:\/\/www.covb.cat\/es\/servicios-a-veterinarios\/servicio\/registro-de-servicios-veterinarios-en-clinica-de-animales-de-compania\/\" target=\"_blank\" rel=\"noopener noreferrer\">AQU\u00cd<\/a>.<\/li>\n<li>Servicio de Orientaci\u00f3n Profesional y Bolsa de Trabajo: inscripci\u00f3n a la bolsa de trabajo y env\u00edo de ofertas. Acceder <a href=\"https:\/\/www.covb.cat\/es\/bolsa-de-trabajo\/\" target=\"_blank\" rel=\"noopener noreferrer\">AQU\u00cd<\/a>.<\/li>\n<li>Procedimientos disciplinarios: diligencias informativas y expedientes. Acceder <a href=\"https:\/\/www.covb.cat\/es\/serveis-a-veterinaris\/servei\/procedimientos-disciplinarios-diligencias-informativas-y-expedientes\/\">AQU\u00cd<\/a>.<\/li>\n<li>Certificaciones de cuotas colegiales para la renta. Acceder <a href=\"https:\/\/www.covb.cat\/es\/servicios-a-veterinarios\/certificats\/\">AQU\u00cd<\/a>.<\/li>\n<li>AIAC: alta como miembro colaborador y usuario. Acceder <a href=\"https:\/\/www.covb.cat\/es\/servicios-a-veterinarios\/servicio\/documentacion-aiac\/\" target=\"_blank\" rel=\"noopener noreferrer\">AQU\u00cd.<\/a><\/li>\n<\/ul>\n<p><strong id=\"admins\">TR\u00c1MITES ADMINISTRATIVOS<\/strong><\/p>\n<ul>\n<li>Comunicaci\u00f3n del botiqu\u00edn veterinario. Acceder <a href=\"https:\/\/www.covb.cat\/es\/servicios-a-veterinarios\/servicio\/botiquin-veterinario\/\" target=\"_blank\" rel=\"noopener noreferrer\">AQU\u00cd<\/a>.<\/li>\n<li>Dep\u00f3sito de medicamentos de uso hospitalario. Acceder <a href=\"https:\/\/www.covb.cat\/es\/servicios-a-veterinarios\/servicio\/deposito-de-medicamentos\/\" target=\"_blank\" rel=\"noopener noreferrer\">AQU\u00cd<\/a>.<\/li>\n<li>Hojas oficiales de queja, reclamaci\u00f3n y denuncia. Acceder <a href=\"https:\/\/www.covb.cat\/es\/servicios-a-veterinarios\/servicio\/hojas-oficiales-de-queja-reclamacion-y-denuncia\/\" target=\"_blank\" rel=\"noopener noreferrer\">AQU\u00cd<\/a>.<\/li>\n<li>Notificaci\u00f3n de agresi\u00f3n canina. Acceder <a href=\"https:\/\/www.covb.cat\/es\/servicios-a-veterinarios\/servicio\/notificacion-de-agresion-perro-a-perro\/\" target=\"_blank\" rel=\"noopener noreferrer\">AQU\u00cd<\/a>.<\/li>\n<\/ul>\n<p><strong id=\"professionals\">REGISTRO DE PROFESIONALES. <\/strong>Acceder <a href=\"https:\/\/www.covb.cat\/serveis-a-particulars\/cercador-de-centres-veterinaris\/\" target=\"_blank\" rel=\"noopener noreferrer\">AQU\u00cd<\/a>.<\/p>\n<p><strong id=\"centres\">REGISTRO DE CENTROS VETERINARIOS.<\/strong> Acceder <a href=\"https:\/\/www.covb.cat\/es\/servicios-a-veterinarios\/servicio\/registro-de-servicios-veterinarios-en-clinica-de-animales-de-compania\/\" target=\"_blank\" rel=\"noopener noreferrer\">AQU\u00cd<\/a>.<\/p>\n<p><strong id=\"societats\">REGISTRO DE SOCIEDADES PROFESIONALES<\/strong><strong>.<\/strong> Acceder <a href=\"https:\/\/www.covb.cat\/es\/servicios-a-particulares\/buscador-de-centros-veterinarios\/#table-societatsprofessionals\" target=\"_blank\" rel=\"noopener noreferrer\">AQU\u00cd<\/a>.<\/p>\n<p><strong id=\"queixa\">C\u00d3MO PRESENTAR UNA QUEJA. <\/strong>Acceder <a href=\"https:\/\/www.covb.cat\/es\/serveis-a-particulars\/servei\/servicio-de-atencion-a-las-personas-usuarias-de-los-servicios-veterinarios-quejas-y-reclamaciones\/\" target=\"_blank\" rel=\"noopener noreferrer\">AQU\u00cd<\/a>.<\/p>\n<p><strong id=\"privades\">FUNCIONES P\u00daBLICAS Y PRIVADAS DEL COVB. <\/strong>Acceder <a href=\"https:\/\/www.covb.cat\/es\/colegio\/estatutos\/\" target=\"_blank\" rel=\"noopener noreferrer\">AQU\u00cd<\/a>.<\/p>\n<p><strong>PORTAL DE TRANSPARENCIA DEL COVB<\/strong>. Acceder <a href=\"https:\/\/www.covb.cat\/es\/transparencia\/transparencia\/\">AQU\u00cd<\/a><\/p>\n<p><strong>BUZ\u00d3N DE SUGERENCIAS DEL COVB.<\/strong> Acceder <a href=\"https:\/\/www.covb.cat\/es\/buzon-de-sugerencias\/\">AQU\u00cd<\/a><\/p>\n<\/div>\n<div class=\"col-lg-3\" style=\"background: #e8e8e8; padding: 20px;\">\n<h3><strong>VENTANILLA \u00daNICA<\/strong><\/h3>\n<ul>\n<li><a class=\"ancorable\" href=\"#colegials\">TR\u00c1MITES COLEGIALES<\/a><\/li>\n<li><a class=\"ancorable\" href=\"#admins\">TR\u00c1MITES ADMINISTRATIVOS<\/a><\/li>\n<li><a class=\"ancorable\" href=\"#privades\">FUNCIONES P\u00daBLICAS Y PRIVADAS DEL COVB<\/a><\/li>\n<li><a class=\"ancorable\" href=\"#professionals\">REGISTRO DE PROFESIONALES<\/a><\/li>\n<li><a class=\"ancorable\" href=\"#centres\">REGISTRO DE CENTROS VETERINARIOS<\/a><\/li>\n<li><a class=\"ancorable\" href=\"#societats\">REGISTRO DE SOCIEDADES PROFESIONALES<\/a><\/li>\n<li><a class=\"ancorable\" href=\"#queixa\">C\u00d3MO PRESENTAR UNA QUEJA<\/a><\/li>\n<\/ul>\n<\/div>\n<\/div>\n","protected":false},"excerpt":{"rendered":"<p>VENTANILLA \u00daNICA Las personas colegiadas tambi\u00e9n dispon\u00e9is del \u00e1rea personal desde la que pode\u00eds, una vez indentificados i autenticados, acceder a m\u00e1s informaci\u00f3n sobre cuestions profesionales, tr\u00e1mites y servicios de vuestro inter\u00e9s TR\u00c1MITES COLEGIALES Colegiaci\u00f3n. Acceder AQU\u00cd. Baja colegial. Acceder AQU\u00cd. Actualizaci\u00f3n de datos. Acceder AQU\u00cd. Certificaciones. Acceder AQU\u00cd. Exenci\u00f3n de cuotas para veterinarios en [&hellip;]<\/p>\n","protected":false},"author":2282,"featured_media":0,"parent":12401,"menu_order":0,"comment_status":"closed","ping_status":"closed","template":"","meta":{"_monsterinsights_skip_tracking":false,"_monsterinsights_sitenote_active":false,"_monsterinsights_sitenote_note":"","_monsterinsights_sitenote_category":0,"footnotes":""},"class_list":["post-653","page","type-page","status-publish","hentry"],"yoast_head":"<!-- This site is optimized with the Yoast SEO plugin v27.0 - https:\/\/yoast.com\/product\/yoast-seo-wordpress\/ -->\n<title>Ventanilla \u00fanica - COVB - Col\u00b7legi Oficial de Veterinaris de Barcelona<\/title>\n<meta name=\"description\" content=\"VENTANILLA \u00daNICA Las personas colegiadas tambi\u00e9n dispon\u00e9is del \u00e1rea personal desde la que pode\u00eds, una vez indentificados i autenticados, acceder a m\u00e1s\" \/>\n<meta name=\"robots\" content=\"index, follow, max-snippet:-1, max-image-preview:large, max-video-preview:-1\" \/>\n<link rel=\"canonical\" href=\"https:\/\/www.covb.cat\/es\/transparencia\/ventanilla-unica\/\" \/>\n<meta property=\"og:locale\" content=\"es_ES\" \/>\n<meta property=\"og:type\" content=\"article\" \/>\n<meta property=\"og:title\" content=\"Ventanilla \u00fanica - COVB - Col\u00b7legi Oficial de Veterinaris de Barcelona\" \/>\n<meta property=\"og:description\" content=\"VENTANILLA \u00daNICA Las personas colegiadas tambi\u00e9n dispon\u00e9is del \u00e1rea personal desde la que pode\u00eds, una vez indentificados i autenticados, acceder a m\u00e1s\" \/>\n<meta property=\"og:url\" content=\"https:\/\/www.covb.cat\/es\/transparencia\/ventanilla-unica\/\" \/>\n<meta property=\"og:site_name\" content=\"COVB\" \/>\n<meta property=\"article:publisher\" content=\"https:\/\/www.facebook.com\/COVBcat\/\" \/>\n<meta property=\"article:modified_time\" content=\"2024-09-19T07:42:17+00:00\" \/>\n<meta name=\"twitter:card\" content=\"summary_large_image\" \/>\n<meta name=\"twitter:site\" content=\"@COVBcat\" \/>\n<meta name=\"twitter:label1\" content=\"Tiempo de lectura\" \/>\n\t<meta name=\"twitter:data1\" content=\"2 minutos\" \/>\n<script type=\"application\/ld+json\" class=\"yoast-schema-graph\">{\"@context\":\"https:\/\/schema.org\",\"@graph\":[{\"@type\":\"WebPage\",\"@id\":\"https:\/\/www.covb.cat\/es\/transparencia\/ventanilla-unica\/\",\"url\":\"https:\/\/www.covb.cat\/es\/transparencia\/ventanilla-unica\/\",\"name\":\"Ventanilla \u00fanica - COVB - Col\u00b7legi Oficial de Veterinaris de Barcelona\",\"isPartOf\":{\"@id\":\"https:\/\/www.covb.cat\/es\/#website\"},\"datePublished\":\"2019-12-17T09:12:45+00:00\",\"dateModified\":\"2024-09-19T07:42:17+00:00\",\"description\":\"VENTANILLA \u00daNICA Las personas colegiadas tambi\u00e9n dispon\u00e9is del \u00e1rea personal desde la que pode\u00eds, una vez indentificados i autenticados, acceder a m\u00e1s\",\"breadcrumb\":{\"@id\":\"https:\/\/www.covb.cat\/es\/transparencia\/ventanilla-unica\/#breadcrumb\"},\"inLanguage\":\"es\",\"potentialAction\":[{\"@type\":\"ReadAction\",\"target\":[\"https:\/\/www.covb.cat\/es\/transparencia\/ventanilla-unica\/\"]}]},{\"@type\":\"BreadcrumbList\",\"@id\":\"https:\/\/www.covb.cat\/es\/transparencia\/ventanilla-unica\/#breadcrumb\",\"itemListElement\":[{\"@type\":\"ListItem\",\"position\":1,\"name\":\"Inici\",\"item\":\"https:\/\/www.covb.cat\/es\/\"},{\"@type\":\"ListItem\",\"position\":2,\"name\":\"Transparencia\",\"item\":\"https:\/\/www.covb.cat\/es\/transparencia\/\"},{\"@type\":\"ListItem\",\"position\":3,\"name\":\"Ventanilla \u00fanica\"}]},{\"@type\":\"WebSite\",\"@id\":\"https:\/\/www.covb.cat\/es\/#website\",\"url\":\"https:\/\/www.covb.cat\/es\/\",\"name\":\"COVB\",\"description\":\"Col\u00b7legi Oficial de Veterinaris de Barcelona\",\"publisher\":{\"@id\":\"https:\/\/www.covb.cat\/es\/#organization\"},\"potentialAction\":[{\"@type\":\"SearchAction\",\"target\":{\"@type\":\"EntryPoint\",\"urlTemplate\":\"https:\/\/www.covb.cat\/es\/?s={search_term_string}\"},\"query-input\":{\"@type\":\"PropertyValueSpecification\",\"valueRequired\":true,\"valueName\":\"search_term_string\"}}],\"inLanguage\":\"es\"},{\"@type\":\"Organization\",\"@id\":\"https:\/\/www.covb.cat\/es\/#organization\",\"name\":\"COVB\",\"url\":\"https:\/\/www.covb.cat\/es\/\",\"logo\":{\"@type\":\"ImageObject\",\"inLanguage\":\"es\",\"@id\":\"https:\/\/www.covb.cat\/es\/#\/schema\/logo\/image\/\",\"url\":\"https:\/\/www.covb.cat\/wp-content\/uploads\/2018\/07\/favicon-covb.png\",\"contentUrl\":\"https:\/\/www.covb.cat\/wp-content\/uploads\/2018\/07\/favicon-covb.png\",\"width\":512,\"height\":512,\"caption\":\"COVB\"},\"image\":{\"@id\":\"https:\/\/www.covb.cat\/es\/#\/schema\/logo\/image\/\"},\"sameAs\":[\"https:\/\/www.facebook.com\/COVBcat\/\",\"https:\/\/x.com\/COVBcat\",\"https:\/\/www.youtube.com\/user\/covbcn\"]}]}<\/script>\n<!-- \/ Yoast SEO plugin. -->","yoast_head_json":{"title":"Ventanilla \u00fanica - COVB - Col\u00b7legi Oficial de Veterinaris de Barcelona","description":"VENTANILLA \u00daNICA Las personas colegiadas tambi\u00e9n dispon\u00e9is del \u00e1rea personal desde la que pode\u00eds, una vez indentificados i autenticados, acceder a m\u00e1s","robots":{"index":"index","follow":"follow","max-snippet":"max-snippet:-1","max-image-preview":"max-image-preview:large","max-video-preview":"max-video-preview:-1"},"canonical":"https:\/\/www.covb.cat\/es\/transparencia\/ventanilla-unica\/","og_locale":"es_ES","og_type":"article","og_title":"Ventanilla \u00fanica - COVB - Col\u00b7legi Oficial de Veterinaris de Barcelona","og_description":"VENTANILLA \u00daNICA Las personas colegiadas tambi\u00e9n dispon\u00e9is del \u00e1rea personal desde la que pode\u00eds, una vez indentificados i autenticados, acceder a m\u00e1s","og_url":"https:\/\/www.covb.cat\/es\/transparencia\/ventanilla-unica\/","og_site_name":"COVB","article_publisher":"https:\/\/www.facebook.com\/COVBcat\/","article_modified_time":"2024-09-19T07:42:17+00:00","twitter_card":"summary_large_image","twitter_site":"@COVBcat","twitter_misc":{"Tiempo de lectura":"2 minutos"},"schema":{"@context":"https:\/\/schema.org","@graph":[{"@type":"WebPage","@id":"https:\/\/www.covb.cat\/es\/transparencia\/ventanilla-unica\/","url":"https:\/\/www.covb.cat\/es\/transparencia\/ventanilla-unica\/","name":"Ventanilla \u00fanica - COVB - Col\u00b7legi Oficial de Veterinaris de Barcelona","isPartOf":{"@id":"https:\/\/www.covb.cat\/es\/#website"},"datePublished":"2019-12-17T09:12:45+00:00","dateModified":"2024-09-19T07:42:17+00:00","description":"VENTANILLA \u00daNICA Las personas colegiadas tambi\u00e9n dispon\u00e9is del \u00e1rea personal desde la que pode\u00eds, una vez indentificados i autenticados, acceder a m\u00e1s","breadcrumb":{"@id":"https:\/\/www.covb.cat\/es\/transparencia\/ventanilla-unica\/#breadcrumb"},"inLanguage":"es","potentialAction":[{"@type":"ReadAction","target":["https:\/\/www.covb.cat\/es\/transparencia\/ventanilla-unica\/"]}]},{"@type":"BreadcrumbList","@id":"https:\/\/www.covb.cat\/es\/transparencia\/ventanilla-unica\/#breadcrumb","itemListElement":[{"@type":"ListItem","position":1,"name":"Inici","item":"https:\/\/www.covb.cat\/es\/"},{"@type":"ListItem","position":2,"name":"Transparencia","item":"https:\/\/www.covb.cat\/es\/transparencia\/"},{"@type":"ListItem","position":3,"name":"Ventanilla \u00fanica"}]},{"@type":"WebSite","@id":"https:\/\/www.covb.cat\/es\/#website","url":"https:\/\/www.covb.cat\/es\/","name":"COVB","description":"Col\u00b7legi Oficial de Veterinaris de Barcelona","publisher":{"@id":"https:\/\/www.covb.cat\/es\/#organization"},"potentialAction":[{"@type":"SearchAction","target":{"@type":"EntryPoint","urlTemplate":"https:\/\/www.covb.cat\/es\/?s={search_term_string}"},"query-input":{"@type":"PropertyValueSpecification","valueRequired":true,"valueName":"search_term_string"}}],"inLanguage":"es"},{"@type":"Organization","@id":"https:\/\/www.covb.cat\/es\/#organization","name":"COVB","url":"https:\/\/www.covb.cat\/es\/","logo":{"@type":"ImageObject","inLanguage":"es","@id":"https:\/\/www.covb.cat\/es\/#\/schema\/logo\/image\/","url":"https:\/\/www.covb.cat\/wp-content\/uploads\/2018\/07\/favicon-covb.png","contentUrl":"https:\/\/www.covb.cat\/wp-content\/uploads\/2018\/07\/favicon-covb.png","width":512,"height":512,"caption":"COVB"},"image":{"@id":"https:\/\/www.covb.cat\/es\/#\/schema\/logo\/image\/"},"sameAs":["https:\/\/www.facebook.com\/COVBcat\/","https:\/\/x.com\/COVBcat","https:\/\/www.youtube.com\/user\/covbcn"]}]}},"jetpack_sharing_enabled":true,"_links":{"self":[{"href":"https:\/\/www.covb.cat\/es\/wp-json\/wp\/v2\/pages\/653","targetHints":{"allow":["GET"]}}],"collection":[{"href":"https:\/\/www.covb.cat\/es\/wp-json\/wp\/v2\/pages"}],"about":[{"href":"https:\/\/www.covb.cat\/es\/wp-json\/wp\/v2\/types\/page"}],"author":[{"embeddable":true,"href":"https:\/\/www.covb.cat\/es\/wp-json\/wp\/v2\/users\/2282"}],"replies":[{"embeddable":true,"href":"https:\/\/www.covb.cat\/es\/wp-json\/wp\/v2\/comments?post=653"}],"version-history":[{"count":0,"href":"https:\/\/www.covb.cat\/es\/wp-json\/wp\/v2\/pages\/653\/revisions"}],"up":[{"embeddable":true,"href":"https:\/\/www.covb.cat\/es\/wp-json\/wp\/v2\/pages\/12401"}],"wp:attachment":[{"href":"https:\/\/www.covb.cat\/es\/wp-json\/wp\/v2\/media?parent=653"}],"curies":[{"name":"wp","href":"https:\/\/api.w.org\/{rel}","templated":true}]}}