{"id":649,"date":"2019-12-17T10:11:29","date_gmt":"2019-12-17T09:11:29","guid":{"rendered":"https:\/\/www.covb.cat\/?page_id=649"},"modified":"2026-05-10T08:30:02","modified_gmt":"2026-05-10T06:30:02","slug":"transparencia","status":"publish","type":"page","link":"https:\/\/www.covb.cat\/es\/transparencia\/transparencia\/","title":{"rendered":"Transparencia"},"content":{"rendered":"<div class=\"row\">\n<div class=\"col-lg-9\">\n<h3 style=\"background: #E41567; color: #fff; padding: 10px;\"><strong>PORTAL DE TRANSPARENCIA<\/strong><\/h3>\n<p>En cumplimiento de la Ley estatal 19\/2013, de 9 de diciembre y de la Ley catalana 19\/2014, de 29 de diciembre, de transparencia, acceso a la informaci\u00f3n p\u00fablica y buen gobierno, el Portal de Transparencia tiene como finalidad cumplir las fines de inter\u00e9s p\u00fablico en beneficio de la ciudadan\u00eda, cuesti\u00f3n esencial para la democracia y permitir la participaci\u00f3n ciudadana m\u00e1s interactiva, participativa e informada.<\/p>\n<p>Garantiza el derecho de acceso a la informaci\u00f3n relativa al Colegio Oficial de Veterinarios de Barcelona, actuaciones de la Junta de Gobierno y Comisiones del COVB.<\/p>\n<p>El COVB, en tanto que Corporaci\u00f3n Profesional de Derecho P\u00fablico, asume una serie de funciones p\u00fablicas previstas en la Ley 7\/2006, de 31 de mayo, del ejercicio de las profesiones tituladas y de los Colegios Profesionales que est\u00e1n sujetos a las mismas obligaciones de transparencia.<\/p>\n<p>Asimismo, la gesti\u00f3n del COVB debe cumplir los principios de buen gobierno para que los intereses p\u00fablicos que gestiona se sirvan con objetividad, neutralidad e imparcialidad.<\/p>\n<p><strong id=\"funcions\">FUNCIONES DEL COLEGIO. <\/strong>Accede <a href=\"https:\/\/www.covb.cat\/es\/colegio\/estatutos\/#funciones_colegio\" target=\"_blank\" rel=\"noopener noreferrer\">AQU\u00cd<\/a>.<\/p>\n<p><strong id=\"junta\">COMPOSICI\u00d3N DE LA JUNTA DE GOBIERNO. <\/strong>Accede <a href=\"https:\/\/www.covb.cat\/es\/colegio\/junta-de-gobierno\/\" target=\"_blank\" rel=\"noopener noreferrer\">AQU\u00cd<\/a>.<\/p>\n<p><strong id=\"junta\">C\u00d3DIGO DE CONDUCTA DE LA JUNTA DE GOBIERNO. <\/strong>Accede <a href=\"https:\/\/www.covb.cat\/wp-content\/uploads\/2024\/01\/CODI-CONDUCTA-SIGNAT.pdf\" target=\"_blank\" rel=\"noopener noreferrer\">AQU\u00cd<\/a>.<\/p>\n<p><strong id=\"agenda\">AGENDA P\u00daBLICA DE LA JUNTA DE GOBIERNO. <\/strong>Accede <a href=\"https:\/\/www.covb.cat\/es\/colegio\/agenda-publica\/\" target=\"_blank\" rel=\"noopener noreferrer\">AQU\u00cd<\/a>.<\/p>\n<p><strong id=\"economia\">INFORMACI\u00d3N ECON\u00d3MICA<\/strong><\/p>\n<ol>\n<li>C\u00f3digo de conducta de las inversiones financieras del COVB. \u00daltima actualizaci\u00f3n: 31\/01\/2022. Accede <a href=\"https:\/\/www.covb.cat\/wp-content\/uploads\/2022\/01\/Codi-de-Conducta-inversions-financeres.pdf\" target=\"_blank\" rel=\"noopener\">AQU\u00cd<\/a><\/li>\n<li>Pressupostos i Liquidacions Pressupost\u00e0ries (Anuals i Trimestrals). Accede <a href=\"https:\/\/www.covb.cat\/es\/publicacio-dels-pressupostos-i-liquidacions-pressupostaries\/\" target=\"_blank\" rel=\"noopener noreferrer\">AQU\u00cd<\/a><\/li>\n<li>Cuentas Anuales.<\/li>\n<\/ol>\n<p style=\"padding-left: 40px;\"><a href=\"https:\/\/www.covb.cat\/wp-content\/uploads\/2026\/05\/CCAA_COVB_2024.pdf\" target=\"_blank\" rel=\"noopener\">CCAA 2024 COVB<\/a> |\u00a0<a href=\"https:\/\/www.covb.cat\/wp-content\/uploads\/2024\/07\/CCAA-2023.pdf\">CCAA 2023 COVB<\/a>\u00a0| <a href=\"https:\/\/www.covb.cat\/wp-content\/uploads\/2023\/11\/COVB_CCAA-2022.pdf\">CCAA 2022 COVB<\/a> |\u00a0<a href=\"https:\/\/www.covb.cat\/wp-content\/uploads\/2023\/03\/COVB_CCAA-2021_v2.pdf\">CCAA 2021 COVB <\/a><a href=\"https:\/\/www.covb.cat\/wp-content\/uploads\/2022\/02\/CCAA-2020.pdf\" target=\"_blank\" rel=\"noopener\">| CCAA 2020 COVB<\/a> | <a href=\"https:\/\/www.covb.cat\/wp-content\/uploads\/2021\/11\/CCAA-2019-COVB.pdf\">CCAA 2019 COVB<\/a> | <a href=\"https:\/\/www.covb.cat\/wp-content\/uploads\/2021\/11\/CCAA-2019-AFV.pdf\">CCAA 2019 AFV<\/a> |\u00a0<a href=\"https:\/\/www.covb.cat\/wp-content\/uploads\/2021\/11\/CCAA_2018-COVB.pdf\">CCAA_2018 COVB<\/a> | <a href=\"https:\/\/www.covb.cat\/wp-content\/uploads\/2021\/11\/CCAA_2018-AFV.pdf\">CCAA_2018 AFV<\/a> | <a href=\"https:\/\/www.covb.cat\/wp-content\/uploads\/2021\/11\/BALANCcovb2017.pdf\">CCAA 2017 COVB<\/a> | <a href=\"https:\/\/www.covb.cat\/wp-content\/uploads\/2021\/11\/BALANCafv2017.pdf\">CCAA 2017 AVF<\/a> | <a href=\"https:\/\/www.covb.cat\/wp-content\/uploads\/2021\/11\/BALANCcovb2016.pdf\">CCAA 2016 COVB<\/a> | <a href=\"https:\/\/www.covb.cat\/wp-content\/uploads\/2021\/11\/BALANCafv2016.pdf\">CCAA 2016 AFV<\/a>\u00a0|\u00a0<a href=\"https:\/\/www.covb.cat\/wp-content\/uploads\/2021\/11\/BALANCE-covb2015.pdf\">CCAA 2015 COVB<\/a> | <a href=\"https:\/\/www.covb.cat\/wp-content\/uploads\/2021\/11\/BALANCEafv2015.pdf\">CCAA 2015 AFV<\/a><\/p>\n<ol start=\"3\">\n<li>Informes auditor\u00eda.<\/li>\n<\/ol>\n<p style=\"padding-left: 40px;\"><a href=\"https:\/\/www.covb.cat\/wp-content\/uploads\/2026\/05\/COVB_op-2025-sig.pdf\" target=\"_blank\" rel=\"noopener\">Auditoria COVB 2025<\/a>\u00a0| <a href=\"https:\/\/www.covb.cat\/wp-content\/uploads\/2025\/11\/COVB-Informe-auditoria-2024.pdf\">Auditor\u00eda COVB 2024<\/a>\u00a0| <a href=\"https:\/\/www.covb.cat\/wp-content\/uploads\/2024\/05\/COVB-Auditoria-2023.pdf\">Auditor\u00eda COVB 2023<\/a> | <a href=\"https:\/\/www.covb.cat\/wp-content\/uploads\/2023\/06\/COVB-Auditoria-2022.pdf\" target=\"_blank\" rel=\"noopener\">Auditor\u00eda COVB 2022<\/a> | <a href=\"https:\/\/www.covb.cat\/wp-content\/uploads\/2022\/06\/INFORME-AUDITORIA-COVB-2021.pdf\" target=\"_blank\" rel=\"noopener\">Auditor\u00eda COVB 2021<\/a> |\u00a0<a href=\"https:\/\/www.covb.cat\/wp-content\/uploads\/2020\/11\/INFORME-AUDITORIA-COVB-2020.pdf\" target=\"_blank\" rel=\"noopener noreferrer\">Auditor\u00eda COVB 2020<\/a> <a href=\"https:\/\/www.covb.cat\/wp-content\/uploads\/2020\/07\/AUDITORIA-COVB-2019.pdf\" target=\"_blank\" rel=\"noopener noreferrer\">| Auditor\u00eda COVB 2019<\/a> | <a href=\"https:\/\/www.covb.cat\/wp-content\/uploads\/2020\/11\/INFORME-AUDITORIA-AFV-2019.pdf\" target=\"_blank\" rel=\"noopener noreferrer\">Auditor\u00eda AFV 2019<\/a> | <a href=\"https:\/\/www.covb.cat\/wp-content\/uploads\/2020\/07\/COVBauditoria2018.pdf\" target=\"_blank\" rel=\"noopener noreferrer\">Auditor\u00eda COVB 2018<\/a> | <a href=\"https:\/\/www.covb.cat\/wp-content\/uploads\/2020\/07\/AUDITORIA_COVB_2017.pdf\">Auditor\u00eda COVB 2017<\/a> | <a href=\"https:\/\/www.covb.cat\/wp-content\/uploads\/2020\/07\/AUDITORIA_COVB_2016.pdf\">Auditor\u00eda COVB 2016<\/a> | <a href=\"https:\/\/www.covb.cat\/wp-content\/uploads\/2020\/07\/AUDITORIA_COVB_2015.pdf\">Auditor\u00eda COVB 2015<\/a> | <a href=\"https:\/\/www.covb.cat\/wp-content\/uploads\/2020\/07\/AUDITORIA_COVB_2014.pdf\">Auditor\u00eda COVB 2014<\/a> | <a href=\"https:\/\/www.covb.cat\/wp-content\/uploads\/2020\/07\/AUDITORIA_COVB_2013.pdf\">Auditor\u00eda COVB 2013<\/a> | <a href=\"https:\/\/www.covb.cat\/wp-content\/uploads\/2020\/07\/AUDITORIA_COVB_2012.pdf\">Auditor\u00eda COVB 2012<\/a><\/p>\n<p><strong>CONVENIOS Y CONTRATOS SOMETIDOS A DERECHO P\u00daBLICO.<\/strong><\/p>\n<ul>\n<li>Contratos para la gesti\u00f3n del censo municipal de animales de compa\u00f1\u00eda firmados entre el COVB, el Consejo de Colegios Veterinarios de Catalu\u00f1a y los siguientes Ayuntamientos:<\/li>\n<\/ul>\n<p style=\"padding-left: 40px;\"><a href=\"https:\/\/www.covb.cat\/wp-content\/uploads\/2022\/05\/Conveni-Badalona.pdf\">Badalona<\/a> |\u00a0<a href=\"https:\/\/www.covb.cat\/wp-content\/uploads\/2022\/05\/ACORD-DE-COL\u00b7LABORACIO-OLESA_AIAC_-2022SIGNAT.pdf\">Olesa<\/a> | <a href=\"https:\/\/www.covb.cat\/wp-content\/uploads\/2022\/05\/Conveni-Ajunt-Palau-Plegamans.pdf\">Palau Plegamans<\/a> |\u00a0<a href=\"https:\/\/www.covb.cat\/wp-content\/uploads\/2020\/07\/Sant-Quirze-del-V.pdf\" target=\"_blank\" rel=\"noopener noreferrer\">Sant Quirze del Vall\u00e8s<\/a> | <a href=\"https:\/\/www.covb.cat\/wp-content\/uploads\/2020\/09\/Calella.pdf\">Calella<\/a> | <a href=\"https:\/\/www.covb.cat\/wp-content\/uploads\/2020\/09\/Mataro\u0301.pdf\">Mataro\u0301<\/a> | <a href=\"https:\/\/www.covb.cat\/wp-content\/uploads\/2020\/09\/Mollet-del-V.pdf\">Mollet del Vall\u00e8s <\/a>| <a href=\"https:\/\/www.covb.cat\/wp-content\/uploads\/2020\/09\/Vilassar-de-Dalt.pdf\">Vilassar de Dalt<\/a> | <a href=\"https:\/\/www.covb.cat\/wp-content\/uploads\/2020\/09\/Esplugues-de-Llobregat.pdf\">Esplugues de Llobregat<\/a> | <a href=\"https:\/\/www.covb.cat\/wp-content\/uploads\/2020\/07\/Sant-Fruitos-del-Bages.pdf\" target=\"_blank\" rel=\"noopener noreferrer\">Sant Fruit\u00f3s de Bages<\/a> | <a href=\"https:\/\/www.covb.cat\/wp-content\/uploads\/2020\/07\/Sant-Just-Desvern.pdf\" target=\"_blank\" rel=\"noopener noreferrer\">Sant Just Desvern<\/a> | <a href=\"https:\/\/www.covb.cat\/wp-content\/uploads\/2020\/09\/Cabrera-de-Mar.pdf\">Cabrera de Mar<\/a> | <a href=\"https:\/\/www.covb.cat\/wp-content\/uploads\/2020\/07\/Vilafranca-del-P.pdf\" target=\"_blank\" rel=\"noopener noreferrer\">Vilafranca del Pened\u00e8s<\/a> | <a href=\"https:\/\/www.covb.cat\/wp-content\/uploads\/2020\/09\/Olesa-Montserrat.pdf\">Olesa de Montserrat<\/a> | <a href=\"https:\/\/www.covb.cat\/wp-content\/uploads\/2020\/09\/El-Prat-de-Llobregat.pdf\">El Prat de Llobregat<\/a> | <a href=\"https:\/\/www.covb.cat\/wp-content\/uploads\/2020\/09\/Montcada-i-Reixach.pdf\">Montcada i Reixach<\/a> | <a href=\"https:\/\/www.covb.cat\/wp-content\/uploads\/2020\/07\/Santa-Margarida-i-els-Monjos.pdf\">Santa Margarida i els Monjos<\/a> | <a href=\"https:\/\/www.covb.cat\/wp-content\/uploads\/2020\/09\/Caldes-dEstrac.pdf\">Caldes d&#8217;Estrac<\/a> | <a href=\"https:\/\/www.covb.cat\/wp-content\/uploads\/2020\/09\/Gava\u0300.pdf\">Gava\u0300<\/a> | <a href=\"https:\/\/www.covb.cat\/wp-content\/uploads\/2020\/07\/Sant-Vicen\u00e7-de-Montalt.pdf\" target=\"_blank\" rel=\"noopener noreferrer\">Sant Vicen\u00e7 de Montalt<\/a> | <a href=\"https:\/\/www.covb.cat\/wp-content\/uploads\/2020\/07\/Sant-Pol-de-Mar.pdf\" target=\"_blank\" rel=\"noopener noreferrer\">Sant Pol de Mar<\/a> | <a href=\"https:\/\/www.covb.cat\/wp-content\/uploads\/2020\/07\/Sant-Climent-de-Llobregat.pdf\" target=\"_blank\" rel=\"noopener noreferrer\">Sant Climent de Llobregat<\/a> | <a href=\"https:\/\/www.covb.cat\/wp-content\/uploads\/2020\/09\/Martorelles.pdf\">Martorelles<\/a> | <a href=\"https:\/\/www.covb.cat\/wp-content\/uploads\/2020\/07\/Vallromanes.pdf\" target=\"_blank\" rel=\"noopener noreferrer\">Vallromanes<\/a>\u00a0| <a href=\"https:\/\/www.covb.cat\/wp-content\/uploads\/2023\/06\/CONV_AIAC_2021_SIGNATx4.pdf\" target=\"_blank\" rel=\"noopener\">Castelldefels<\/a>.<\/p>\n<ul>\n<li><a href=\"https:\/\/www.covb.cat\/wp-content\/uploads\/2024\/11\/112666_Conveni-COVB_UAB_v2_Signat-UAB2.pdf\" target=\"_blank\" rel=\"noopener\">Convenio de colaboraci\u00f3n entre la UAB y el COVB<\/a><\/li>\n<\/ul>\n<p><strong id=\"acords\">INFORMACI\u00d3N DE RELEVANCIA JUR\u00cdDICA (ACUERDOS DE LA JUNTA DE GOBIERNO). <\/strong>Accede <a href=\"https:\/\/www.covb.cat\/es\/acuerdos-de-la-junta-de-gobierno\/\" target=\"_blank\" rel=\"noopener noreferrer\">AQU\u00cd<\/a>.<\/p>\n<p><strong id=\"agenda\">MEMORIA ANUAL. <\/strong>Accede <a href=\"https:\/\/www.covb.cat\/es\/colegio\/memoria-de-actividades\/\" target=\"_blank\" rel=\"noopener noreferrer\">AQU\u00cd<\/a>.<\/p>\n<p><!--strong id=\"funcions\">FUNCIONS P\u00daBLIQUES.\u00a0<\/strong>Accediu <a href=\"https:\/\/www.covb.cat\/es\/colegio\/estatutos\/\" target=\"_blank\" rel=\"noopener noreferrer\">AQU\u00cd<\/a--><\/p>\n<p><strong id=\"comites\">COMIT\u00c9S ASESORES. <\/strong>Accede <a href=\"https:\/\/www.covb.cat\/es\/colegio\/comites-asesores\/\" target=\"_blank\" rel=\"noopener noreferrer\">AQU\u00cd<\/a>.<\/p>\n<p><strong id=\"assemblees\">CONVOCATORIA DE ASAMBLEAS GENERALES DE PERSONAS COLEGIADAS. <\/strong>Accede <a href=\"https:\/\/www.covb.cat\/es\/colegio\/convocatoria-de-asambleas-generales\/\" target=\"_blank\" rel=\"noopener noreferrer\">AQU\u00cd<\/a>.<\/p>\n<p><strong id=\"documentacio\">DOCUMENTACI\u00d3N DE ASAMBLEAS GENERALES DE PERSONAS COLEGIADAS. <\/strong>Accede <a href=\"https:\/\/www.covb.cat\/es\/serveis-a-veterinaris\/servei\/documentacion-asambleas-generales\/\" target=\"_blank\" rel=\"noopener noreferrer\">AQU\u00cd<\/a>.<\/p>\n<p><!--strong id=\"registre\">REGISTRE ASSEMBLEES GENERALS A DIST\u00c0NCIA DEL 24 DE MAR\u00c7 DE 2021<\/strong>. Accediu <a href=\"https:\/\/www.councilbox.com\/covb\/\">AQU\u00cd<\/a--><\/p>\n<p><strong id=\"normativa\">NORMATIVA COLEGIAL. <\/strong>Accede <a href=\"https:\/\/www.covb.cat\/es\/colegio\/estatutos\/\" target=\"_blank\" rel=\"noopener noreferrer\">AQU\u00cd<\/a>.<\/p>\n<\/div>\n<div class=\"col-lg-3\" style=\"background: #e8e8e8; padding: 20px;\">\n<h3><strong>PORTAL DE TRANSPARENCIA<\/strong><\/h3>\n<ul>\n<li><a class=\"ancorable\" href=\"#funcions\">FUNCIONES DEL COLEGIO<\/a><\/li>\n<li><a class=\"ancorable\" href=\"#junta\">COMPOSICI\u00d3N DE LA JUNTA DE GOBIERNO<\/a><\/li>\n<li><a class=\"ancorable\" href=\"#agenda\">AGENDA P\u00daBLICA DE LA JUNTA DE GOBIERNO<\/a><\/li>\n<li><a class=\"ancorable\" href=\"#economia\">INFORMACI\u00d3N ECON\u00d3MICA<\/a><\/li>\n<li><a class=\"ancorable\" href=\"#convenis\">CONVENIOS Y CONTRATOS SOMETIDOS A DERECHO P\u00daBLICO<\/a><\/li>\n<li><a class=\"ancorable\" href=\"#acords\">INFORMACI\u00d3N DE RELEVANCIA JUR\u00cdDICA (ACUERDOS DE LA JUNTA DE GOBIERNO)<\/a><\/li>\n<li><a class=\"ancorable\" href=\"#memoria\">MEMORIA ANUAL<\/a><\/li>\n<li><a class=\"ancorable\" href=\"#comites\">COMIT\u00c9S ASESORES<\/a><\/li>\n<li><a class=\"ancorable\" href=\"#assemblees\">CONVOCATORIA DE ASAMBLEAS GENERALES DE PERSONAS COLEGIADAS<\/a><\/li>\n<li><a class=\"ancorable\" href=\"#documentacio\">DOCUMENTACI\u00d3N DE ASAMBLEAS GENERALES DE PERSONAS COLEGIADAS<\/a><\/li>\n<li><a class=\"ancorable\" href=\"#normativa\">NORMATIVA COLEGIAL<\/a><\/li>\n<\/ul>\n<\/div>\n<\/div>\n","protected":false},"excerpt":{"rendered":"<p>PORTAL DE TRANSPARENCIA En cumplimiento de la Ley estatal 19\/2013, de 9 de diciembre y de la Ley catalana 19\/2014, de 29 de diciembre, de transparencia, acceso a la informaci\u00f3n p\u00fablica y buen gobierno, el Portal de Transparencia tiene como finalidad cumplir las fines de inter\u00e9s p\u00fablico en beneficio de la ciudadan\u00eda, cuesti\u00f3n esencial para [&hellip;]<\/p>\n","protected":false},"author":2282,"featured_media":0,"parent":12401,"menu_order":0,"comment_status":"closed","ping_status":"closed","template":"","meta":{"_monsterinsights_skip_tracking":false,"_monsterinsights_sitenote_active":false,"_monsterinsights_sitenote_note":"","_monsterinsights_sitenote_category":0,"footnotes":""},"class_list":["post-649","page","type-page","status-publish","hentry"],"yoast_head":"<!-- This site is optimized with the Yoast SEO plugin v27.0 - https:\/\/yoast.com\/product\/yoast-seo-wordpress\/ -->\n<title>Transparencia - COVB - Col\u00b7legi Oficial de Veterinaris de Barcelona<\/title>\n<meta name=\"description\" content=\"PORTAL DE TRANSPARENCIA En cumplimiento de la Ley estatal 19\/2013, de 9 de diciembre y de la Ley catalana 19\/2014, de 29 de diciembre, de transparencia,\" \/>\n<meta name=\"robots\" content=\"index, follow, max-snippet:-1, max-image-preview:large, max-video-preview:-1\" \/>\n<link rel=\"canonical\" href=\"https:\/\/www.covb.cat\/es\/transparencia\/transparencia\/\" \/>\n<meta property=\"og:locale\" content=\"es_ES\" \/>\n<meta property=\"og:type\" content=\"article\" \/>\n<meta property=\"og:title\" content=\"Transparencia - COVB - Col\u00b7legi Oficial de Veterinaris de Barcelona\" \/>\n<meta property=\"og:description\" content=\"PORTAL DE TRANSPARENCIA En cumplimiento de la Ley estatal 19\/2013, de 9 de diciembre y de la Ley catalana 19\/2014, de 29 de diciembre, de transparencia,\" \/>\n<meta property=\"og:url\" content=\"https:\/\/www.covb.cat\/es\/transparencia\/transparencia\/\" \/>\n<meta property=\"og:site_name\" content=\"COVB\" \/>\n<meta property=\"article:publisher\" content=\"https:\/\/www.facebook.com\/COVBcat\/\" \/>\n<meta property=\"article:modified_time\" content=\"2026-05-10T06:30:02+00:00\" \/>\n<meta name=\"twitter:card\" content=\"summary_large_image\" \/>\n<meta name=\"twitter:site\" content=\"@COVBcat\" \/>\n<meta name=\"twitter:label1\" content=\"Tiempo de lectura\" \/>\n\t<meta name=\"twitter:data1\" content=\"4 minutos\" \/>\n<script type=\"application\/ld+json\" class=\"yoast-schema-graph\">{\"@context\":\"https:\/\/schema.org\",\"@graph\":[{\"@type\":\"WebPage\",\"@id\":\"https:\/\/www.covb.cat\/es\/transparencia\/transparencia\/\",\"url\":\"https:\/\/www.covb.cat\/es\/transparencia\/transparencia\/\",\"name\":\"Transparencia - COVB - Col\u00b7legi Oficial de Veterinaris de Barcelona\",\"isPartOf\":{\"@id\":\"https:\/\/www.covb.cat\/es\/#website\"},\"datePublished\":\"2019-12-17T09:11:29+00:00\",\"dateModified\":\"2026-05-10T06:30:02+00:00\",\"description\":\"PORTAL DE TRANSPARENCIA En cumplimiento de la Ley estatal 19\/2013, de 9 de diciembre y de la Ley catalana 19\/2014, de 29 de diciembre, de transparencia,\",\"breadcrumb\":{\"@id\":\"https:\/\/www.covb.cat\/es\/transparencia\/transparencia\/#breadcrumb\"},\"inLanguage\":\"es\",\"potentialAction\":[{\"@type\":\"ReadAction\",\"target\":[\"https:\/\/www.covb.cat\/es\/transparencia\/transparencia\/\"]}]},{\"@type\":\"BreadcrumbList\",\"@id\":\"https:\/\/www.covb.cat\/es\/transparencia\/transparencia\/#breadcrumb\",\"itemListElement\":[{\"@type\":\"ListItem\",\"position\":1,\"name\":\"Inici\",\"item\":\"https:\/\/www.covb.cat\/es\/\"},{\"@type\":\"ListItem\",\"position\":2,\"name\":\"Transparencia\",\"item\":\"https:\/\/www.covb.cat\/es\/transparencia\/\"},{\"@type\":\"ListItem\",\"position\":3,\"name\":\"Transparencia\"}]},{\"@type\":\"WebSite\",\"@id\":\"https:\/\/www.covb.cat\/es\/#website\",\"url\":\"https:\/\/www.covb.cat\/es\/\",\"name\":\"COVB\",\"description\":\"Col\u00b7legi Oficial de Veterinaris de Barcelona\",\"publisher\":{\"@id\":\"https:\/\/www.covb.cat\/es\/#organization\"},\"potentialAction\":[{\"@type\":\"SearchAction\",\"target\":{\"@type\":\"EntryPoint\",\"urlTemplate\":\"https:\/\/www.covb.cat\/es\/?s={search_term_string}\"},\"query-input\":{\"@type\":\"PropertyValueSpecification\",\"valueRequired\":true,\"valueName\":\"search_term_string\"}}],\"inLanguage\":\"es\"},{\"@type\":\"Organization\",\"@id\":\"https:\/\/www.covb.cat\/es\/#organization\",\"name\":\"COVB\",\"url\":\"https:\/\/www.covb.cat\/es\/\",\"logo\":{\"@type\":\"ImageObject\",\"inLanguage\":\"es\",\"@id\":\"https:\/\/www.covb.cat\/es\/#\/schema\/logo\/image\/\",\"url\":\"https:\/\/www.covb.cat\/wp-content\/uploads\/2018\/07\/favicon-covb.png\",\"contentUrl\":\"https:\/\/www.covb.cat\/wp-content\/uploads\/2018\/07\/favicon-covb.png\",\"width\":512,\"height\":512,\"caption\":\"COVB\"},\"image\":{\"@id\":\"https:\/\/www.covb.cat\/es\/#\/schema\/logo\/image\/\"},\"sameAs\":[\"https:\/\/www.facebook.com\/COVBcat\/\",\"https:\/\/x.com\/COVBcat\",\"https:\/\/www.youtube.com\/user\/covbcn\"]}]}<\/script>\n<!-- \/ Yoast SEO plugin. -->","yoast_head_json":{"title":"Transparencia - COVB - Col\u00b7legi Oficial de Veterinaris de Barcelona","description":"PORTAL DE TRANSPARENCIA En cumplimiento de la Ley estatal 19\/2013, de 9 de diciembre y de la Ley catalana 19\/2014, de 29 de diciembre, de transparencia,","robots":{"index":"index","follow":"follow","max-snippet":"max-snippet:-1","max-image-preview":"max-image-preview:large","max-video-preview":"max-video-preview:-1"},"canonical":"https:\/\/www.covb.cat\/es\/transparencia\/transparencia\/","og_locale":"es_ES","og_type":"article","og_title":"Transparencia - COVB - Col\u00b7legi Oficial de Veterinaris de Barcelona","og_description":"PORTAL DE TRANSPARENCIA En cumplimiento de la Ley estatal 19\/2013, de 9 de diciembre y de la Ley catalana 19\/2014, de 29 de diciembre, de transparencia,","og_url":"https:\/\/www.covb.cat\/es\/transparencia\/transparencia\/","og_site_name":"COVB","article_publisher":"https:\/\/www.facebook.com\/COVBcat\/","article_modified_time":"2026-05-10T06:30:02+00:00","twitter_card":"summary_large_image","twitter_site":"@COVBcat","twitter_misc":{"Tiempo de lectura":"4 minutos"},"schema":{"@context":"https:\/\/schema.org","@graph":[{"@type":"WebPage","@id":"https:\/\/www.covb.cat\/es\/transparencia\/transparencia\/","url":"https:\/\/www.covb.cat\/es\/transparencia\/transparencia\/","name":"Transparencia - COVB - Col\u00b7legi Oficial de Veterinaris de Barcelona","isPartOf":{"@id":"https:\/\/www.covb.cat\/es\/#website"},"datePublished":"2019-12-17T09:11:29+00:00","dateModified":"2026-05-10T06:30:02+00:00","description":"PORTAL DE TRANSPARENCIA En cumplimiento de la Ley estatal 19\/2013, de 9 de diciembre y de la Ley catalana 19\/2014, de 29 de diciembre, de transparencia,","breadcrumb":{"@id":"https:\/\/www.covb.cat\/es\/transparencia\/transparencia\/#breadcrumb"},"inLanguage":"es","potentialAction":[{"@type":"ReadAction","target":["https:\/\/www.covb.cat\/es\/transparencia\/transparencia\/"]}]},{"@type":"BreadcrumbList","@id":"https:\/\/www.covb.cat\/es\/transparencia\/transparencia\/#breadcrumb","itemListElement":[{"@type":"ListItem","position":1,"name":"Inici","item":"https:\/\/www.covb.cat\/es\/"},{"@type":"ListItem","position":2,"name":"Transparencia","item":"https:\/\/www.covb.cat\/es\/transparencia\/"},{"@type":"ListItem","position":3,"name":"Transparencia"}]},{"@type":"WebSite","@id":"https:\/\/www.covb.cat\/es\/#website","url":"https:\/\/www.covb.cat\/es\/","name":"COVB","description":"Col\u00b7legi Oficial de Veterinaris de Barcelona","publisher":{"@id":"https:\/\/www.covb.cat\/es\/#organization"},"potentialAction":[{"@type":"SearchAction","target":{"@type":"EntryPoint","urlTemplate":"https:\/\/www.covb.cat\/es\/?s={search_term_string}"},"query-input":{"@type":"PropertyValueSpecification","valueRequired":true,"valueName":"search_term_string"}}],"inLanguage":"es"},{"@type":"Organization","@id":"https:\/\/www.covb.cat\/es\/#organization","name":"COVB","url":"https:\/\/www.covb.cat\/es\/","logo":{"@type":"ImageObject","inLanguage":"es","@id":"https:\/\/www.covb.cat\/es\/#\/schema\/logo\/image\/","url":"https:\/\/www.covb.cat\/wp-content\/uploads\/2018\/07\/favicon-covb.png","contentUrl":"https:\/\/www.covb.cat\/wp-content\/uploads\/2018\/07\/favicon-covb.png","width":512,"height":512,"caption":"COVB"},"image":{"@id":"https:\/\/www.covb.cat\/es\/#\/schema\/logo\/image\/"},"sameAs":["https:\/\/www.facebook.com\/COVBcat\/","https:\/\/x.com\/COVBcat","https:\/\/www.youtube.com\/user\/covbcn"]}]}},"jetpack_sharing_enabled":true,"_links":{"self":[{"href":"https:\/\/www.covb.cat\/es\/wp-json\/wp\/v2\/pages\/649","targetHints":{"allow":["GET"]}}],"collection":[{"href":"https:\/\/www.covb.cat\/es\/wp-json\/wp\/v2\/pages"}],"about":[{"href":"https:\/\/www.covb.cat\/es\/wp-json\/wp\/v2\/types\/page"}],"author":[{"embeddable":true,"href":"https:\/\/www.covb.cat\/es\/wp-json\/wp\/v2\/users\/2282"}],"replies":[{"embeddable":true,"href":"https:\/\/www.covb.cat\/es\/wp-json\/wp\/v2\/comments?post=649"}],"version-history":[{"count":5,"href":"https:\/\/www.covb.cat\/es\/wp-json\/wp\/v2\/pages\/649\/revisions"}],"predecessor-version":[{"id":69814,"href":"https:\/\/www.covb.cat\/es\/wp-json\/wp\/v2\/pages\/649\/revisions\/69814"}],"up":[{"embeddable":true,"href":"https:\/\/www.covb.cat\/es\/wp-json\/wp\/v2\/pages\/12401"}],"wp:attachment":[{"href":"https:\/\/www.covb.cat\/es\/wp-json\/wp\/v2\/media?parent=649"}],"curies":[{"name":"wp","href":"https:\/\/api.w.org\/{rel}","templated":true}]}}