{"id":51302,"date":"2024-12-05T09:05:56","date_gmt":"2024-12-05T08:05:56","guid":{"rendered":"https:\/\/www.covb.cat\/cookie-policy\/"},"modified":"2024-12-05T09:30:11","modified_gmt":"2024-12-05T08:30:11","slug":"cookie-policy","status":"publish","type":"page","link":"https:\/\/www.covb.cat\/es\/cookie-policy\/","title":{"rendered":"Pol\u00edtica de cookies"},"content":{"rendered":"<p><strong>INFORMACIO\u0301 SOBRE COOKIES<\/strong><br \/>\nD&#8217;acord amb el que disposa l&#8217;article 22.2 de la Llei 34\/2002, d&#8217;11 de juliol, de Serveis de la Societat de la Informaci\u00f3 i de Comer\u00e7 Electr\u00f2nic (LSSI-CE) vigent, COL. LEGI OFICIAL DE VETERINARIS DE BARCELONA ha de complir amb l&#8217;obligaci\u00f3 d&#8217;informar sobre les cookies que utilitza i les seves finalitats.<br \/>\nAquest lloc web utilitza cookies i\/o tecnologies similars que emmagatzemen i recuperen informaci\u00f3 quan navegues. Les cookies permeten a una p\u00e0gina web, entre altres coses, emmagatzemar i recuperar informaci\u00f3 sobre els h\u00e0bits de navegaci\u00f3 d&#8217;un Usuari o del seu equip i, depenent de la informaci\u00f3 que contingui i de la forma en qu\u00e8 utilitzi el seu equip, poden utilitzar-se per recon\u00e8ixer l&#8217;Usuari.<br \/>\nLes cookies s\u00f3n essencials per al funcionament d&#8217;internet, aportant innombrables avantatges en la prestaci\u00f3 de serveis interactius, facilitant-li a l&#8217;Usuari la navegaci\u00f3 i usabilitat de la nostra web.<br \/>\nL&#8217;usuari pot modificar la configuraci\u00f3 personalitzada <strong>AQU\u00cd<\/strong>.<\/p>\n<p>La informaci\u00f3 que li proporcionem a continuaci\u00f3 l&#8217;ajudar\u00e0 a comprendre els diferents tipus de cookies:<\/p>\n<table style=\"width: 100%; border: 1px solid #ccc;\">\n<tbody>\n<tr>\n<td rowspan=\"2\" width=\"141\"><strong>TIPUS DE COOKIES SEGONS L&#8217; ENTITAT QUE LES GESTIONI<\/strong><\/td>\n<td width=\"151\">COOKIES PR\u00d2PIES<\/td>\n<td width=\"302\">S\u00f3n aquelles que s&#8217; envien a l&#8217; equip terminal de l&#8217; usuari des d&#8217; un equip o domini gestionat pel propi editor i des del qual es presta el servei demanat per l&#8217; usuari.<\/td>\n<\/tr>\n<tr>\n<td width=\"151\">COOKIES DE TERCERS<\/td>\n<td width=\"302\">S\u00f3n aquelles que s&#8217;envien a l&#8217;equip terminal de l&#8217;usuari des d&#8217;un equip o domini que no \u00e9s gestionat per l&#8217;editor, sin\u00f3 per una altra entitat que tracta les dades obtingudes a trav\u00e9s de les cookies.<\/td>\n<\/tr>\n<tr>\n<td rowspan=\"2\" width=\"141\"><strong>TIPUS DE COOKIES SEGONS EL TERMINI DE TEMPS QUE ROMANGUIN ACTIVADES<\/strong><\/td>\n<td width=\"151\">COOKIES DE SESSI\u00d3<\/td>\n<td width=\"302\">S\u00f3n aquelles dissenyades per recaptar i emmagatzemar dades mentre l&#8217;usuari accedeix a una p\u00e0gina web. Se solen emprar per emmagatzemar informaci\u00f3 que nom\u00e9s interessa conservar per a la prestaci\u00f3 del servei sol\u00b7licitat per l&#8217;usuari en una sola ocasi\u00f3 (per exemple, una llista de productes adquirits) i desapareixen en acabar la sessi\u00f3.<\/td>\n<\/tr>\n<tr>\n<td width=\"151\">COOKIES PERSISTENTS<\/td>\n<td width=\"302\">S\u00f3n aquelles en qu\u00e8 les dades segueixen emmagatzemades al terminal i poden ser accedides i tractades durant un per\u00edode definit pel responsable de la cookie, i que pot anar d&#8217;uns minuts a diversos anys.<\/td>\n<\/tr>\n<tr>\n<td rowspan=\"5\" width=\"141\"><strong>TIPUS DE COOKIES SEGONS LA SEVA FINALITAT<\/strong><\/td>\n<td width=\"151\">COOKIES T\u00c8CNIQUES<\/td>\n<td width=\"302\">S\u00f3n aquelles que permeten a l&#8217;usuari la navegaci\u00f3 a trav\u00e9s d&#8217;una p\u00e0gina web, plataforma o aplicaci\u00f3 i la utilitzaci\u00f3 de les diferents opcions o serveis que hi hagi<\/td>\n<\/tr>\n<tr>\n<td width=\"151\">COOKIES DE PERSONALITZACI\u00d3<\/td>\n<td width=\"302\">Permeten aplicar caracter\u00edstiques pr\u00f2pies per a la navegaci\u00f3 de l&#8217;usuari pel website (Ex. idioma).<\/td>\n<\/tr>\n<tr>\n<td width=\"151\">COOKIES D&#8217; AN\u00c0LISI<\/td>\n<td width=\"302\">S\u00f3n aquelles que permeten al responsable d&#8217; aquestes el seguiment i an\u00e0lisi del comportament dels usuaris dels llocs web als quals estan vinculades, inclosa la quantificaci\u00f3 dels impactes dels anuncis. La informaci\u00f3 recollida mitjan\u00e7ant aquest tipus de cookies s&#8217;utilitza en el mesurament de l&#8217;activitat dels llocs web, aplicaci\u00f3 o plataforma, per tal d&#8217;introduir millores en funci\u00f3 de l&#8217;an\u00e0lisi de les dades d&#8217; \u00fas que fan els usuaris del servei.<\/td>\n<\/tr>\n<tr>\n<td width=\"148\">COOKIES PUBLICIT\u00c0RIES<\/td>\n<td width=\"298\">Permeten a l&#8217;editor incloure a la p\u00e0gina web espais publicitaris, segons el contingut de la pr\u00f2pia web.<\/td>\n<\/tr>\n<tr>\n<td width=\"148\">COOKIES DE PUBLICITAT COMPORTAMENTAL<\/td>\n<td width=\"298\">S\u00f3n aquelles que emmagatzemen informaci\u00f3 del comportament dels usuaris obtinguda a trav\u00e9s de l&#8217; observaci\u00f3 continuada dels seus h\u00e0bits de navegaci\u00f3, la qual cosa permet desenvolupar un perfil espec\u00edfic per mostrar publicitat en funci\u00f3 del mateix.<\/td>\n<\/tr>\n<\/tbody>\n<\/table>\n<p>Addicionalment, COL.LEGI OFICIAL DE VETERINARIS DE BARCELONA us informa de manera m\u00e9s detallada sobre les cookies que utilitza, els seus titulars, l\u2019\u00fas o la finalitat concreta de cada cookie i els terminis de conservaci\u00f3, aix\u00ed com sobre les transfer\u00e8ncies internacionals de dades de cadascuna de les cookies emprades al web:<\/p>\n<p><strong>COOKIES CONTROLADES PER L\u2019EDITOR<\/strong><\/p>\n<div class=\"table-responsive\">\n<table class=\"table\">\n<tbody>\n<tr>\n<td colspan=\"4\" rowspan=\"1\">Te\u0300cniques i funcional<\/td>\n<\/tr>\n<tr>\n<td>Propietat<\/td>\n<td>Cookie<\/td>\n<td>Finalitat<\/td>\n<td>Plac\u0327<\/td>\n<\/tr>\n<tr>\n<td>covb.cat<\/td>\n<td>cookie_notice_acce pted<\/td>\n<td>Cookie necessa\u0300ria per a la utilitzacio\u0301 de les opcions i serveis de la pa\u0300gina web<\/td>\n<td>en un mes<\/td>\n<\/tr>\n<tr>\n<td>covb.cat<\/td>\n<td>wordpress_test_co okie<\/td>\n<td>Conjunt de galetes de WordPress per comprovar si les galetes estan habilitades al navegador per proporcionar l\u2019experie\u0300ncia d\u2019usuari apropiada per als usuaris<\/td>\n<td>Sesio\u0301n<\/td>\n<\/tr>\n<\/tbody>\n<\/table>\n<\/div>\n<div class=\"table-responsive\">\n<table class=\"table\">\n<tbody>\n<tr>\n<td colspan=\"4\" rowspan=\"1\">Analitiques<\/td>\n<\/tr>\n<tr>\n<td>Propietat<\/td>\n<td>Cookie<\/td>\n<td>Finalitat<\/td>\n<td>Plac\u0327<\/td>\n<\/tr>\n<tr>\n<td>covb.cat<\/td>\n<td>_ga<\/td>\n<td>ID s\u2019utilitza per identificar els usuaris<\/td>\n<td>en 2 anys<\/td>\n<\/tr>\n<\/tbody>\n<\/table>\n<\/div>\n<div class=\"table-responsive\"><\/div>\n<p><strong>COOKIES DE TERCERS<\/strong><\/p>\n<p>Els serveis de tercers so\u0301n aliens al control de l\u2019editor. Els provei\u0308dors poden modificar en qualsevol moment les seves condicions de servei, finalitat i u\u0301s de les cookies, etc.<\/p>\n<p><strong>Provei\u0308dors externs d\u2019aquest lloc web:<\/strong><\/p>\n<div class=\"table-responsive\">\n<table class=\"table\">\n<tbody>\n<tr>\n<td>Editor<\/td>\n<td>Poli\u0301tica de privacitat<\/td>\n<\/tr>\n<tr>\n<td>Google Analytics<\/td>\n<td><a href=\"https:\/\/privacy.google.com\/take-control.html\" target=\"_blank\" rel=\"noopener noreferrer\">https:\/\/privacy.google.com\/take-control.html<\/a><\/td>\n<\/tr>\n<tr>\n<td>WordPress<\/td>\n<td><a href=\"https:\/\/wordpress.org\/about\/privacy\/cookies\/\" target=\"_blank\" rel=\"noopener noreferrer\">https:\/\/wordpress.org\/about\/privacy\/cookies\/<\/a><\/td>\n<\/tr>\n<\/tbody>\n<\/table>\n<\/div>\n<p><strong>COM GESTIONAR LES COOKIES DES DEL NAVEGADOR<\/strong><\/p>\n<div class=\"table-responsive\">\n<table class=\"table\">\n<tbody>\n<tr>\n<td>Eliminar les cookies del dispositiu<\/td>\n<td>Les cookies que ja es troben en un dispositiu es poden eliminar esborrant l\u2019historial del navegador, de manera que se suprimeixen les cookies de tots els llocs web visitats. No obstant aixo\u0300, tambe\u0301 es pot perdre part de la informacio\u0301 desada (per exemple, les dades d\u2019inici de sessio\u0301 o les prefere\u0300ncies de lloc web).<\/td>\n<\/tr>\n<tr>\n<td>Gestionar les cookies especi\u0301fiques del lloc<\/td>\n<td>Per tenir un control me\u0301s preci\u0301s de les cookies especi\u0301fiques de cada lloc, els usuaris poden ajustar la seva configuracio\u0301 de privacitat i cookies al navegador.<\/td>\n<\/tr>\n<tr>\n<td>Bloquejar les cookies<\/td>\n<td>Encara que la majoria dels navegadors moderns es poden configurar per evitar que s\u2019instal\u00b7lin cookies en els dispositius, aixo\u0300 pot obligar a ajustar manualment determinades prefere\u0300ncies cada vegada que es visiti un lloc o pa\u0300gina. A me\u0301s, alguns serveis i caracteri\u0301stiques poden no funcionar correctament (per exemple, els inicis de sessio\u0301 amb perfil).<\/td>\n<\/tr>\n<tr>\n<td colspan=\"2\" rowspan=\"1\">Tingueu en compte que, si accepteu cookies de tercers, les haureu d\u2019eliminar des de les opcions del navegador o mitjan\u00e7ant el sistema ofert pel tercer de qu\u00e8 es tracti.<br \/>\nA continuaci\u00f3 us proporcionem els enlla\u00e7os de diversos navegadors, a trav\u00e9s dels quals podreu modificar la configuraci\u00f3 del que tingueu al vostre terminal pel que fa a l\u2019\u00fas de cookies:<\/td>\n<\/tr>\n<tr>\n<td>Chrome<\/td>\n<td><a href=\"http:\/\/support.google.com\/chrome\/answer\/95647?hl=es\" target=\"_blank\" rel=\"noopener noreferrer\">http:\/\/support.google.com\/chrome\/answer\/95647?hl=es<\/a><\/td>\n<\/tr>\n<tr>\n<td>Internet Explorer. Versio\u0301 11<\/td>\n<td><a href=\"https:\/\/support.microsoft.com\/es-es\/help\/278835\/how-to-delete-cookie-files-in-internet-explorer\" target=\"_blank\" rel=\"noopener noreferrer\">https:\/\/support.microsoft.com\/es-es\/help\/278835\/how-to-delete-cookie-files-in-internet-explorer<\/a><\/td>\n<\/tr>\n<tr>\n<td>Firefox. Versio\u0301 65.0.1<\/td>\n<td><a href=\"https:\/\/www.mozilla.org\/es-ES\/privacy\/websites\/#cookies\" target=\"_blank\" rel=\"noopener noreferrer\">https:\/\/www.mozilla.org\/es-ES\/privacy\/websites\/#cookies<\/a><\/td>\n<\/tr>\n<tr>\n<td>Safari Versio\u0301 5.1<\/td>\n<td><a href=\"https:\/\/support.apple.com\/es-es\/guide\/safari\/sfri11471\/mac\" target=\"_blank\" rel=\"noopener noreferrer\">https:\/\/support.apple.com\/es-es\/guide\/safari\/sfri11471\/mac<\/a><\/td>\n<\/tr>\n<tr>\n<td>Opera<\/td>\n<td><a href=\"https:\/\/help.opera.com\/en\/latest\/security-and-privacy\/#clearBrowsingData\" target=\"_blank\" rel=\"noopener noreferrer\">https:\/\/help.opera.com\/en\/latest\/security-and-privacy\/#clearBrowsingData<\/a><\/td>\n<\/tr>\n<\/tbody>\n<\/table>\n<\/div>\n","protected":false},"excerpt":{"rendered":"<p>INFORMACIO\u0301 SOBRE COOKIES D&#8217;acord amb el que disposa l&#8217;article 22.2 de la Llei 34\/2002, d&#8217;11 de juliol, de Serveis de la Societat de la Informaci\u00f3 i de Comer\u00e7 Electr\u00f2nic (LSSI-CE) vigent, COL. LEGI OFICIAL DE VETERINARIS DE BARCELONA ha de complir amb l&#8217;obligaci\u00f3 d&#8217;informar sobre les cookies que utilitza i les seves finalitats. Aquest lloc [&hellip;]<\/p>\n","protected":false},"author":107,"featured_media":0,"parent":0,"menu_order":0,"comment_status":"closed","ping_status":"closed","template":"","meta":{"_monsterinsights_skip_tracking":false,"_monsterinsights_sitenote_active":false,"_monsterinsights_sitenote_note":"","_monsterinsights_sitenote_category":0,"footnotes":""},"class_list":["post-51302","page","type-page","status-publish","hentry"],"yoast_head":"<!-- This site is optimized with the Yoast SEO plugin v27.0 - https:\/\/yoast.com\/product\/yoast-seo-wordpress\/ -->\n<title>Pol\u00edtica de cookies - COVB - Col\u00b7legi Oficial de Veterinaris de Barcelona<\/title>\n<meta name=\"description\" content=\"INFORMACIO\u0301 SOBRE COOKIES D&#039;acord amb el que disposa l&#039;article 22.2 de la Llei 34\/2002, d&#039;11 de juliol, de Serveis de la Societat de la Informaci\u00f3 i de\" \/>\n<meta name=\"robots\" content=\"index, follow, max-snippet:-1, max-image-preview:large, max-video-preview:-1\" \/>\n<link rel=\"canonical\" href=\"https:\/\/www.covb.cat\/es\/cookie-policy\/\" \/>\n<meta property=\"og:locale\" content=\"es_ES\" \/>\n<meta property=\"og:type\" content=\"article\" \/>\n<meta property=\"og:title\" content=\"Pol\u00edtica de cookies - COVB - Col\u00b7legi Oficial de Veterinaris de Barcelona\" \/>\n<meta property=\"og:description\" content=\"INFORMACIO\u0301 SOBRE COOKIES D&#039;acord amb el que disposa l&#039;article 22.2 de la Llei 34\/2002, d&#039;11 de juliol, de Serveis de la Societat de la Informaci\u00f3 i de\" \/>\n<meta property=\"og:url\" content=\"https:\/\/www.covb.cat\/es\/cookie-policy\/\" \/>\n<meta property=\"og:site_name\" content=\"COVB\" \/>\n<meta property=\"article:publisher\" content=\"https:\/\/www.facebook.com\/COVBcat\/\" \/>\n<meta property=\"article:modified_time\" content=\"2024-12-05T08:30:11+00:00\" \/>\n<meta name=\"twitter:card\" content=\"summary_large_image\" \/>\n<meta name=\"twitter:site\" content=\"@COVBcat\" \/>\n<meta name=\"twitter:label1\" content=\"Tiempo de lectura\" \/>\n\t<meta name=\"twitter:data1\" content=\"6 minutos\" \/>\n<script type=\"application\/ld+json\" class=\"yoast-schema-graph\">{\"@context\":\"https:\/\/schema.org\",\"@graph\":[{\"@type\":\"WebPage\",\"@id\":\"https:\/\/www.covb.cat\/es\/cookie-policy\/\",\"url\":\"https:\/\/www.covb.cat\/es\/cookie-policy\/\",\"name\":\"Pol\u00edtica de cookies - COVB - Col\u00b7legi Oficial de Veterinaris de Barcelona\",\"isPartOf\":{\"@id\":\"https:\/\/www.covb.cat\/es\/#website\"},\"datePublished\":\"2024-12-05T08:05:56+00:00\",\"dateModified\":\"2024-12-05T08:30:11+00:00\",\"description\":\"INFORMACIO\u0301 SOBRE COOKIES D'acord amb el que disposa l'article 22.2 de la Llei 34\/2002, d'11 de juliol, de Serveis de la Societat de la Informaci\u00f3 i de\",\"breadcrumb\":{\"@id\":\"https:\/\/www.covb.cat\/es\/cookie-policy\/#breadcrumb\"},\"inLanguage\":\"es\",\"potentialAction\":[{\"@type\":\"ReadAction\",\"target\":[\"https:\/\/www.covb.cat\/es\/cookie-policy\/\"]}]},{\"@type\":\"BreadcrumbList\",\"@id\":\"https:\/\/www.covb.cat\/es\/cookie-policy\/#breadcrumb\",\"itemListElement\":[{\"@type\":\"ListItem\",\"position\":1,\"name\":\"Inici\",\"item\":\"https:\/\/www.covb.cat\/es\/\"},{\"@type\":\"ListItem\",\"position\":2,\"name\":\"Pol\u00edtica de cookies\"}]},{\"@type\":\"WebSite\",\"@id\":\"https:\/\/www.covb.cat\/es\/#website\",\"url\":\"https:\/\/www.covb.cat\/es\/\",\"name\":\"COVB\",\"description\":\"Col\u00b7legi Oficial de Veterinaris de Barcelona\",\"publisher\":{\"@id\":\"https:\/\/www.covb.cat\/es\/#organization\"},\"potentialAction\":[{\"@type\":\"SearchAction\",\"target\":{\"@type\":\"EntryPoint\",\"urlTemplate\":\"https:\/\/www.covb.cat\/es\/?s={search_term_string}\"},\"query-input\":{\"@type\":\"PropertyValueSpecification\",\"valueRequired\":true,\"valueName\":\"search_term_string\"}}],\"inLanguage\":\"es\"},{\"@type\":\"Organization\",\"@id\":\"https:\/\/www.covb.cat\/es\/#organization\",\"name\":\"COVB\",\"url\":\"https:\/\/www.covb.cat\/es\/\",\"logo\":{\"@type\":\"ImageObject\",\"inLanguage\":\"es\",\"@id\":\"https:\/\/www.covb.cat\/es\/#\/schema\/logo\/image\/\",\"url\":\"https:\/\/www.covb.cat\/wp-content\/uploads\/2018\/07\/favicon-covb.png\",\"contentUrl\":\"https:\/\/www.covb.cat\/wp-content\/uploads\/2018\/07\/favicon-covb.png\",\"width\":512,\"height\":512,\"caption\":\"COVB\"},\"image\":{\"@id\":\"https:\/\/www.covb.cat\/es\/#\/schema\/logo\/image\/\"},\"sameAs\":[\"https:\/\/www.facebook.com\/COVBcat\/\",\"https:\/\/x.com\/COVBcat\",\"https:\/\/www.youtube.com\/user\/covbcn\"]}]}<\/script>\n<!-- \/ Yoast SEO plugin. -->","yoast_head_json":{"title":"Pol\u00edtica de cookies - COVB - Col\u00b7legi Oficial de Veterinaris de Barcelona","description":"INFORMACIO\u0301 SOBRE COOKIES D'acord amb el que disposa l'article 22.2 de la Llei 34\/2002, d'11 de juliol, de Serveis de la Societat de la Informaci\u00f3 i de","robots":{"index":"index","follow":"follow","max-snippet":"max-snippet:-1","max-image-preview":"max-image-preview:large","max-video-preview":"max-video-preview:-1"},"canonical":"https:\/\/www.covb.cat\/es\/cookie-policy\/","og_locale":"es_ES","og_type":"article","og_title":"Pol\u00edtica de cookies - COVB - Col\u00b7legi Oficial de Veterinaris de Barcelona","og_description":"INFORMACIO\u0301 SOBRE COOKIES D'acord amb el que disposa l'article 22.2 de la Llei 34\/2002, d'11 de juliol, de Serveis de la Societat de la Informaci\u00f3 i de","og_url":"https:\/\/www.covb.cat\/es\/cookie-policy\/","og_site_name":"COVB","article_publisher":"https:\/\/www.facebook.com\/COVBcat\/","article_modified_time":"2024-12-05T08:30:11+00:00","twitter_card":"summary_large_image","twitter_site":"@COVBcat","twitter_misc":{"Tiempo de lectura":"6 minutos"},"schema":{"@context":"https:\/\/schema.org","@graph":[{"@type":"WebPage","@id":"https:\/\/www.covb.cat\/es\/cookie-policy\/","url":"https:\/\/www.covb.cat\/es\/cookie-policy\/","name":"Pol\u00edtica de cookies - COVB - Col\u00b7legi Oficial de Veterinaris de Barcelona","isPartOf":{"@id":"https:\/\/www.covb.cat\/es\/#website"},"datePublished":"2024-12-05T08:05:56+00:00","dateModified":"2024-12-05T08:30:11+00:00","description":"INFORMACIO\u0301 SOBRE COOKIES D'acord amb el que disposa l'article 22.2 de la Llei 34\/2002, d'11 de juliol, de Serveis de la Societat de la Informaci\u00f3 i de","breadcrumb":{"@id":"https:\/\/www.covb.cat\/es\/cookie-policy\/#breadcrumb"},"inLanguage":"es","potentialAction":[{"@type":"ReadAction","target":["https:\/\/www.covb.cat\/es\/cookie-policy\/"]}]},{"@type":"BreadcrumbList","@id":"https:\/\/www.covb.cat\/es\/cookie-policy\/#breadcrumb","itemListElement":[{"@type":"ListItem","position":1,"name":"Inici","item":"https:\/\/www.covb.cat\/es\/"},{"@type":"ListItem","position":2,"name":"Pol\u00edtica de cookies"}]},{"@type":"WebSite","@id":"https:\/\/www.covb.cat\/es\/#website","url":"https:\/\/www.covb.cat\/es\/","name":"COVB","description":"Col\u00b7legi Oficial de Veterinaris de Barcelona","publisher":{"@id":"https:\/\/www.covb.cat\/es\/#organization"},"potentialAction":[{"@type":"SearchAction","target":{"@type":"EntryPoint","urlTemplate":"https:\/\/www.covb.cat\/es\/?s={search_term_string}"},"query-input":{"@type":"PropertyValueSpecification","valueRequired":true,"valueName":"search_term_string"}}],"inLanguage":"es"},{"@type":"Organization","@id":"https:\/\/www.covb.cat\/es\/#organization","name":"COVB","url":"https:\/\/www.covb.cat\/es\/","logo":{"@type":"ImageObject","inLanguage":"es","@id":"https:\/\/www.covb.cat\/es\/#\/schema\/logo\/image\/","url":"https:\/\/www.covb.cat\/wp-content\/uploads\/2018\/07\/favicon-covb.png","contentUrl":"https:\/\/www.covb.cat\/wp-content\/uploads\/2018\/07\/favicon-covb.png","width":512,"height":512,"caption":"COVB"},"image":{"@id":"https:\/\/www.covb.cat\/es\/#\/schema\/logo\/image\/"},"sameAs":["https:\/\/www.facebook.com\/COVBcat\/","https:\/\/x.com\/COVBcat","https:\/\/www.youtube.com\/user\/covbcn"]}]}},"jetpack_sharing_enabled":true,"_links":{"self":[{"href":"https:\/\/www.covb.cat\/es\/wp-json\/wp\/v2\/pages\/51302","targetHints":{"allow":["GET"]}}],"collection":[{"href":"https:\/\/www.covb.cat\/es\/wp-json\/wp\/v2\/pages"}],"about":[{"href":"https:\/\/www.covb.cat\/es\/wp-json\/wp\/v2\/types\/page"}],"author":[{"embeddable":true,"href":"https:\/\/www.covb.cat\/es\/wp-json\/wp\/v2\/users\/107"}],"replies":[{"embeddable":true,"href":"https:\/\/www.covb.cat\/es\/wp-json\/wp\/v2\/comments?post=51302"}],"version-history":[{"count":6,"href":"https:\/\/www.covb.cat\/es\/wp-json\/wp\/v2\/pages\/51302\/revisions"}],"predecessor-version":[{"id":51315,"href":"https:\/\/www.covb.cat\/es\/wp-json\/wp\/v2\/pages\/51302\/revisions\/51315"}],"wp:attachment":[{"href":"https:\/\/www.covb.cat\/es\/wp-json\/wp\/v2\/media?parent=51302"}],"curies":[{"name":"wp","href":"https:\/\/api.w.org\/{rel}","templated":true}]}}