{"id":44383,"date":"2024-04-09T11:45:20","date_gmt":"2024-04-09T09:45:20","guid":{"rendered":"https:\/\/www.covb.cat\/?page_id=44383"},"modified":"2024-04-09T11:45:20","modified_gmt":"2024-04-09T09:45:20","slug":"clausula-de-proteccion-de-datos-el-covb-en-las-escuelas","status":"publish","type":"page","link":"https:\/\/www.covb.cat\/es\/clausula-de-proteccion-de-datos-el-covb-en-las-escuelas\/","title":{"rendered":"CL\u00c1USULA DE PROTECCI\u00d3N DE DATOS (El COVB en las escuelas)"},"content":{"rendered":"<p><strong>CL\u00c1USULA DE PROTECCI\u00d3N DE DATOS<\/strong><\/p>\n<p>En conformidad con la normativa vigente y aplicable en protecci\u00f3n de datos de car\u00e1cter personal, lo informamos que los datos facilitados en el presente documento ser\u00e1n incorporados al sistema de tratamiento titularidad del COLEGIO OFICIAL DE VETERINARIOS DE BARCELONA con NIF Q-0871001-D y domicilio social situado en AVENIDA REP\u00daBLICA ARGENTINA 21-25, 08023 BARCELONA, y que a continuaci\u00f3n se relacionan sus respectivas finalidades, plazos de conservaci\u00f3n y bases legitimadoras. Para aquellos tratamientos que lo requieran, se informa tambi\u00e9n de la posible elaboraci\u00f3n de perfiles y decisiones automatizadas, as\u00ed como las posibles cesiones y las transferencias internacionales que el COLEGIO OFICIAL DE VETERINARIOS DE BARCELONA tiene previsto realizar:<\/p>\n<p><strong>Finalidad:<\/strong> La gesti\u00f3n y organizaci\u00f3n de las actividades educativas en las escuelas enfocado al bienestar y responsabilidades de los propietarios de animales, as\u00ed como a la concienciaci\u00f3n de las necesidades de los animales, as\u00ed como aquellas cuestiones que se puedan derivar de la actividad. Plazo de conservaci\u00f3n: Hasta la prescripci\u00f3n de las posibles acciones derivadas del tratamiento.<\/p>\n<p><strong>Base leg\u00edtima:<\/strong> El consentimiento del interesado, mediante la firma del presente documento, para llevar a cabo el tratamiento de sus datos de car\u00e1cter personal con la finalidad espec\u00edfica que se ha descrito.<\/p>\n<p><strong>Decisiones automatizadas y\/o elaboraci\u00f3n de perfiles:<\/strong> No se prev\u00e9n decisiones automatizadas ni elaboraciones de perfiles.<\/p>\n<p><strong>Cesiones:<\/strong> Se prev\u00e9n cesiones de datos personales al Consejo de Colegios Veterinarios de Catalu\u00f1a y a aquellas otras personas que sean necesarias por la correcta prestaci\u00f3n de servicio.<\/p>\n<p><strong>Transferencias internacionales:<\/strong> No se prev\u00e9n transferencias internacionales de datos.<\/p>\n<p>Adicionalmente, lo informamos que puede contactar con el delegado de Protecci\u00f3n de Datos, dirigi\u00e9ndose por escrito a la direcci\u00f3n de correo <a href=\"mailto:dpd.cliente@conversia.es\">dpd.cliente@conversia.es<\/a><\/p>\n<p>De acuerdo con los derechos que le confiere la normativa vigente y aplicable en protecci\u00f3n de datos podr\u00e1 ejercer los derechos de acceso, rectificaci\u00f3n, limitaci\u00f3n de tratamiento, supresi\u00f3n (\u201cderecho en el olvido\u201d), portabilidad y oposici\u00f3n al tratamiento de sus datos de car\u00e1cter personal as\u00ed como la revocaci\u00f3n del consentimiento prestado para el tratamiento de estos, cumpliendo los requisitos legales y dirigiendo su petici\u00f3n a la direcci\u00f3n postal arriba indicada o al correo electr\u00f3nico covb@covb.cat<\/p>\n<p>Podr\u00e1 dirigirse a la Autoridad de Control competente, en este caso, la Agencia Espa\u00f1ola de Protecci\u00f3n de Datos, para presentar la reclamaci\u00f3n que considere oportuna.<\/p>\n","protected":false},"excerpt":{"rendered":"<p>CL\u00c1USULA DE PROTECCI\u00d3N DE DATOS En conformidad con la normativa vigente y aplicable en protecci\u00f3n de datos de car\u00e1cter personal, lo informamos que los datos facilitados en el presente documento ser\u00e1n incorporados al sistema de tratamiento titularidad del COLEGIO OFICIAL DE VETERINARIOS DE BARCELONA con NIF Q-0871001-D y domicilio social situado en AVENIDA REP\u00daBLICA ARGENTINA [&hellip;]<\/p>\n","protected":false},"author":79,"featured_media":0,"parent":0,"menu_order":0,"comment_status":"closed","ping_status":"closed","template":"","meta":{"_monsterinsights_skip_tracking":false,"_monsterinsights_sitenote_active":false,"_monsterinsights_sitenote_note":"","_monsterinsights_sitenote_category":0,"footnotes":""},"class_list":["post-44383","page","type-page","status-publish","hentry"],"yoast_head":"<!-- This site is optimized with the Yoast SEO plugin v27.0 - https:\/\/yoast.com\/product\/yoast-seo-wordpress\/ -->\n<title>CL\u00c1USULA DE PROTECCI\u00d3N DE DATOS (El COVB en las escuelas) - COVB - Col\u00b7legi Oficial de Veterinaris de Barcelona<\/title>\n<meta name=\"description\" content=\"CL\u00c1USULA DE PROTECCI\u00d3N DE DATOS En conformidad con la normativa vigente y aplicable en protecci\u00f3n de datos de car\u00e1cter personal, lo informamos que los\" \/>\n<meta name=\"robots\" content=\"index, follow, max-snippet:-1, max-image-preview:large, max-video-preview:-1\" \/>\n<link rel=\"canonical\" href=\"https:\/\/www.covb.cat\/es\/clausula-de-proteccion-de-datos-el-covb-en-las-escuelas\/\" \/>\n<meta property=\"og:locale\" content=\"es_ES\" \/>\n<meta property=\"og:type\" content=\"article\" \/>\n<meta property=\"og:title\" content=\"CL\u00c1USULA DE PROTECCI\u00d3N DE DATOS (El COVB en las escuelas) - COVB - Col\u00b7legi Oficial de Veterinaris de Barcelona\" \/>\n<meta property=\"og:description\" content=\"CL\u00c1USULA DE PROTECCI\u00d3N DE DATOS En conformidad con la normativa vigente y aplicable en protecci\u00f3n de datos de car\u00e1cter personal, lo informamos que los\" \/>\n<meta property=\"og:url\" content=\"https:\/\/www.covb.cat\/es\/clausula-de-proteccion-de-datos-el-covb-en-las-escuelas\/\" \/>\n<meta property=\"og:site_name\" content=\"COVB\" \/>\n<meta property=\"article:publisher\" content=\"https:\/\/www.facebook.com\/COVBcat\/\" \/>\n<meta name=\"twitter:card\" content=\"summary_large_image\" \/>\n<meta name=\"twitter:site\" content=\"@COVBcat\" \/>\n<meta name=\"twitter:label1\" content=\"Tiempo de lectura\" \/>\n\t<meta name=\"twitter:data1\" content=\"3 minutos\" \/>\n<script type=\"application\/ld+json\" class=\"yoast-schema-graph\">{\"@context\":\"https:\/\/schema.org\",\"@graph\":[{\"@type\":\"WebPage\",\"@id\":\"https:\/\/www.covb.cat\/es\/clausula-de-proteccion-de-datos-el-covb-en-las-escuelas\/\",\"url\":\"https:\/\/www.covb.cat\/es\/clausula-de-proteccion-de-datos-el-covb-en-las-escuelas\/\",\"name\":\"CL\u00c1USULA DE PROTECCI\u00d3N DE DATOS (El COVB en las escuelas) - COVB - Col\u00b7legi Oficial de Veterinaris de Barcelona\",\"isPartOf\":{\"@id\":\"https:\/\/www.covb.cat\/es\/#website\"},\"datePublished\":\"2024-04-09T09:45:20+00:00\",\"description\":\"CL\u00c1USULA DE PROTECCI\u00d3N DE DATOS En conformidad con la normativa vigente y aplicable en protecci\u00f3n de datos de car\u00e1cter personal, lo informamos que los\",\"breadcrumb\":{\"@id\":\"https:\/\/www.covb.cat\/es\/clausula-de-proteccion-de-datos-el-covb-en-las-escuelas\/#breadcrumb\"},\"inLanguage\":\"es\",\"potentialAction\":[{\"@type\":\"ReadAction\",\"target\":[\"https:\/\/www.covb.cat\/es\/clausula-de-proteccion-de-datos-el-covb-en-las-escuelas\/\"]}]},{\"@type\":\"BreadcrumbList\",\"@id\":\"https:\/\/www.covb.cat\/es\/clausula-de-proteccion-de-datos-el-covb-en-las-escuelas\/#breadcrumb\",\"itemListElement\":[{\"@type\":\"ListItem\",\"position\":1,\"name\":\"Inici\",\"item\":\"https:\/\/www.covb.cat\/es\/\"},{\"@type\":\"ListItem\",\"position\":2,\"name\":\"CL\u00c1USULA DE PROTECCI\u00d3N DE DATOS (El COVB en las escuelas)\"}]},{\"@type\":\"WebSite\",\"@id\":\"https:\/\/www.covb.cat\/es\/#website\",\"url\":\"https:\/\/www.covb.cat\/es\/\",\"name\":\"COVB\",\"description\":\"Col\u00b7legi Oficial de Veterinaris de Barcelona\",\"publisher\":{\"@id\":\"https:\/\/www.covb.cat\/es\/#organization\"},\"potentialAction\":[{\"@type\":\"SearchAction\",\"target\":{\"@type\":\"EntryPoint\",\"urlTemplate\":\"https:\/\/www.covb.cat\/es\/?s={search_term_string}\"},\"query-input\":{\"@type\":\"PropertyValueSpecification\",\"valueRequired\":true,\"valueName\":\"search_term_string\"}}],\"inLanguage\":\"es\"},{\"@type\":\"Organization\",\"@id\":\"https:\/\/www.covb.cat\/es\/#organization\",\"name\":\"COVB\",\"url\":\"https:\/\/www.covb.cat\/es\/\",\"logo\":{\"@type\":\"ImageObject\",\"inLanguage\":\"es\",\"@id\":\"https:\/\/www.covb.cat\/es\/#\/schema\/logo\/image\/\",\"url\":\"https:\/\/www.covb.cat\/wp-content\/uploads\/2018\/07\/favicon-covb.png\",\"contentUrl\":\"https:\/\/www.covb.cat\/wp-content\/uploads\/2018\/07\/favicon-covb.png\",\"width\":512,\"height\":512,\"caption\":\"COVB\"},\"image\":{\"@id\":\"https:\/\/www.covb.cat\/es\/#\/schema\/logo\/image\/\"},\"sameAs\":[\"https:\/\/www.facebook.com\/COVBcat\/\",\"https:\/\/x.com\/COVBcat\",\"https:\/\/www.youtube.com\/user\/covbcn\"]}]}<\/script>\n<!-- \/ Yoast SEO plugin. -->","yoast_head_json":{"title":"CL\u00c1USULA DE PROTECCI\u00d3N DE DATOS (El COVB en las escuelas) - COVB - Col\u00b7legi Oficial de Veterinaris de Barcelona","description":"CL\u00c1USULA DE PROTECCI\u00d3N DE DATOS En conformidad con la normativa vigente y aplicable en protecci\u00f3n de datos de car\u00e1cter personal, lo informamos que los","robots":{"index":"index","follow":"follow","max-snippet":"max-snippet:-1","max-image-preview":"max-image-preview:large","max-video-preview":"max-video-preview:-1"},"canonical":"https:\/\/www.covb.cat\/es\/clausula-de-proteccion-de-datos-el-covb-en-las-escuelas\/","og_locale":"es_ES","og_type":"article","og_title":"CL\u00c1USULA DE PROTECCI\u00d3N DE DATOS (El COVB en las escuelas) - COVB - Col\u00b7legi Oficial de Veterinaris de Barcelona","og_description":"CL\u00c1USULA DE PROTECCI\u00d3N DE DATOS En conformidad con la normativa vigente y aplicable en protecci\u00f3n de datos de car\u00e1cter personal, lo informamos que los","og_url":"https:\/\/www.covb.cat\/es\/clausula-de-proteccion-de-datos-el-covb-en-las-escuelas\/","og_site_name":"COVB","article_publisher":"https:\/\/www.facebook.com\/COVBcat\/","twitter_card":"summary_large_image","twitter_site":"@COVBcat","twitter_misc":{"Tiempo de lectura":"3 minutos"},"schema":{"@context":"https:\/\/schema.org","@graph":[{"@type":"WebPage","@id":"https:\/\/www.covb.cat\/es\/clausula-de-proteccion-de-datos-el-covb-en-las-escuelas\/","url":"https:\/\/www.covb.cat\/es\/clausula-de-proteccion-de-datos-el-covb-en-las-escuelas\/","name":"CL\u00c1USULA DE PROTECCI\u00d3N DE DATOS (El COVB en las escuelas) - COVB - Col\u00b7legi Oficial de Veterinaris de Barcelona","isPartOf":{"@id":"https:\/\/www.covb.cat\/es\/#website"},"datePublished":"2024-04-09T09:45:20+00:00","description":"CL\u00c1USULA DE PROTECCI\u00d3N DE DATOS En conformidad con la normativa vigente y aplicable en protecci\u00f3n de datos de car\u00e1cter personal, lo informamos que los","breadcrumb":{"@id":"https:\/\/www.covb.cat\/es\/clausula-de-proteccion-de-datos-el-covb-en-las-escuelas\/#breadcrumb"},"inLanguage":"es","potentialAction":[{"@type":"ReadAction","target":["https:\/\/www.covb.cat\/es\/clausula-de-proteccion-de-datos-el-covb-en-las-escuelas\/"]}]},{"@type":"BreadcrumbList","@id":"https:\/\/www.covb.cat\/es\/clausula-de-proteccion-de-datos-el-covb-en-las-escuelas\/#breadcrumb","itemListElement":[{"@type":"ListItem","position":1,"name":"Inici","item":"https:\/\/www.covb.cat\/es\/"},{"@type":"ListItem","position":2,"name":"CL\u00c1USULA DE PROTECCI\u00d3N DE DATOS (El COVB en las escuelas)"}]},{"@type":"WebSite","@id":"https:\/\/www.covb.cat\/es\/#website","url":"https:\/\/www.covb.cat\/es\/","name":"COVB","description":"Col\u00b7legi Oficial de Veterinaris de Barcelona","publisher":{"@id":"https:\/\/www.covb.cat\/es\/#organization"},"potentialAction":[{"@type":"SearchAction","target":{"@type":"EntryPoint","urlTemplate":"https:\/\/www.covb.cat\/es\/?s={search_term_string}"},"query-input":{"@type":"PropertyValueSpecification","valueRequired":true,"valueName":"search_term_string"}}],"inLanguage":"es"},{"@type":"Organization","@id":"https:\/\/www.covb.cat\/es\/#organization","name":"COVB","url":"https:\/\/www.covb.cat\/es\/","logo":{"@type":"ImageObject","inLanguage":"es","@id":"https:\/\/www.covb.cat\/es\/#\/schema\/logo\/image\/","url":"https:\/\/www.covb.cat\/wp-content\/uploads\/2018\/07\/favicon-covb.png","contentUrl":"https:\/\/www.covb.cat\/wp-content\/uploads\/2018\/07\/favicon-covb.png","width":512,"height":512,"caption":"COVB"},"image":{"@id":"https:\/\/www.covb.cat\/es\/#\/schema\/logo\/image\/"},"sameAs":["https:\/\/www.facebook.com\/COVBcat\/","https:\/\/x.com\/COVBcat","https:\/\/www.youtube.com\/user\/covbcn"]}]}},"jetpack_sharing_enabled":true,"_links":{"self":[{"href":"https:\/\/www.covb.cat\/es\/wp-json\/wp\/v2\/pages\/44383","targetHints":{"allow":["GET"]}}],"collection":[{"href":"https:\/\/www.covb.cat\/es\/wp-json\/wp\/v2\/pages"}],"about":[{"href":"https:\/\/www.covb.cat\/es\/wp-json\/wp\/v2\/types\/page"}],"author":[{"embeddable":true,"href":"https:\/\/www.covb.cat\/es\/wp-json\/wp\/v2\/users\/79"}],"replies":[{"embeddable":true,"href":"https:\/\/www.covb.cat\/es\/wp-json\/wp\/v2\/comments?post=44383"}],"version-history":[{"count":0,"href":"https:\/\/www.covb.cat\/es\/wp-json\/wp\/v2\/pages\/44383\/revisions"}],"wp:attachment":[{"href":"https:\/\/www.covb.cat\/es\/wp-json\/wp\/v2\/media?parent=44383"}],"curies":[{"name":"wp","href":"https:\/\/api.w.org\/{rel}","templated":true}]}}