{"id":44216,"date":"2024-04-04T19:30:59","date_gmt":"2024-04-04T17:30:59","guid":{"rendered":"https:\/\/www.covb.cat\/?page_id=44216"},"modified":"2025-12-12T10:44:22","modified_gmt":"2025-12-12T09:44:22","slug":"el-covb-en-las-escuelas","status":"publish","type":"page","link":"https:\/\/www.covb.cat\/es\/el-covb-en-las-escuelas\/","title":{"rendered":"El COVB en las escuelas"},"content":{"rendered":"<p style=\"font-weight: 400\"><strong>\u00bfQuieres que el COVB venga a tu escuela a explicar todo el que hace la veterinaria por la sociedad?<\/strong><\/p>\n<p style=\"font-weight: 400\">Salud p\u00fablica y seguridad alimentaria, bienestar animal, preservaci\u00f3n de la natura y los ecosistemas, la cura de los peque\u00f1os animales y la tenencia responsable&#8230; son algunas de las tareas que hacen los profesionales de la veterinaria. Para dar a conocer el papel de los veterinarios y su importancia, el COVB se suma a la iniciativa educativa en las Escuelas del Consejo de Colegios Veterinarios de Catalu\u00f1a y pone en marcha un programa educativo gratuito dirigido en los centros educativos de la provincia de Barcelona por el alumnado de 2.\u00ba y 6.\u00ba de primaria.<\/p>\n<p style=\"font-weight: 400\">La primera Aula a disposici\u00f3n de las escuelas trata sobre la responsabilidad que comporta tener un animal de compa\u00f1\u00eda. Con la ayuda de material audiovisual se tratan cuestiones como que hace falta para tener un animal de compa\u00f1\u00eda a casa en las mejores condiciones, el coste que supone tenerlo, la obligatoriedad de identificar y registrar los animales de compa\u00f1\u00eda con un microchip, los pasos a seguir en caso de encontrar un animal perdido o abandonado en la calle y como promover el bienestar de los animales. Al finalizar la actividad, los alumnos reciben un certificado, un cuento divulgativo y un llavero.<\/p>\n<p style=\"font-weight: 400\">Si quieres organizar una Aula Educativa de Veterinaria en tu escuela, llena el siguiente formulario.<\/p>\n<div style=\"padding: 20px 20px;border: 0px solid #ccc;background-color: #f4f4f4;border-radius: 10px\">\n<div class=\"wpcf7 no-js\" id=\"wpcf7-f44308-o1\" lang=\"ca\" dir=\"ltr\" data-wpcf7-id=\"44308\">\n<div class=\"screen-reader-response\"><p role=\"status\" aria-live=\"polite\" aria-atomic=\"true\"><\/p> <ul><\/ul><\/div>\n<form action=\"\/es\/wp-json\/wp\/v2\/pages\/44216#wpcf7-f44308-o1\" method=\"post\" class=\"wpcf7-form init\" aria-label=\"Formulari de contacte\" novalidate=\"novalidate\" data-status=\"init\">\n<fieldset class=\"hidden-fields-container\"><input type=\"hidden\" name=\"_wpcf7\" value=\"44308\" \/><input type=\"hidden\" name=\"_wpcf7_version\" value=\"6.1.5\" \/><input type=\"hidden\" name=\"_wpcf7_locale\" value=\"ca\" \/><input type=\"hidden\" name=\"_wpcf7_unit_tag\" value=\"wpcf7-f44308-o1\" \/><input type=\"hidden\" name=\"_wpcf7_container_post\" value=\"0\" \/><input type=\"hidden\" name=\"_wpcf7_posted_data_hash\" value=\"\" \/>\n<\/fieldset>\n<h4 class=\"fs-20\">Datos del centro\n<\/h4>\n<p><span class=\"wpcf7-form-control-wrap\" data-name=\"centre_educatiu\"><input size=\"40\" maxlength=\"400\" class=\"wpcf7-form-control wpcf7-text wpcf7-validates-as-required\" aria-required=\"true\" aria-invalid=\"false\" placeholder=\"Datos centro educativo*\" value=\"\" type=\"text\" name=\"centre_educatiu\" \/><\/span>\n<\/p>\n<p><span class=\"wpcf7-form-control-wrap\" data-name=\"poblacio\"><input size=\"40\" maxlength=\"400\" class=\"wpcf7-form-control wpcf7-text wpcf7-validates-as-required\" aria-required=\"true\" aria-invalid=\"false\" placeholder=\"Poblaci\u00f3n*\" value=\"\" type=\"text\" name=\"poblacio\" \/><\/span>\n<\/p>\n<h4 class=\"fs-20 mt-4\">Datos de contacto\n<\/h4>\n<p><span class=\"wpcf7-form-control-wrap\" data-name=\"contacte\"><input size=\"40\" maxlength=\"400\" class=\"wpcf7-form-control wpcf7-text wpcf7-validates-as-required\" aria-required=\"true\" aria-invalid=\"false\" placeholder=\"Persona de contacto (nombre y apellidos)*\" value=\"\" type=\"text\" name=\"contacte\" \/><\/span>\n<\/p>\n<div class=\"row\">\n\t<div class=\"col-sm-6 mb-2\">\n\t\t<p><span class=\"wpcf7-form-control-wrap\" data-name=\"telefon\"><input size=\"40\" maxlength=\"400\" class=\"wpcf7-form-control wpcf7-tel wpcf7-validates-as-required wpcf7-text wpcf7-validates-as-tel\" aria-required=\"true\" aria-invalid=\"false\" placeholder=\"Tel\u00e9fono de contacto*\" value=\"\" type=\"tel\" name=\"telefon\" \/><\/span>\n\t\t<\/p>\n\t<\/div>\n\t<div class=\"col-sm-6 mb-2\">\n\t\t<p><span class=\"wpcf7-form-control-wrap\" data-name=\"email\"><input size=\"40\" maxlength=\"400\" class=\"wpcf7-form-control wpcf7-email wpcf7-validates-as-required wpcf7-text wpcf7-validates-as-email\" aria-required=\"true\" aria-invalid=\"false\" placeholder=\"Email de contacto*\" value=\"\" type=\"email\" name=\"email\" \/><\/span>\n\t\t<\/p>\n\t<\/div>\n<\/div>\n<h4 class=\"fs-20 mt-4\">Datos de la solicitud\n<\/h4>\n<p><span class=\"wpcf7-form-control-wrap\" data-name=\"nivell\"><input size=\"40\" maxlength=\"400\" class=\"wpcf7-form-control wpcf7-text\" aria-invalid=\"false\" placeholder=\"Nivel de la\/s clase\/s\" value=\"\" type=\"text\" name=\"nivell\" \/><\/span>\n<\/p>\n<div class=\"row\">\n\t<div class=\"col-sm-6 mb-2\">\n\t\t<p>N\u00famero de alumnos (aprox):&nbsp;<span class=\"wpcf7-form-control-wrap\" data-name=\"alumnes\"><input class=\"wpcf7-form-control wpcf7-number wpcf7-validates-as-number\" aria-invalid=\"false\" value=\"\" type=\"number\" name=\"alumnes\" \/><\/span>\n\t\t<\/p>\n\t<\/div>\n\t<div class=\"col-sm-6 mb-2\">\n\t\t<p>Dia solicitado*:&nbsp;<span class=\"wpcf7-form-control-wrap\" data-name=\"dia\"><input class=\"wpcf7-form-control wpcf7-date wpcf7-validates-as-required wpcf7-validates-as-date\" aria-required=\"true\" aria-invalid=\"false\" value=\"\" type=\"date\" name=\"dia\" \/><\/span>\n\t\t<\/p>\n\t<\/div>\n<\/div>\n<p><span class=\"wpcf7-form-control-wrap\" data-name=\"observacions\"><textarea cols=\"40\" rows=\"10\" maxlength=\"2000\" class=\"wpcf7-form-control wpcf7-textarea\" aria-invalid=\"false\" placeholder=\"Observaciones\" name=\"observacions\"><\/textarea><\/span>\n<\/p>\n<p><label><br \/>\n<span class=\"wpcf7-form-control-wrap\" data-name=\"acceptance-765\"><span class=\"wpcf7-form-control wpcf7-acceptance\"><span class=\"wpcf7-list-item\"><input type=\"checkbox\" name=\"acceptance-765\" value=\"1\" aria-invalid=\"false\" \/><\/span><\/span><\/span> Doy mi consentimiento para compartir mis datos (<a href=\"https:\/\/www.covb.cat\/es\/clausula-de-proteccion-de-datos-el-covb-en-las-escuelas\/\" target=\"_blank\">Pol\u00edtica de Protecci\u00f3n de datos<\/a>) *<br \/>\n<\/label>\n<\/p>\n<p><input class=\"wpcf7-form-control wpcf7-submit has-spinner\" type=\"submit\" value=\"Enviar\" \/>\n<\/p><input type='hidden' class='wpcf7-pum' value='{\"closepopup\":false,\"closedelay\":0,\"openpopup\":false,\"openpopup_id\":0}' \/><div class=\"wpcf7-response-output\" aria-hidden=\"true\"><\/div>\n<\/form>\n<\/div>\n<\/div>\n<div><\/div>\n<div><b>\u00a0<\/b><\/div>\n<div><b>Si quieres formar parte del grupo de veterinarios que impartir\u00e1 las aulas, rellena el <a href=\"https:\/\/forms.gle\/3Er8qtgkoYmgE91JA\" target=\"_blank\" rel=\"noopener\" data-saferedirecturl=\"https:\/\/www.google.com\/url?q=https:\/\/forms.gle\/3Er8qtgkoYmgE91JA&amp;source=gmail&amp;ust=1713279043394000&amp;usg=AOvVaw2unOifnONYS14tWEZ7Rdyu\">siguiente formulario<\/a>.<\/b><\/div>\n","protected":false},"excerpt":{"rendered":"<p>\u00bfQuieres que el COVB venga a tu escuela a explicar todo el que hace la veterinaria por la sociedad? Salud p\u00fablica y seguridad alimentaria, bienestar animal, preservaci\u00f3n de la natura y los ecosistemas, la cura de los peque\u00f1os animales y la tenencia responsable&#8230; son algunas de las tareas que hacen los profesionales de la veterinaria. [&hellip;]<\/p>\n","protected":false},"author":2282,"featured_media":575,"parent":0,"menu_order":0,"comment_status":"closed","ping_status":"closed","template":"page-template-newpage.php","meta":{"_monsterinsights_skip_tracking":false,"_monsterinsights_sitenote_active":false,"_monsterinsights_sitenote_note":"","_monsterinsights_sitenote_category":0,"footnotes":""},"class_list":["post-44216","page","type-page","status-publish","has-post-thumbnail","hentry"],"yoast_head":"<!-- This site is optimized with the Yoast SEO plugin v27.0 - https:\/\/yoast.com\/product\/yoast-seo-wordpress\/ -->\n<title>El COVB en las escuelas - COVB - Col\u00b7legi Oficial de Veterinaris de Barcelona<\/title>\n<meta name=\"description\" content=\"\u00bfQuieres que el COVB venga a tu escuela a explicar todo el que hace la veterinaria por la sociedad? Salud p\u00fablica y seguridad alimentaria, bienestar\" \/>\n<meta name=\"robots\" content=\"index, follow, max-snippet:-1, max-image-preview:large, max-video-preview:-1\" \/>\n<link rel=\"canonical\" href=\"https:\/\/www.covb.cat\/es\/el-covb-en-las-escuelas\/\" \/>\n<meta property=\"og:locale\" content=\"es_ES\" \/>\n<meta property=\"og:type\" content=\"article\" \/>\n<meta property=\"og:title\" content=\"El COVB en las escuelas - COVB - Col\u00b7legi Oficial de Veterinaris de Barcelona\" \/>\n<meta property=\"og:description\" content=\"\u00bfQuieres que el COVB venga a tu escuela a explicar todo el que hace la veterinaria por la sociedad? Salud p\u00fablica y seguridad alimentaria, bienestar\" \/>\n<meta property=\"og:url\" content=\"https:\/\/www.covb.cat\/es\/el-covb-en-las-escuelas\/\" \/>\n<meta property=\"og:site_name\" content=\"COVB\" \/>\n<meta property=\"article:publisher\" content=\"https:\/\/www.facebook.com\/COVBcat\/\" \/>\n<meta property=\"article:modified_time\" content=\"2025-12-12T09:44:22+00:00\" \/>\n<meta property=\"og:image\" content=\"https:\/\/www.covb.cat\/wp-content\/uploads\/2019\/12\/covb.jpg\" \/>\n\t<meta property=\"og:image:width\" content=\"992\" \/>\n\t<meta property=\"og:image:height\" content=\"558\" \/>\n\t<meta property=\"og:image:type\" content=\"image\/jpeg\" \/>\n<meta name=\"twitter:card\" content=\"summary_large_image\" \/>\n<meta name=\"twitter:site\" content=\"@COVBcat\" \/>\n<meta name=\"twitter:label1\" content=\"Tiempo de lectura\" \/>\n\t<meta name=\"twitter:data1\" content=\"2 minutos\" \/>\n<script type=\"application\/ld+json\" class=\"yoast-schema-graph\">{\"@context\":\"https:\/\/schema.org\",\"@graph\":[{\"@type\":\"WebPage\",\"@id\":\"https:\/\/www.covb.cat\/es\/el-covb-en-las-escuelas\/\",\"url\":\"https:\/\/www.covb.cat\/es\/el-covb-en-las-escuelas\/\",\"name\":\"El COVB en las escuelas - COVB - Col\u00b7legi Oficial de Veterinaris de Barcelona\",\"isPartOf\":{\"@id\":\"https:\/\/www.covb.cat\/es\/#website\"},\"primaryImageOfPage\":{\"@id\":\"https:\/\/www.covb.cat\/es\/el-covb-en-las-escuelas\/#primaryimage\"},\"image\":{\"@id\":\"https:\/\/www.covb.cat\/es\/el-covb-en-las-escuelas\/#primaryimage\"},\"thumbnailUrl\":\"https:\/\/www.covb.cat\/wp-content\/uploads\/2019\/12\/covb.jpg\",\"datePublished\":\"2024-04-04T17:30:59+00:00\",\"dateModified\":\"2025-12-12T09:44:22+00:00\",\"description\":\"\u00bfQuieres que el COVB venga a tu escuela a explicar todo el que hace la veterinaria por la sociedad? Salud p\u00fablica y seguridad alimentaria, bienestar\",\"breadcrumb\":{\"@id\":\"https:\/\/www.covb.cat\/es\/el-covb-en-las-escuelas\/#breadcrumb\"},\"inLanguage\":\"es\",\"potentialAction\":[{\"@type\":\"ReadAction\",\"target\":[\"https:\/\/www.covb.cat\/es\/el-covb-en-las-escuelas\/\"]}]},{\"@type\":\"ImageObject\",\"inLanguage\":\"es\",\"@id\":\"https:\/\/www.covb.cat\/es\/el-covb-en-las-escuelas\/#primaryimage\",\"url\":\"https:\/\/www.covb.cat\/wp-content\/uploads\/2019\/12\/covb.jpg\",\"contentUrl\":\"https:\/\/www.covb.cat\/wp-content\/uploads\/2019\/12\/covb.jpg\",\"width\":992,\"height\":558},{\"@type\":\"BreadcrumbList\",\"@id\":\"https:\/\/www.covb.cat\/es\/el-covb-en-las-escuelas\/#breadcrumb\",\"itemListElement\":[{\"@type\":\"ListItem\",\"position\":1,\"name\":\"Inici\",\"item\":\"https:\/\/www.covb.cat\/es\/\"},{\"@type\":\"ListItem\",\"position\":2,\"name\":\"El COVB en las escuelas\"}]},{\"@type\":\"WebSite\",\"@id\":\"https:\/\/www.covb.cat\/es\/#website\",\"url\":\"https:\/\/www.covb.cat\/es\/\",\"name\":\"COVB\",\"description\":\"Col\u00b7legi Oficial de Veterinaris de Barcelona\",\"publisher\":{\"@id\":\"https:\/\/www.covb.cat\/es\/#organization\"},\"potentialAction\":[{\"@type\":\"SearchAction\",\"target\":{\"@type\":\"EntryPoint\",\"urlTemplate\":\"https:\/\/www.covb.cat\/es\/?s={search_term_string}\"},\"query-input\":{\"@type\":\"PropertyValueSpecification\",\"valueRequired\":true,\"valueName\":\"search_term_string\"}}],\"inLanguage\":\"es\"},{\"@type\":\"Organization\",\"@id\":\"https:\/\/www.covb.cat\/es\/#organization\",\"name\":\"COVB\",\"url\":\"https:\/\/www.covb.cat\/es\/\",\"logo\":{\"@type\":\"ImageObject\",\"inLanguage\":\"es\",\"@id\":\"https:\/\/www.covb.cat\/es\/#\/schema\/logo\/image\/\",\"url\":\"https:\/\/www.covb.cat\/wp-content\/uploads\/2018\/07\/favicon-covb.png\",\"contentUrl\":\"https:\/\/www.covb.cat\/wp-content\/uploads\/2018\/07\/favicon-covb.png\",\"width\":512,\"height\":512,\"caption\":\"COVB\"},\"image\":{\"@id\":\"https:\/\/www.covb.cat\/es\/#\/schema\/logo\/image\/\"},\"sameAs\":[\"https:\/\/www.facebook.com\/COVBcat\/\",\"https:\/\/x.com\/COVBcat\",\"https:\/\/www.youtube.com\/user\/covbcn\"]}]}<\/script>\n<!-- \/ Yoast SEO plugin. -->","yoast_head_json":{"title":"El COVB en las escuelas - COVB - Col\u00b7legi Oficial de Veterinaris de Barcelona","description":"\u00bfQuieres que el COVB venga a tu escuela a explicar todo el que hace la veterinaria por la sociedad? Salud p\u00fablica y seguridad alimentaria, bienestar","robots":{"index":"index","follow":"follow","max-snippet":"max-snippet:-1","max-image-preview":"max-image-preview:large","max-video-preview":"max-video-preview:-1"},"canonical":"https:\/\/www.covb.cat\/es\/el-covb-en-las-escuelas\/","og_locale":"es_ES","og_type":"article","og_title":"El COVB en las escuelas - COVB - Col\u00b7legi Oficial de Veterinaris de Barcelona","og_description":"\u00bfQuieres que el COVB venga a tu escuela a explicar todo el que hace la veterinaria por la sociedad? Salud p\u00fablica y seguridad alimentaria, bienestar","og_url":"https:\/\/www.covb.cat\/es\/el-covb-en-las-escuelas\/","og_site_name":"COVB","article_publisher":"https:\/\/www.facebook.com\/COVBcat\/","article_modified_time":"2025-12-12T09:44:22+00:00","og_image":[{"width":992,"height":558,"url":"https:\/\/www.covb.cat\/wp-content\/uploads\/2019\/12\/covb.jpg","type":"image\/jpeg"}],"twitter_card":"summary_large_image","twitter_site":"@COVBcat","twitter_misc":{"Tiempo de lectura":"2 minutos"},"schema":{"@context":"https:\/\/schema.org","@graph":[{"@type":"WebPage","@id":"https:\/\/www.covb.cat\/es\/el-covb-en-las-escuelas\/","url":"https:\/\/www.covb.cat\/es\/el-covb-en-las-escuelas\/","name":"El COVB en las escuelas - COVB - Col\u00b7legi Oficial de Veterinaris de Barcelona","isPartOf":{"@id":"https:\/\/www.covb.cat\/es\/#website"},"primaryImageOfPage":{"@id":"https:\/\/www.covb.cat\/es\/el-covb-en-las-escuelas\/#primaryimage"},"image":{"@id":"https:\/\/www.covb.cat\/es\/el-covb-en-las-escuelas\/#primaryimage"},"thumbnailUrl":"https:\/\/www.covb.cat\/wp-content\/uploads\/2019\/12\/covb.jpg","datePublished":"2024-04-04T17:30:59+00:00","dateModified":"2025-12-12T09:44:22+00:00","description":"\u00bfQuieres que el COVB venga a tu escuela a explicar todo el que hace la veterinaria por la sociedad? Salud p\u00fablica y seguridad alimentaria, bienestar","breadcrumb":{"@id":"https:\/\/www.covb.cat\/es\/el-covb-en-las-escuelas\/#breadcrumb"},"inLanguage":"es","potentialAction":[{"@type":"ReadAction","target":["https:\/\/www.covb.cat\/es\/el-covb-en-las-escuelas\/"]}]},{"@type":"ImageObject","inLanguage":"es","@id":"https:\/\/www.covb.cat\/es\/el-covb-en-las-escuelas\/#primaryimage","url":"https:\/\/www.covb.cat\/wp-content\/uploads\/2019\/12\/covb.jpg","contentUrl":"https:\/\/www.covb.cat\/wp-content\/uploads\/2019\/12\/covb.jpg","width":992,"height":558},{"@type":"BreadcrumbList","@id":"https:\/\/www.covb.cat\/es\/el-covb-en-las-escuelas\/#breadcrumb","itemListElement":[{"@type":"ListItem","position":1,"name":"Inici","item":"https:\/\/www.covb.cat\/es\/"},{"@type":"ListItem","position":2,"name":"El COVB en las escuelas"}]},{"@type":"WebSite","@id":"https:\/\/www.covb.cat\/es\/#website","url":"https:\/\/www.covb.cat\/es\/","name":"COVB","description":"Col\u00b7legi Oficial de Veterinaris de Barcelona","publisher":{"@id":"https:\/\/www.covb.cat\/es\/#organization"},"potentialAction":[{"@type":"SearchAction","target":{"@type":"EntryPoint","urlTemplate":"https:\/\/www.covb.cat\/es\/?s={search_term_string}"},"query-input":{"@type":"PropertyValueSpecification","valueRequired":true,"valueName":"search_term_string"}}],"inLanguage":"es"},{"@type":"Organization","@id":"https:\/\/www.covb.cat\/es\/#organization","name":"COVB","url":"https:\/\/www.covb.cat\/es\/","logo":{"@type":"ImageObject","inLanguage":"es","@id":"https:\/\/www.covb.cat\/es\/#\/schema\/logo\/image\/","url":"https:\/\/www.covb.cat\/wp-content\/uploads\/2018\/07\/favicon-covb.png","contentUrl":"https:\/\/www.covb.cat\/wp-content\/uploads\/2018\/07\/favicon-covb.png","width":512,"height":512,"caption":"COVB"},"image":{"@id":"https:\/\/www.covb.cat\/es\/#\/schema\/logo\/image\/"},"sameAs":["https:\/\/www.facebook.com\/COVBcat\/","https:\/\/x.com\/COVBcat","https:\/\/www.youtube.com\/user\/covbcn"]}]}},"jetpack_sharing_enabled":true,"_links":{"self":[{"href":"https:\/\/www.covb.cat\/es\/wp-json\/wp\/v2\/pages\/44216","targetHints":{"allow":["GET"]}}],"collection":[{"href":"https:\/\/www.covb.cat\/es\/wp-json\/wp\/v2\/pages"}],"about":[{"href":"https:\/\/www.covb.cat\/es\/wp-json\/wp\/v2\/types\/page"}],"author":[{"embeddable":true,"href":"https:\/\/www.covb.cat\/es\/wp-json\/wp\/v2\/users\/2282"}],"replies":[{"embeddable":true,"href":"https:\/\/www.covb.cat\/es\/wp-json\/wp\/v2\/comments?post=44216"}],"version-history":[{"count":1,"href":"https:\/\/www.covb.cat\/es\/wp-json\/wp\/v2\/pages\/44216\/revisions"}],"predecessor-version":[{"id":65020,"href":"https:\/\/www.covb.cat\/es\/wp-json\/wp\/v2\/pages\/44216\/revisions\/65020"}],"wp:featuredmedia":[{"embeddable":true,"href":"https:\/\/www.covb.cat\/es\/wp-json\/wp\/v2\/media\/575"}],"wp:attachment":[{"href":"https:\/\/www.covb.cat\/es\/wp-json\/wp\/v2\/media?parent=44216"}],"curies":[{"name":"wp","href":"https:\/\/api.w.org\/{rel}","templated":true}]}}