{"id":17410,"date":"2022-03-09T11:26:45","date_gmt":"2022-03-09T10:26:45","guid":{"rendered":"https:\/\/www.covb.cat\/taulell-danuncis\/"},"modified":"2024-01-23T16:10:43","modified_gmt":"2024-01-23T15:10:43","slug":"taulell-danuncis","status":"publish","type":"page","link":"https:\/\/www.covb.cat\/es\/taulell-danuncis\/","title":{"rendered":"Tabl\u00f3n de anuncios"},"content":{"rendered":"<p>Dentro de los servicios que ofrece el\u00a0COVB, se incluye el Tabl\u00f3n de Anuncios, donde los profesionales pueden anunciar la venta de material o el traspaso de una cl\u00ednica.<\/p>\n<p>A continuaci\u00f3n encontrar\u00e1s los anuncios de traspaso de cl\u00ednica y de venta de material de los \u00faltimos seis meses.<\/p>\n<p>Si quieres publicar tu anuncio tienes que llenar el formulario mediante el siguiente enlace<\/p>\n<p><a class=\"position-relative btn bg-pink white sans px-4 b-radius-0 mt-3\" href=\"https:\/\/www.covb.cat\/es\/taulell-danuncis\/publica-el-teu-anunci\/\">Publicar anuncio<\/a><\/p>\n<p>Para cualquier duda o sugerencia te puedes poner en contacto al correo electr\u00f3nico <a href=\"mailto:formacio@covb.cat\" target=\"_blank\" rel=\"noopener\">formacio@covb.cat<\/a> o por tel\u00e9fono 93.211.24.66. Ext. 3<\/p>\n","protected":false},"excerpt":{"rendered":"<p>Dentro de los servicios que ofrece el\u00a0COVB, se incluye el Tabl\u00f3n de Anuncios, donde los profesionales pueden anunciar la venta de material o el traspaso de una cl\u00ednica. A continuaci\u00f3n encontrar\u00e1s los anuncios de traspaso de cl\u00ednica y de venta de material de los \u00faltimos seis meses. Si quieres publicar tu anuncio tienes que llenar [&hellip;]<\/p>\n","protected":false},"author":107,"featured_media":0,"parent":0,"menu_order":0,"comment_status":"closed","ping_status":"closed","template":"page-template-taulell-anuncis.php","meta":{"_monsterinsights_skip_tracking":false,"_monsterinsights_sitenote_active":false,"_monsterinsights_sitenote_note":"","_monsterinsights_sitenote_category":0,"footnotes":""},"class_list":["post-17410","page","type-page","status-publish","hentry"],"yoast_head":"<!-- This site is optimized with the Yoast SEO plugin v27.0 - https:\/\/yoast.com\/product\/yoast-seo-wordpress\/ -->\n<title>Tabl\u00f3n de anuncios - COVB - Col\u00b7legi Oficial de Veterinaris de Barcelona<\/title>\n<meta name=\"description\" content=\"Dentro de los servicios que ofrece el\u00a0COVB, se incluye el Tabl\u00f3n de Anuncios, donde los profesionales pueden anunciar la venta de material o el traspaso\" \/>\n<meta name=\"robots\" content=\"index, follow, max-snippet:-1, max-image-preview:large, max-video-preview:-1\" \/>\n<link rel=\"canonical\" href=\"https:\/\/www.covb.cat\/es\/taulell-danuncis\/\" \/>\n<meta property=\"og:locale\" content=\"es_ES\" \/>\n<meta property=\"og:type\" content=\"article\" \/>\n<meta property=\"og:title\" content=\"Tabl\u00f3n de anuncios - COVB - Col\u00b7legi Oficial de Veterinaris de Barcelona\" \/>\n<meta property=\"og:description\" content=\"Dentro de los servicios que ofrece el\u00a0COVB, se incluye el Tabl\u00f3n de Anuncios, donde los profesionales pueden anunciar la venta de material o el traspaso\" \/>\n<meta property=\"og:url\" content=\"https:\/\/www.covb.cat\/es\/taulell-danuncis\/\" \/>\n<meta property=\"og:site_name\" content=\"COVB\" \/>\n<meta property=\"article:publisher\" content=\"https:\/\/www.facebook.com\/COVBcat\/\" \/>\n<meta property=\"article:modified_time\" content=\"2024-01-23T15:10:43+00:00\" \/>\n<meta name=\"twitter:card\" content=\"summary_large_image\" \/>\n<meta name=\"twitter:site\" content=\"@COVBcat\" \/>\n<meta name=\"twitter:label1\" content=\"Tiempo de lectura\" \/>\n\t<meta name=\"twitter:data1\" content=\"1 minuto\" \/>\n<script type=\"application\/ld+json\" class=\"yoast-schema-graph\">{\"@context\":\"https:\/\/schema.org\",\"@graph\":[{\"@type\":\"WebPage\",\"@id\":\"https:\/\/www.covb.cat\/es\/taulell-danuncis\/\",\"url\":\"https:\/\/www.covb.cat\/es\/taulell-danuncis\/\",\"name\":\"Tabl\u00f3n de anuncios - COVB - Col\u00b7legi Oficial de Veterinaris de Barcelona\",\"isPartOf\":{\"@id\":\"https:\/\/www.covb.cat\/es\/#website\"},\"datePublished\":\"2022-03-09T10:26:45+00:00\",\"dateModified\":\"2024-01-23T15:10:43+00:00\",\"description\":\"Dentro de los servicios que ofrece el\u00a0COVB, se incluye el Tabl\u00f3n de Anuncios, donde los profesionales pueden anunciar la venta de material o el traspaso\",\"breadcrumb\":{\"@id\":\"https:\/\/www.covb.cat\/es\/taulell-danuncis\/#breadcrumb\"},\"inLanguage\":\"es\",\"potentialAction\":[{\"@type\":\"ReadAction\",\"target\":[\"https:\/\/www.covb.cat\/es\/taulell-danuncis\/\"]}]},{\"@type\":\"BreadcrumbList\",\"@id\":\"https:\/\/www.covb.cat\/es\/taulell-danuncis\/#breadcrumb\",\"itemListElement\":[{\"@type\":\"ListItem\",\"position\":1,\"name\":\"Inici\",\"item\":\"https:\/\/www.covb.cat\/es\/\"},{\"@type\":\"ListItem\",\"position\":2,\"name\":\"Tabl\u00f3n de anuncios\"}]},{\"@type\":\"WebSite\",\"@id\":\"https:\/\/www.covb.cat\/es\/#website\",\"url\":\"https:\/\/www.covb.cat\/es\/\",\"name\":\"COVB\",\"description\":\"Col\u00b7legi Oficial de Veterinaris de Barcelona\",\"publisher\":{\"@id\":\"https:\/\/www.covb.cat\/es\/#organization\"},\"potentialAction\":[{\"@type\":\"SearchAction\",\"target\":{\"@type\":\"EntryPoint\",\"urlTemplate\":\"https:\/\/www.covb.cat\/es\/?s={search_term_string}\"},\"query-input\":{\"@type\":\"PropertyValueSpecification\",\"valueRequired\":true,\"valueName\":\"search_term_string\"}}],\"inLanguage\":\"es\"},{\"@type\":\"Organization\",\"@id\":\"https:\/\/www.covb.cat\/es\/#organization\",\"name\":\"COVB\",\"url\":\"https:\/\/www.covb.cat\/es\/\",\"logo\":{\"@type\":\"ImageObject\",\"inLanguage\":\"es\",\"@id\":\"https:\/\/www.covb.cat\/es\/#\/schema\/logo\/image\/\",\"url\":\"https:\/\/www.covb.cat\/wp-content\/uploads\/2018\/07\/favicon-covb.png\",\"contentUrl\":\"https:\/\/www.covb.cat\/wp-content\/uploads\/2018\/07\/favicon-covb.png\",\"width\":512,\"height\":512,\"caption\":\"COVB\"},\"image\":{\"@id\":\"https:\/\/www.covb.cat\/es\/#\/schema\/logo\/image\/\"},\"sameAs\":[\"https:\/\/www.facebook.com\/COVBcat\/\",\"https:\/\/x.com\/COVBcat\",\"https:\/\/www.youtube.com\/user\/covbcn\"]}]}<\/script>\n<!-- \/ Yoast SEO plugin. -->","yoast_head_json":{"title":"Tabl\u00f3n de anuncios - COVB - Col\u00b7legi Oficial de Veterinaris de Barcelona","description":"Dentro de los servicios que ofrece el\u00a0COVB, se incluye el Tabl\u00f3n de Anuncios, donde los profesionales pueden anunciar la venta de material o el traspaso","robots":{"index":"index","follow":"follow","max-snippet":"max-snippet:-1","max-image-preview":"max-image-preview:large","max-video-preview":"max-video-preview:-1"},"canonical":"https:\/\/www.covb.cat\/es\/taulell-danuncis\/","og_locale":"es_ES","og_type":"article","og_title":"Tabl\u00f3n de anuncios - COVB - Col\u00b7legi Oficial de Veterinaris de Barcelona","og_description":"Dentro de los servicios que ofrece el\u00a0COVB, se incluye el Tabl\u00f3n de Anuncios, donde los profesionales pueden anunciar la venta de material o el traspaso","og_url":"https:\/\/www.covb.cat\/es\/taulell-danuncis\/","og_site_name":"COVB","article_publisher":"https:\/\/www.facebook.com\/COVBcat\/","article_modified_time":"2024-01-23T15:10:43+00:00","twitter_card":"summary_large_image","twitter_site":"@COVBcat","twitter_misc":{"Tiempo de lectura":"1 minuto"},"schema":{"@context":"https:\/\/schema.org","@graph":[{"@type":"WebPage","@id":"https:\/\/www.covb.cat\/es\/taulell-danuncis\/","url":"https:\/\/www.covb.cat\/es\/taulell-danuncis\/","name":"Tabl\u00f3n de anuncios - COVB - Col\u00b7legi Oficial de Veterinaris de Barcelona","isPartOf":{"@id":"https:\/\/www.covb.cat\/es\/#website"},"datePublished":"2022-03-09T10:26:45+00:00","dateModified":"2024-01-23T15:10:43+00:00","description":"Dentro de los servicios que ofrece el\u00a0COVB, se incluye el Tabl\u00f3n de Anuncios, donde los profesionales pueden anunciar la venta de material o el traspaso","breadcrumb":{"@id":"https:\/\/www.covb.cat\/es\/taulell-danuncis\/#breadcrumb"},"inLanguage":"es","potentialAction":[{"@type":"ReadAction","target":["https:\/\/www.covb.cat\/es\/taulell-danuncis\/"]}]},{"@type":"BreadcrumbList","@id":"https:\/\/www.covb.cat\/es\/taulell-danuncis\/#breadcrumb","itemListElement":[{"@type":"ListItem","position":1,"name":"Inici","item":"https:\/\/www.covb.cat\/es\/"},{"@type":"ListItem","position":2,"name":"Tabl\u00f3n de anuncios"}]},{"@type":"WebSite","@id":"https:\/\/www.covb.cat\/es\/#website","url":"https:\/\/www.covb.cat\/es\/","name":"COVB","description":"Col\u00b7legi Oficial de Veterinaris de Barcelona","publisher":{"@id":"https:\/\/www.covb.cat\/es\/#organization"},"potentialAction":[{"@type":"SearchAction","target":{"@type":"EntryPoint","urlTemplate":"https:\/\/www.covb.cat\/es\/?s={search_term_string}"},"query-input":{"@type":"PropertyValueSpecification","valueRequired":true,"valueName":"search_term_string"}}],"inLanguage":"es"},{"@type":"Organization","@id":"https:\/\/www.covb.cat\/es\/#organization","name":"COVB","url":"https:\/\/www.covb.cat\/es\/","logo":{"@type":"ImageObject","inLanguage":"es","@id":"https:\/\/www.covb.cat\/es\/#\/schema\/logo\/image\/","url":"https:\/\/www.covb.cat\/wp-content\/uploads\/2018\/07\/favicon-covb.png","contentUrl":"https:\/\/www.covb.cat\/wp-content\/uploads\/2018\/07\/favicon-covb.png","width":512,"height":512,"caption":"COVB"},"image":{"@id":"https:\/\/www.covb.cat\/es\/#\/schema\/logo\/image\/"},"sameAs":["https:\/\/www.facebook.com\/COVBcat\/","https:\/\/x.com\/COVBcat","https:\/\/www.youtube.com\/user\/covbcn"]}]}},"jetpack_sharing_enabled":true,"_links":{"self":[{"href":"https:\/\/www.covb.cat\/es\/wp-json\/wp\/v2\/pages\/17410","targetHints":{"allow":["GET"]}}],"collection":[{"href":"https:\/\/www.covb.cat\/es\/wp-json\/wp\/v2\/pages"}],"about":[{"href":"https:\/\/www.covb.cat\/es\/wp-json\/wp\/v2\/types\/page"}],"author":[{"embeddable":true,"href":"https:\/\/www.covb.cat\/es\/wp-json\/wp\/v2\/users\/107"}],"replies":[{"embeddable":true,"href":"https:\/\/www.covb.cat\/es\/wp-json\/wp\/v2\/comments?post=17410"}],"version-history":[{"count":0,"href":"https:\/\/www.covb.cat\/es\/wp-json\/wp\/v2\/pages\/17410\/revisions"}],"wp:attachment":[{"href":"https:\/\/www.covb.cat\/es\/wp-json\/wp\/v2\/media?parent=17410"}],"curies":[{"name":"wp","href":"https:\/\/api.w.org\/{rel}","templated":true}]}}