{"id":15440,"date":"2022-01-17T15:39:22","date_gmt":"2022-01-17T14:39:22","guid":{"rendered":"https:\/\/www.covb.cat\/?page_id=15440"},"modified":"2022-03-11T15:42:14","modified_gmt":"2022-03-11T14:42:14","slug":"inscripcio-per-assistir-a-lacte-dels-premis-vets","status":"publish","type":"page","link":"https:\/\/www.covb.cat\/es\/inscripcio-per-assistir-a-lacte-dels-premis-vets\/","title":{"rendered":"Inscripci\u00f3 per assistir a l\u2019acte dels Premis VETS"},"content":{"rendered":"<p>Assistir\u00e9 a l\u2019entrega dels\u00a0<b>PREMIS VETS 2021<\/b>, que se celebrar\u00e0 el pr\u00f2xim 22 de mar\u00e7 de 2022 a les 19:30 hores a l\u2019Auditori AXA de Barcelona (Av. Diagonal, 547).<\/p>\n\n<div class=\"wpcf7 no-js\" id=\"wpcf7-f15439-o1\" lang=\"ca\" dir=\"ltr\" data-wpcf7-id=\"15439\">\n<div class=\"screen-reader-response\"><p role=\"status\" aria-live=\"polite\" aria-atomic=\"true\"><\/p> <ul><\/ul><\/div>\n<form action=\"\/es\/wp-json\/wp\/v2\/pages\/15440#wpcf7-f15439-o1\" method=\"post\" class=\"wpcf7-form init\" aria-label=\"Formulari de contacte\" novalidate=\"novalidate\" data-status=\"init\">\n<fieldset class=\"hidden-fields-container\"><input type=\"hidden\" name=\"_wpcf7\" value=\"15439\" \/><input type=\"hidden\" name=\"_wpcf7_version\" value=\"6.1.5\" \/><input type=\"hidden\" name=\"_wpcf7_locale\" value=\"ca\" \/><input type=\"hidden\" name=\"_wpcf7_unit_tag\" value=\"wpcf7-f15439-o1\" \/><input type=\"hidden\" name=\"_wpcf7_container_post\" value=\"0\" \/><input type=\"hidden\" name=\"_wpcf7_posted_data_hash\" value=\"\" \/>\n<\/fieldset>\n<p><label> Nom*:<br \/>\n<span class=\"wpcf7-form-control-wrap\" data-name=\"nom\"><input size=\"40\" maxlength=\"400\" class=\"wpcf7-form-control wpcf7-text wpcf7-validates-as-required\" aria-required=\"true\" aria-invalid=\"false\" value=\"\" type=\"text\" name=\"nom\" \/><\/span> <\/label>\n<\/p>\n<p><label> Cognoms*:<br \/>\n<span class=\"wpcf7-form-control-wrap\" data-name=\"cognoms\"><input size=\"40\" maxlength=\"400\" class=\"wpcf7-form-control wpcf7-text wpcf7-validates-as-required\" aria-required=\"true\" aria-invalid=\"false\" value=\"\" type=\"text\" name=\"cognoms\" \/><\/span> <\/label>\n<\/p>\n<p><label> Correu electr\u00f2nic*:<br \/>\n<span class=\"wpcf7-form-control-wrap\" data-name=\"email\"><input size=\"40\" maxlength=\"400\" class=\"wpcf7-form-control wpcf7-email wpcf7-validates-as-required wpcf7-text wpcf7-validates-as-email\" aria-required=\"true\" aria-invalid=\"false\" value=\"\" type=\"email\" name=\"email\" \/><\/span> <\/label>\n<\/p>\n<p><label> N\u00fam. col\u00b7legiat:<br \/>\n<span class=\"wpcf7-form-control-wrap\" data-name=\"numcolegiat\"><input size=\"40\" maxlength=\"400\" class=\"wpcf7-form-control wpcf7-text\" aria-invalid=\"false\" value=\"\" type=\"text\" name=\"numcolegiat\" \/><\/span> <\/label>\n<\/p>\n<p><label> Instituci\u00f3\/Empresa*:<br \/>\n<span class=\"wpcf7-form-control-wrap\" data-name=\"empresa\"><input size=\"40\" maxlength=\"400\" class=\"wpcf7-form-control wpcf7-text wpcf7-validates-as-required\" aria-required=\"true\" aria-invalid=\"false\" value=\"\" type=\"text\" name=\"empresa\" \/><\/span> <\/label>\n<\/p>\n<p><label> Acompanyants*<br \/>\n<span class=\"wpcf7-form-control-wrap\" data-name=\"acompanyants\"><select class=\"wpcf7-form-control wpcf7-select wpcf7-validates-as-required\" aria-required=\"true\" aria-invalid=\"false\" name=\"acompanyants\"><option value=\"0\">0<\/option><option value=\"1\">1<\/option><option value=\"2\">2<\/option><option value=\"3\">3<\/option><option value=\"4\">4<\/option><\/select><\/span><br \/>\n<\/label>\n<\/p>\n<p><label><br \/>\n<span class=\"wpcf7-form-control-wrap\" data-name=\"acceptance-765\"><span class=\"wpcf7-form-control wpcf7-acceptance\"><span class=\"wpcf7-list-item\"><input type=\"checkbox\" name=\"acceptance-765\" value=\"1\" aria-invalid=\"false\" \/><\/span><\/span><\/span> Dono el meu consentiment per compartir les meves dades profesionals amb els organitzadors (<a href=\"https:\/\/www.covb.cat\/avis-legal\/\" target=\"_blank\">Pol\u00edtica de Privacitat<\/a>) *<br \/>\n<\/label>\n<\/p>\n<p><input class=\"wpcf7-form-control wpcf7-submit has-spinner\" type=\"submit\" value=\"Enviar\" \/>\n<\/p><input type='hidden' class='wpcf7-pum' value='{\"closepopup\":false,\"closedelay\":0,\"openpopup\":false,\"openpopup_id\":0}' \/><div class=\"wpcf7-response-output\" aria-hidden=\"true\"><\/div>\n<\/form>\n<\/div>\n\n<p>&nbsp;<\/p>\n<h4><strong>Patrocinadores:<\/strong><\/h4>\n<p>&nbsp;<\/p>\n<p><a href=\"https:\/\/www.gepork.es\/\" target=\"_blank\" rel=\"noopener\"><img loading=\"lazy\" decoding=\"async\" class=\"alignnone wp-image-15815\" src=\"https:\/\/www.covb.cat\/wp-content\/uploads\/2021\/10\/Grup-GEPORK.png\" alt=\"\" width=\"231\" height=\"144\" \/><\/a>\u00a0 \u00a0 \u00a0 <img loading=\"lazy\" decoding=\"async\" class=\"alignnone wp-image-16173\" src=\"https:\/\/www.covb.cat\/wp-content\/uploads\/2022\/01\/msd_ah_rgb_pos.png\" alt=\"\" width=\"393\" height=\"196\" \/><\/p>\n<p>&nbsp;<\/p>\n<p><img loading=\"lazy\" decoding=\"async\" class=\"alignnone wp-image-15816\" src=\"https:\/\/www.covb.cat\/wp-content\/uploads\/2021\/10\/LOGO-LETIPHARMA-RGB_Junio21.png\" alt=\"\" width=\"134\" height=\"47\" \/>\u00a0 \u00a0 \u00a0 \u00a0 \u00a0 \u00a0 \u00a0 \u00a0 <img loading=\"lazy\" decoding=\"async\" class=\"alignnone wp-image-15818\" src=\"https:\/\/www.covb.cat\/wp-content\/uploads\/2021\/10\/BASF_Chemetall_logo_landscape_RGB_DEF.jpg\" alt=\"\" width=\"252\" height=\"63\" \/><\/p>\n<p>&nbsp;<\/p>\n<p><img loading=\"lazy\" decoding=\"async\" class=\"alignnone wp-image-17151\" src=\"https:\/\/www.covb.cat\/wp-content\/uploads\/2022\/02\/Logo-ROYAL-CANIN.png\" alt=\"\" width=\"103\" height=\"37\" \/><\/p>\n","protected":false},"excerpt":{"rendered":"<p>Assistir\u00e9 a l\u2019entrega dels\u00a0PREMIS VETS 2021, que se celebrar\u00e0 el pr\u00f2xim 22 de mar\u00e7 de 2022 a les 19:30 hores a l\u2019Auditori AXA de Barcelona (Av. Diagonal, 547). &nbsp; Patrocinadores: &nbsp; \u00a0 \u00a0 \u00a0 &nbsp; \u00a0 \u00a0 \u00a0 \u00a0 \u00a0 \u00a0 \u00a0 \u00a0 &nbsp;<\/p>\n","protected":false},"author":107,"featured_media":0,"parent":0,"menu_order":0,"comment_status":"closed","ping_status":"closed","template":"","meta":{"_monsterinsights_skip_tracking":false,"_monsterinsights_sitenote_active":false,"_monsterinsights_sitenote_note":"","_monsterinsights_sitenote_category":0,"footnotes":""},"class_list":["post-15440","page","type-page","status-publish","hentry"],"yoast_head":"<!-- This site is optimized with the Yoast SEO plugin v27.0 - https:\/\/yoast.com\/product\/yoast-seo-wordpress\/ -->\n<title>Inscripci\u00f3 per assistir a l\u2019acte dels Premis VETS - COVB - Col\u00b7legi Oficial de Veterinaris de Barcelona<\/title>\n<meta name=\"description\" content=\"Assistir\u00e9 a l\u2019entrega dels\u00a0PREMIS VETS 2021, que se celebrar\u00e0 el pr\u00f2xim 22 de mar\u00e7 de 2022 a les 19:30 hores a l\u2019Auditori AXA de Barcelona (Av. Diagonal,\" \/>\n<meta name=\"robots\" content=\"index, follow, max-snippet:-1, max-image-preview:large, max-video-preview:-1\" \/>\n<link rel=\"canonical\" href=\"https:\/\/www.covb.cat\/es\/inscripcio-per-assistir-a-lacte-dels-premis-vets\/\" \/>\n<meta property=\"og:locale\" content=\"es_ES\" \/>\n<meta property=\"og:type\" content=\"article\" \/>\n<meta property=\"og:title\" content=\"Inscripci\u00f3 per assistir a l\u2019acte dels Premis VETS - COVB - Col\u00b7legi Oficial de Veterinaris de Barcelona\" \/>\n<meta property=\"og:description\" content=\"Assistir\u00e9 a l\u2019entrega dels\u00a0PREMIS VETS 2021, que se celebrar\u00e0 el pr\u00f2xim 22 de mar\u00e7 de 2022 a les 19:30 hores a l\u2019Auditori AXA de Barcelona (Av. Diagonal,\" \/>\n<meta property=\"og:url\" content=\"https:\/\/www.covb.cat\/es\/inscripcio-per-assistir-a-lacte-dels-premis-vets\/\" \/>\n<meta property=\"og:site_name\" content=\"COVB\" \/>\n<meta property=\"article:publisher\" content=\"https:\/\/www.facebook.com\/COVBcat\/\" \/>\n<meta property=\"article:modified_time\" content=\"2022-03-11T14:42:14+00:00\" \/>\n<meta property=\"og:image\" content=\"https:\/\/www.covb.cat\/wp-content\/uploads\/2021\/10\/Grup-GEPORK.png\" \/>\n<meta name=\"twitter:card\" content=\"summary_large_image\" \/>\n<meta name=\"twitter:site\" content=\"@COVBcat\" \/>\n<meta name=\"twitter:label1\" content=\"Tiempo de lectura\" \/>\n\t<meta name=\"twitter:data1\" content=\"1 minuto\" \/>\n<script type=\"application\/ld+json\" class=\"yoast-schema-graph\">{\"@context\":\"https:\/\/schema.org\",\"@graph\":[{\"@type\":\"WebPage\",\"@id\":\"https:\/\/www.covb.cat\/es\/inscripcio-per-assistir-a-lacte-dels-premis-vets\/\",\"url\":\"https:\/\/www.covb.cat\/es\/inscripcio-per-assistir-a-lacte-dels-premis-vets\/\",\"name\":\"Inscripci\u00f3 per assistir a l\u2019acte dels Premis VETS - COVB - Col\u00b7legi Oficial de Veterinaris de Barcelona\",\"isPartOf\":{\"@id\":\"https:\/\/www.covb.cat\/es\/#website\"},\"primaryImageOfPage\":{\"@id\":\"https:\/\/www.covb.cat\/es\/inscripcio-per-assistir-a-lacte-dels-premis-vets\/#primaryimage\"},\"image\":{\"@id\":\"https:\/\/www.covb.cat\/es\/inscripcio-per-assistir-a-lacte-dels-premis-vets\/#primaryimage\"},\"thumbnailUrl\":\"https:\/\/www.covb.cat\/wp-content\/uploads\/2021\/10\/Grup-GEPORK.png\",\"datePublished\":\"2022-01-17T14:39:22+00:00\",\"dateModified\":\"2022-03-11T14:42:14+00:00\",\"description\":\"Assistir\u00e9 a l\u2019entrega dels\u00a0PREMIS VETS 2021, que se celebrar\u00e0 el pr\u00f2xim 22 de mar\u00e7 de 2022 a les 19:30 hores a l\u2019Auditori AXA de Barcelona (Av. Diagonal,\",\"breadcrumb\":{\"@id\":\"https:\/\/www.covb.cat\/es\/inscripcio-per-assistir-a-lacte-dels-premis-vets\/#breadcrumb\"},\"inLanguage\":\"es\",\"potentialAction\":[{\"@type\":\"ReadAction\",\"target\":[\"https:\/\/www.covb.cat\/es\/inscripcio-per-assistir-a-lacte-dels-premis-vets\/\"]}]},{\"@type\":\"ImageObject\",\"inLanguage\":\"es\",\"@id\":\"https:\/\/www.covb.cat\/es\/inscripcio-per-assistir-a-lacte-dels-premis-vets\/#primaryimage\",\"url\":\"https:\/\/www.covb.cat\/wp-content\/uploads\/2021\/10\/Grup-GEPORK.png\",\"contentUrl\":\"https:\/\/www.covb.cat\/wp-content\/uploads\/2021\/10\/Grup-GEPORK.png\"},{\"@type\":\"BreadcrumbList\",\"@id\":\"https:\/\/www.covb.cat\/es\/inscripcio-per-assistir-a-lacte-dels-premis-vets\/#breadcrumb\",\"itemListElement\":[{\"@type\":\"ListItem\",\"position\":1,\"name\":\"Inici\",\"item\":\"https:\/\/www.covb.cat\/es\/\"},{\"@type\":\"ListItem\",\"position\":2,\"name\":\"Inscripci\u00f3 per assistir a l\u2019acte dels Premis VETS\"}]},{\"@type\":\"WebSite\",\"@id\":\"https:\/\/www.covb.cat\/es\/#website\",\"url\":\"https:\/\/www.covb.cat\/es\/\",\"name\":\"COVB\",\"description\":\"Col\u00b7legi Oficial de Veterinaris de Barcelona\",\"publisher\":{\"@id\":\"https:\/\/www.covb.cat\/es\/#organization\"},\"potentialAction\":[{\"@type\":\"SearchAction\",\"target\":{\"@type\":\"EntryPoint\",\"urlTemplate\":\"https:\/\/www.covb.cat\/es\/?s={search_term_string}\"},\"query-input\":{\"@type\":\"PropertyValueSpecification\",\"valueRequired\":true,\"valueName\":\"search_term_string\"}}],\"inLanguage\":\"es\"},{\"@type\":\"Organization\",\"@id\":\"https:\/\/www.covb.cat\/es\/#organization\",\"name\":\"COVB\",\"url\":\"https:\/\/www.covb.cat\/es\/\",\"logo\":{\"@type\":\"ImageObject\",\"inLanguage\":\"es\",\"@id\":\"https:\/\/www.covb.cat\/es\/#\/schema\/logo\/image\/\",\"url\":\"https:\/\/www.covb.cat\/wp-content\/uploads\/2018\/07\/favicon-covb.png\",\"contentUrl\":\"https:\/\/www.covb.cat\/wp-content\/uploads\/2018\/07\/favicon-covb.png\",\"width\":512,\"height\":512,\"caption\":\"COVB\"},\"image\":{\"@id\":\"https:\/\/www.covb.cat\/es\/#\/schema\/logo\/image\/\"},\"sameAs\":[\"https:\/\/www.facebook.com\/COVBcat\/\",\"https:\/\/x.com\/COVBcat\",\"https:\/\/www.youtube.com\/user\/covbcn\"]}]}<\/script>\n<!-- \/ Yoast SEO plugin. -->","yoast_head_json":{"title":"Inscripci\u00f3 per assistir a l\u2019acte dels Premis VETS - COVB - Col\u00b7legi Oficial de Veterinaris de Barcelona","description":"Assistir\u00e9 a l\u2019entrega dels\u00a0PREMIS VETS 2021, que se celebrar\u00e0 el pr\u00f2xim 22 de mar\u00e7 de 2022 a les 19:30 hores a l\u2019Auditori AXA de Barcelona (Av. Diagonal,","robots":{"index":"index","follow":"follow","max-snippet":"max-snippet:-1","max-image-preview":"max-image-preview:large","max-video-preview":"max-video-preview:-1"},"canonical":"https:\/\/www.covb.cat\/es\/inscripcio-per-assistir-a-lacte-dels-premis-vets\/","og_locale":"es_ES","og_type":"article","og_title":"Inscripci\u00f3 per assistir a l\u2019acte dels Premis VETS - COVB - Col\u00b7legi Oficial de Veterinaris de Barcelona","og_description":"Assistir\u00e9 a l\u2019entrega dels\u00a0PREMIS VETS 2021, que se celebrar\u00e0 el pr\u00f2xim 22 de mar\u00e7 de 2022 a les 19:30 hores a l\u2019Auditori AXA de Barcelona (Av. Diagonal,","og_url":"https:\/\/www.covb.cat\/es\/inscripcio-per-assistir-a-lacte-dels-premis-vets\/","og_site_name":"COVB","article_publisher":"https:\/\/www.facebook.com\/COVBcat\/","article_modified_time":"2022-03-11T14:42:14+00:00","og_image":[{"url":"https:\/\/www.covb.cat\/wp-content\/uploads\/2021\/10\/Grup-GEPORK.png","type":"","width":"","height":""}],"twitter_card":"summary_large_image","twitter_site":"@COVBcat","twitter_misc":{"Tiempo de lectura":"1 minuto"},"schema":{"@context":"https:\/\/schema.org","@graph":[{"@type":"WebPage","@id":"https:\/\/www.covb.cat\/es\/inscripcio-per-assistir-a-lacte-dels-premis-vets\/","url":"https:\/\/www.covb.cat\/es\/inscripcio-per-assistir-a-lacte-dels-premis-vets\/","name":"Inscripci\u00f3 per assistir a l\u2019acte dels Premis VETS - COVB - Col\u00b7legi Oficial de Veterinaris de Barcelona","isPartOf":{"@id":"https:\/\/www.covb.cat\/es\/#website"},"primaryImageOfPage":{"@id":"https:\/\/www.covb.cat\/es\/inscripcio-per-assistir-a-lacte-dels-premis-vets\/#primaryimage"},"image":{"@id":"https:\/\/www.covb.cat\/es\/inscripcio-per-assistir-a-lacte-dels-premis-vets\/#primaryimage"},"thumbnailUrl":"https:\/\/www.covb.cat\/wp-content\/uploads\/2021\/10\/Grup-GEPORK.png","datePublished":"2022-01-17T14:39:22+00:00","dateModified":"2022-03-11T14:42:14+00:00","description":"Assistir\u00e9 a l\u2019entrega dels\u00a0PREMIS VETS 2021, que se celebrar\u00e0 el pr\u00f2xim 22 de mar\u00e7 de 2022 a les 19:30 hores a l\u2019Auditori AXA de Barcelona (Av. Diagonal,","breadcrumb":{"@id":"https:\/\/www.covb.cat\/es\/inscripcio-per-assistir-a-lacte-dels-premis-vets\/#breadcrumb"},"inLanguage":"es","potentialAction":[{"@type":"ReadAction","target":["https:\/\/www.covb.cat\/es\/inscripcio-per-assistir-a-lacte-dels-premis-vets\/"]}]},{"@type":"ImageObject","inLanguage":"es","@id":"https:\/\/www.covb.cat\/es\/inscripcio-per-assistir-a-lacte-dels-premis-vets\/#primaryimage","url":"https:\/\/www.covb.cat\/wp-content\/uploads\/2021\/10\/Grup-GEPORK.png","contentUrl":"https:\/\/www.covb.cat\/wp-content\/uploads\/2021\/10\/Grup-GEPORK.png"},{"@type":"BreadcrumbList","@id":"https:\/\/www.covb.cat\/es\/inscripcio-per-assistir-a-lacte-dels-premis-vets\/#breadcrumb","itemListElement":[{"@type":"ListItem","position":1,"name":"Inici","item":"https:\/\/www.covb.cat\/es\/"},{"@type":"ListItem","position":2,"name":"Inscripci\u00f3 per assistir a l\u2019acte dels Premis VETS"}]},{"@type":"WebSite","@id":"https:\/\/www.covb.cat\/es\/#website","url":"https:\/\/www.covb.cat\/es\/","name":"COVB","description":"Col\u00b7legi Oficial de Veterinaris de Barcelona","publisher":{"@id":"https:\/\/www.covb.cat\/es\/#organization"},"potentialAction":[{"@type":"SearchAction","target":{"@type":"EntryPoint","urlTemplate":"https:\/\/www.covb.cat\/es\/?s={search_term_string}"},"query-input":{"@type":"PropertyValueSpecification","valueRequired":true,"valueName":"search_term_string"}}],"inLanguage":"es"},{"@type":"Organization","@id":"https:\/\/www.covb.cat\/es\/#organization","name":"COVB","url":"https:\/\/www.covb.cat\/es\/","logo":{"@type":"ImageObject","inLanguage":"es","@id":"https:\/\/www.covb.cat\/es\/#\/schema\/logo\/image\/","url":"https:\/\/www.covb.cat\/wp-content\/uploads\/2018\/07\/favicon-covb.png","contentUrl":"https:\/\/www.covb.cat\/wp-content\/uploads\/2018\/07\/favicon-covb.png","width":512,"height":512,"caption":"COVB"},"image":{"@id":"https:\/\/www.covb.cat\/es\/#\/schema\/logo\/image\/"},"sameAs":["https:\/\/www.facebook.com\/COVBcat\/","https:\/\/x.com\/COVBcat","https:\/\/www.youtube.com\/user\/covbcn"]}]}},"jetpack_sharing_enabled":true,"_links":{"self":[{"href":"https:\/\/www.covb.cat\/es\/wp-json\/wp\/v2\/pages\/15440","targetHints":{"allow":["GET"]}}],"collection":[{"href":"https:\/\/www.covb.cat\/es\/wp-json\/wp\/v2\/pages"}],"about":[{"href":"https:\/\/www.covb.cat\/es\/wp-json\/wp\/v2\/types\/page"}],"author":[{"embeddable":true,"href":"https:\/\/www.covb.cat\/es\/wp-json\/wp\/v2\/users\/107"}],"replies":[{"embeddable":true,"href":"https:\/\/www.covb.cat\/es\/wp-json\/wp\/v2\/comments?post=15440"}],"version-history":[{"count":0,"href":"https:\/\/www.covb.cat\/es\/wp-json\/wp\/v2\/pages\/15440\/revisions"}],"wp:attachment":[{"href":"https:\/\/www.covb.cat\/es\/wp-json\/wp\/v2\/media?parent=15440"}],"curies":[{"name":"wp","href":"https:\/\/api.w.org\/{rel}","templated":true}]}}