{"id":116,"date":"2018-07-17T17:28:02","date_gmt":"2018-07-17T15:28:02","guid":{"rendered":"https:\/\/www.covb.cat\/?page_id=116"},"modified":"2021-09-29T11:37:26","modified_gmt":"2021-09-29T09:37:26","slug":"por-que-collegiar-se","status":"publish","type":"page","link":"https:\/\/www.covb.cat\/es\/servicios-a-veterinarios\/por-que-collegiar-se\/","title":{"rendered":"\u00bfPor qu\u00e9 colegiarse?"},"content":{"rendered":"<p>10 MOTIVOS PARA COLEGIARSE EN EL COVB<\/p>\n<ol>\n<li><strong>Formaci\u00f3n continua.<\/strong> Para ampliar conocimientos gracias a una oferta de formaci\u00f3n que incluye cursos y seminarios sobre una gran variedad de temas relacionados con la profesi\u00f3n.<\/li>\n<li><strong>Cobertura y asesor\u00eda jur\u00eddica<\/strong>. Para disfrutar de la cobertura y el asesoramiento legal de los servicios jur\u00eddicos del Colegio Oficial de Veterinarios de Barcelona (COVB) para enfrentarse a situaciones como una denuncia o cualquier tipo de incidente durante la pr\u00e1ctica profesional.<\/li>\n<li><strong>Gestor\u00eda.<\/strong> Para tener acceso a los servicios de una gestor\u00eda especializada en el sector veterinario.<\/li>\n<li><strong>Tabl\u00f3n de ofertas laborales.<\/strong> Para poder inscribirse a ofertas de empleo.<\/li>\n<li><strong>Seguro de Responsabilidad Civil.<\/strong> Para tener la posibilidad de contratar el seguro de Responsabilidad Civil Profesional (RCP) a trav\u00e9s del Colegio, con las ventajas correspondientes.<\/li>\n<li><strong>Comit\u00e9 de Deontolog\u00eda<\/strong>. Para consultar a expertos en deontolog\u00eda, que resuelven dudas y problem\u00e1ticas sobre el oficio.<\/li>\n<li><strong>Biblioteca especializada<\/strong>. Para tener acceso a los miles de libros de una biblioteca especializada en temas veterinarios.<\/li>\n<li><strong>Red profesional<\/strong>. Para compartir la pasi\u00f3n, las preocupaciones, los retos y las alegr\u00edas de la profesi\u00f3n veterinaria con los dem\u00e1s colegiados.<\/li>\n<li><strong>Vertiente l\u00fadico.<\/strong> Para participar en las actividades l\u00fadicas que organiza el COVB, que adem\u00e1s de estrechar v\u00ednculos entre los profesionales, incluyen a los familiares en jornadas como la del Paje Real o del d\u00eda del patr\u00f3n de los veterinarios, San Francisco de As\u00eds, en octubre.<\/li>\n<li><strong>Fuerza gremial<\/strong>. Para formar parte de una organizaci\u00f3n profesional que vela, desde su fundaci\u00f3n, por los intereses de los veterinarios, que disfruta de prestigio por su labor bien hecha y que apuesta por la uni\u00f3n para sumar fuerzas y hacerse escuchar.<\/li>\n<\/ol>\n","protected":false},"excerpt":{"rendered":"<p>10 MOTIVOS PARA COLEGIARSE EN EL COVB Formaci\u00f3n continua. Para ampliar conocimientos gracias a una oferta de formaci\u00f3n que incluye cursos y seminarios sobre una gran variedad de temas relacionados con la profesi\u00f3n. Cobertura y asesor\u00eda jur\u00eddica. Para disfrutar de la cobertura y el asesoramiento legal de los servicios jur\u00eddicos del Colegio Oficial de Veterinarios [&hellip;]<\/p>\n","protected":false},"author":1,"featured_media":0,"parent":113,"menu_order":0,"comment_status":"closed","ping_status":"closed","template":"","meta":{"_monsterinsights_skip_tracking":false,"_monsterinsights_sitenote_active":false,"_monsterinsights_sitenote_note":"","_monsterinsights_sitenote_category":0,"footnotes":""},"class_list":["post-116","page","type-page","status-publish","hentry"],"yoast_head":"<!-- This site is optimized with the Yoast SEO plugin v27.0 - https:\/\/yoast.com\/product\/yoast-seo-wordpress\/ -->\n<title>\u00bfPor qu\u00e9 colegiarse? - COVB - Col\u00b7legi Oficial de Veterinaris de Barcelona<\/title>\n<meta name=\"description\" content=\"10 MOTIVOS PARA COLEGIARSE EN EL COVB Formaci\u00f3n continua. Para ampliar conocimientos gracias a una oferta de formaci\u00f3n que incluye cursos y seminarios\" \/>\n<meta name=\"robots\" content=\"index, follow, max-snippet:-1, max-image-preview:large, max-video-preview:-1\" \/>\n<link rel=\"canonical\" href=\"https:\/\/www.covb.cat\/es\/servicios-a-veterinarios\/por-que-collegiar-se\/\" \/>\n<meta property=\"og:locale\" content=\"es_ES\" \/>\n<meta property=\"og:type\" content=\"article\" \/>\n<meta property=\"og:title\" content=\"\u00bfPor qu\u00e9 colegiarse? - COVB - Col\u00b7legi Oficial de Veterinaris de Barcelona\" \/>\n<meta property=\"og:description\" content=\"10 MOTIVOS PARA COLEGIARSE EN EL COVB Formaci\u00f3n continua. Para ampliar conocimientos gracias a una oferta de formaci\u00f3n que incluye cursos y seminarios\" \/>\n<meta property=\"og:url\" content=\"https:\/\/www.covb.cat\/es\/servicios-a-veterinarios\/por-que-collegiar-se\/\" \/>\n<meta property=\"og:site_name\" content=\"COVB\" \/>\n<meta property=\"article:publisher\" content=\"https:\/\/www.facebook.com\/COVBcat\/\" \/>\n<meta property=\"article:modified_time\" content=\"2021-09-29T09:37:26+00:00\" \/>\n<meta name=\"twitter:card\" content=\"summary_large_image\" \/>\n<meta name=\"twitter:site\" content=\"@COVBcat\" \/>\n<meta name=\"twitter:label1\" content=\"Tiempo de lectura\" \/>\n\t<meta name=\"twitter:data1\" content=\"2 minutos\" \/>\n<script type=\"application\/ld+json\" class=\"yoast-schema-graph\">{\"@context\":\"https:\/\/schema.org\",\"@graph\":[{\"@type\":\"WebPage\",\"@id\":\"https:\/\/www.covb.cat\/es\/servicios-a-veterinarios\/por-que-collegiar-se\/\",\"url\":\"https:\/\/www.covb.cat\/es\/servicios-a-veterinarios\/por-que-collegiar-se\/\",\"name\":\"\u00bfPor qu\u00e9 colegiarse? - COVB - Col\u00b7legi Oficial de Veterinaris de Barcelona\",\"isPartOf\":{\"@id\":\"https:\/\/www.covb.cat\/es\/#website\"},\"datePublished\":\"2018-07-17T15:28:02+00:00\",\"dateModified\":\"2021-09-29T09:37:26+00:00\",\"description\":\"10 MOTIVOS PARA COLEGIARSE EN EL COVB Formaci\u00f3n continua. Para ampliar conocimientos gracias a una oferta de formaci\u00f3n que incluye cursos y seminarios\",\"breadcrumb\":{\"@id\":\"https:\/\/www.covb.cat\/es\/servicios-a-veterinarios\/por-que-collegiar-se\/#breadcrumb\"},\"inLanguage\":\"es\",\"potentialAction\":[{\"@type\":\"ReadAction\",\"target\":[\"https:\/\/www.covb.cat\/es\/servicios-a-veterinarios\/por-que-collegiar-se\/\"]}]},{\"@type\":\"BreadcrumbList\",\"@id\":\"https:\/\/www.covb.cat\/es\/servicios-a-veterinarios\/por-que-collegiar-se\/#breadcrumb\",\"itemListElement\":[{\"@type\":\"ListItem\",\"position\":1,\"name\":\"Inici\",\"item\":\"https:\/\/www.covb.cat\/es\/\"},{\"@type\":\"ListItem\",\"position\":2,\"name\":\"Servicios a veterinarios\",\"item\":\"https:\/\/www.covb.cat\/es\/servicios-a-veterinarios\/\"},{\"@type\":\"ListItem\",\"position\":3,\"name\":\"\u00bfPor qu\u00e9 colegiarse?\"}]},{\"@type\":\"WebSite\",\"@id\":\"https:\/\/www.covb.cat\/es\/#website\",\"url\":\"https:\/\/www.covb.cat\/es\/\",\"name\":\"COVB\",\"description\":\"Col\u00b7legi Oficial de Veterinaris de Barcelona\",\"publisher\":{\"@id\":\"https:\/\/www.covb.cat\/es\/#organization\"},\"potentialAction\":[{\"@type\":\"SearchAction\",\"target\":{\"@type\":\"EntryPoint\",\"urlTemplate\":\"https:\/\/www.covb.cat\/es\/?s={search_term_string}\"},\"query-input\":{\"@type\":\"PropertyValueSpecification\",\"valueRequired\":true,\"valueName\":\"search_term_string\"}}],\"inLanguage\":\"es\"},{\"@type\":\"Organization\",\"@id\":\"https:\/\/www.covb.cat\/es\/#organization\",\"name\":\"COVB\",\"url\":\"https:\/\/www.covb.cat\/es\/\",\"logo\":{\"@type\":\"ImageObject\",\"inLanguage\":\"es\",\"@id\":\"https:\/\/www.covb.cat\/es\/#\/schema\/logo\/image\/\",\"url\":\"https:\/\/www.covb.cat\/wp-content\/uploads\/2018\/07\/favicon-covb.png\",\"contentUrl\":\"https:\/\/www.covb.cat\/wp-content\/uploads\/2018\/07\/favicon-covb.png\",\"width\":512,\"height\":512,\"caption\":\"COVB\"},\"image\":{\"@id\":\"https:\/\/www.covb.cat\/es\/#\/schema\/logo\/image\/\"},\"sameAs\":[\"https:\/\/www.facebook.com\/COVBcat\/\",\"https:\/\/x.com\/COVBcat\",\"https:\/\/www.youtube.com\/user\/covbcn\"]}]}<\/script>\n<!-- \/ Yoast SEO plugin. -->","yoast_head_json":{"title":"\u00bfPor qu\u00e9 colegiarse? - COVB - Col\u00b7legi Oficial de Veterinaris de Barcelona","description":"10 MOTIVOS PARA COLEGIARSE EN EL COVB Formaci\u00f3n continua. Para ampliar conocimientos gracias a una oferta de formaci\u00f3n que incluye cursos y seminarios","robots":{"index":"index","follow":"follow","max-snippet":"max-snippet:-1","max-image-preview":"max-image-preview:large","max-video-preview":"max-video-preview:-1"},"canonical":"https:\/\/www.covb.cat\/es\/servicios-a-veterinarios\/por-que-collegiar-se\/","og_locale":"es_ES","og_type":"article","og_title":"\u00bfPor qu\u00e9 colegiarse? - COVB - Col\u00b7legi Oficial de Veterinaris de Barcelona","og_description":"10 MOTIVOS PARA COLEGIARSE EN EL COVB Formaci\u00f3n continua. Para ampliar conocimientos gracias a una oferta de formaci\u00f3n que incluye cursos y seminarios","og_url":"https:\/\/www.covb.cat\/es\/servicios-a-veterinarios\/por-que-collegiar-se\/","og_site_name":"COVB","article_publisher":"https:\/\/www.facebook.com\/COVBcat\/","article_modified_time":"2021-09-29T09:37:26+00:00","twitter_card":"summary_large_image","twitter_site":"@COVBcat","twitter_misc":{"Tiempo de lectura":"2 minutos"},"schema":{"@context":"https:\/\/schema.org","@graph":[{"@type":"WebPage","@id":"https:\/\/www.covb.cat\/es\/servicios-a-veterinarios\/por-que-collegiar-se\/","url":"https:\/\/www.covb.cat\/es\/servicios-a-veterinarios\/por-que-collegiar-se\/","name":"\u00bfPor qu\u00e9 colegiarse? - COVB - Col\u00b7legi Oficial de Veterinaris de Barcelona","isPartOf":{"@id":"https:\/\/www.covb.cat\/es\/#website"},"datePublished":"2018-07-17T15:28:02+00:00","dateModified":"2021-09-29T09:37:26+00:00","description":"10 MOTIVOS PARA COLEGIARSE EN EL COVB Formaci\u00f3n continua. Para ampliar conocimientos gracias a una oferta de formaci\u00f3n que incluye cursos y seminarios","breadcrumb":{"@id":"https:\/\/www.covb.cat\/es\/servicios-a-veterinarios\/por-que-collegiar-se\/#breadcrumb"},"inLanguage":"es","potentialAction":[{"@type":"ReadAction","target":["https:\/\/www.covb.cat\/es\/servicios-a-veterinarios\/por-que-collegiar-se\/"]}]},{"@type":"BreadcrumbList","@id":"https:\/\/www.covb.cat\/es\/servicios-a-veterinarios\/por-que-collegiar-se\/#breadcrumb","itemListElement":[{"@type":"ListItem","position":1,"name":"Inici","item":"https:\/\/www.covb.cat\/es\/"},{"@type":"ListItem","position":2,"name":"Servicios a veterinarios","item":"https:\/\/www.covb.cat\/es\/servicios-a-veterinarios\/"},{"@type":"ListItem","position":3,"name":"\u00bfPor qu\u00e9 colegiarse?"}]},{"@type":"WebSite","@id":"https:\/\/www.covb.cat\/es\/#website","url":"https:\/\/www.covb.cat\/es\/","name":"COVB","description":"Col\u00b7legi Oficial de Veterinaris de Barcelona","publisher":{"@id":"https:\/\/www.covb.cat\/es\/#organization"},"potentialAction":[{"@type":"SearchAction","target":{"@type":"EntryPoint","urlTemplate":"https:\/\/www.covb.cat\/es\/?s={search_term_string}"},"query-input":{"@type":"PropertyValueSpecification","valueRequired":true,"valueName":"search_term_string"}}],"inLanguage":"es"},{"@type":"Organization","@id":"https:\/\/www.covb.cat\/es\/#organization","name":"COVB","url":"https:\/\/www.covb.cat\/es\/","logo":{"@type":"ImageObject","inLanguage":"es","@id":"https:\/\/www.covb.cat\/es\/#\/schema\/logo\/image\/","url":"https:\/\/www.covb.cat\/wp-content\/uploads\/2018\/07\/favicon-covb.png","contentUrl":"https:\/\/www.covb.cat\/wp-content\/uploads\/2018\/07\/favicon-covb.png","width":512,"height":512,"caption":"COVB"},"image":{"@id":"https:\/\/www.covb.cat\/es\/#\/schema\/logo\/image\/"},"sameAs":["https:\/\/www.facebook.com\/COVBcat\/","https:\/\/x.com\/COVBcat","https:\/\/www.youtube.com\/user\/covbcn"]}]}},"jetpack_sharing_enabled":true,"_links":{"self":[{"href":"https:\/\/www.covb.cat\/es\/wp-json\/wp\/v2\/pages\/116","targetHints":{"allow":["GET"]}}],"collection":[{"href":"https:\/\/www.covb.cat\/es\/wp-json\/wp\/v2\/pages"}],"about":[{"href":"https:\/\/www.covb.cat\/es\/wp-json\/wp\/v2\/types\/page"}],"author":[{"embeddable":true,"href":"https:\/\/www.covb.cat\/es\/wp-json\/wp\/v2\/users\/1"}],"replies":[{"embeddable":true,"href":"https:\/\/www.covb.cat\/es\/wp-json\/wp\/v2\/comments?post=116"}],"version-history":[{"count":0,"href":"https:\/\/www.covb.cat\/es\/wp-json\/wp\/v2\/pages\/116\/revisions"}],"up":[{"embeddable":true,"href":"https:\/\/www.covb.cat\/es\/wp-json\/wp\/v2\/pages\/113"}],"wp:attachment":[{"href":"https:\/\/www.covb.cat\/es\/wp-json\/wp\/v2\/media?parent=116"}],"curies":[{"name":"wp","href":"https:\/\/api.w.org\/{rel}","templated":true}]}}