{"id":109,"date":"2018-07-17T17:26:24","date_gmt":"2018-07-17T15:26:24","guid":{"rendered":"https:\/\/www.covb.cat\/?page_id=109"},"modified":"2024-12-11T11:27:20","modified_gmt":"2024-12-11T10:27:20","slug":"politica-de-cookies","status":"publish","type":"page","link":"https:\/\/www.covb.cat\/es\/politica-de-cookies\/","title":{"rendered":"Pol\u00edtica de cookies"},"content":{"rendered":"<p><strong>INFORMACIO\u0301N SOBRE COOKIES<\/strong><\/p>\n<p>Conforme a lo dispuesto en el art\u00edculo 22.2 de la Ley 34\/2002, de 11 de julio, de Servicios de la Sociedad de la Informaci\u00f3n y de Comercio Electr\u00f3nico (LSSI-CE) vigente, COL.LEGI OFICIAL DE VETERINARIS DE BARCELONA debe cumplir con la obligaci\u00f3n de informar sobre las cookies que utiliza y sus finalidades.<\/p>\n<p>Este sitio web utiliza cookies y\/o tecnolog\u00edas similares que almacenan y recuperan informaci\u00f3n cuando navegas. Las cookies permiten a una p\u00e1gina web, entre otras cosas, almacenar y recuperar informaci\u00f3n sobre los h\u00e1bitos de navegaci\u00f3n de un Usuario o de su equipo y, dependiendo de la informaci\u00f3n que contenga y de la forma en que utilice su equipo, pueden utilizarse para reconocer al Usuario.<\/p>\n<p>Las cookies son esenciales para el funcionamiento de internet, aportando innumerables ventajas en la prestaci\u00f3n de servicios interactivos, facilit\u00e1ndole al Usuario la navegaci\u00f3n y usabilidad de nuestra web.<\/p>\n<p>El usuario puede modificar la configuraci\u00f3n personalizada <b>haciendo click en la imagen que puede encontrar en la parte inferior izquierda de la pantalla con el dibujo de una galleta.<\/b><\/p>\n<p>La informaci\u00f3n que le proporcionamos a continuaci\u00f3n le ayudar\u00e1 a comprender los diferentes tipos de cookies:<\/p>\n<table style=\"width: 100%; border: 1px solid #ccc;\">\n<tbody>\n<tr>\n<td rowspan=\"2\" width=\"141\"><strong>TIPOS DE COOKIES SEG\u00daN LA ENTIDAD QUE LAS GESTIONE<\/strong><\/td>\n<td width=\"151\">COOKIES PROPIAS<\/td>\n<td width=\"302\">Son aquellas que se env\u00edan al equipo terminal del usuario desde un equipo o dominio gestionado por el propio editor y desde el que se presta el servicio solicitado por el usuario.<\/td>\n<\/tr>\n<tr>\n<td width=\"151\">COOKIES DE TERCERo<\/td>\n<td width=\"302\">Son aquellas que se env\u00edan al equipo terminal del usuario desde un equipo o dominio que no es gestionado por el editor, sino por otra entidad que trata los datos obtenidos a trav\u00e9s de las cookies.<\/td>\n<\/tr>\n<tr>\n<td rowspan=\"2\" width=\"141\"><strong>TIPOS DE COOKIES SEG\u00daN EL PLAZO DE\u00a0\u00a0\u00a0\u00a0\u00a0 TIEMPO QUE PERMANEZCAN ACTIVADAS<\/strong><\/td>\n<td width=\"151\">COOKIES DE SESI\u00d3n<\/td>\n<td width=\"302\">Son aquellas dise\u00f1adas para recabar y almacenar datos mientras el usuario accede a una p\u00e1gina web. Se suelen emplear para almacenar informaci\u00f3n que solo interesa conservar para la prestaci\u00f3n del servicio solicitado por el usuario en una sola ocasi\u00f3n (por ejemplo, una lista de productos adquiridos) y desaparecen al terminar la sesi\u00f3n.<\/td>\n<\/tr>\n<tr>\n<td width=\"151\">COOKIES PERSISTENTES<\/td>\n<td width=\"302\">Son aquellas en las que los datos siguen almacenados en el terminal y pueden ser accedidos y tratados durante un periodo definido por el responsable de la cookie, y que puede ir de unos minutos a varios a\u00f1os.<\/td>\n<\/tr>\n<tr>\n<td rowspan=\"5\" width=\"141\"><strong><strong>TIPOS DE COOKIES<\/strong><\/strong><strong>SEG\u00daN\u00a0\u00a0\u00a0\u00a0\u00a0\u00a0\u00a0\u00a0\u00a0\u00a0\u00a0\u00a0\u00a0\u00a0\u00a0\u00a0\u00a0\u00a0\u00a0\u00a0 SU<\/strong><\/p>\n<p><strong>FINALIDAD<\/strong><\/td>\n<td width=\"151\">COOKIES T\u00c9CNICAS<\/td>\n<td width=\"302\">Son aquellas que permiten al usuario la navegaci\u00f3n a trav\u00e9s de una p\u00e1gina web, plataforma o aplicaci\u00f3n y la utilizaci\u00f3n de las diferentes opciones o servicios que en ella existan.<\/td>\n<\/tr>\n<tr>\n<td width=\"151\">COOKIES DE PERSONALIZACI\u00d3N<\/td>\n<td width=\"302\">Permiten aplicar caracter\u00edsticas propias para la navegaci\u00f3n del usuario por el website (Ej. idioma).<\/td>\n<\/tr>\n<tr>\n<td width=\"151\">COOKIES DE AN\u00c1LISIS<\/td>\n<td width=\"302\">Son aquellas que permiten al responsable de estas el seguimiento y an\u00e1lisis del comportamiento de los usuarios de los sitios web a los que est\u00e1n vinculadas, incluida la cuantificaci\u00f3n de los impactos de los anuncios. La informaci\u00f3n recogida mediante este tipo de cookies se utiliza en la medici\u00f3n de la actividad de los sitios web, aplicaci\u00f3n o plataforma, con el fin de introducir mejoras en funci\u00f3n del an\u00e1lisis de los datos de uso que hacen los usuarios del servicio.<\/td>\n<\/tr>\n<tr>\n<td width=\"148\">COOKIES PUBLICITARIAS<\/td>\n<td width=\"298\">Permiten al editor incluir en la p\u00e1gina web espacios publicitarios, seg\u00fan el contenido de la propia web.<\/td>\n<\/tr>\n<tr>\n<td width=\"148\">COOKIES DE PUBLICIDAD COMPORTAMENTAL<\/td>\n<td width=\"298\">Son aquellas que almacenan informaci\u00f3n del comportamiento de los usuarios obtenida a trav\u00e9s de la observaci\u00f3n continuada de sus h\u00e1bitos de navegaci\u00f3n, lo que permite desarrollar un perfil espec\u00edfico para mostrar publicidad en funci\u00f3n del mismo.<\/td>\n<\/tr>\n<\/tbody>\n<\/table>\n<p>Adicionalmente, COL.LEGI OFICIAL DE VETERINARIS DE BARCELONA informa de manera m\u00e1s detallada de las cookies que utiliza sus titulares, el uso o finalidad concreta, los plazos de conservaci\u00f3n, as\u00ed como de las posibles Transferencias Internacionales de datos de cada una de ellas utilizadas en nuestra p\u00e1gina web:<\/p>\n<p><strong>COOKIES CONTROLADAS POR EL EDITOR<\/strong><\/p>\n<div class=\"table-responsive\">\n<table class=\"table\">\n<tbody>\n<tr>\n<td colspan=\"4\" rowspan=\"1\">T\u00e9cnicas y funcional<\/td>\n<\/tr>\n<tr>\n<td>Propiedad<\/td>\n<td>Cookie<\/td>\n<td>Finalidad<\/td>\n<td>Plazo<\/td>\n<\/tr>\n<tr>\n<td>covb.cat<\/td>\n<td>cookie_notice_acce pted<\/td>\n<td>Cookie necesaria para la utilizaci\u00f3n de las opciones y servicios de la p\u00e1gina web<\/td>\n<td>en un mes<\/td>\n<\/tr>\n<tr>\n<td>covb.cat<\/td>\n<td>wordpress_test_co okie<\/td>\n<td>Conjunto de cookies de WordPress para comprobar si las cookies est\u00e1n habilitadas en el navegador para proporcionar la experiencia de usuario apropiada para los usuarios<\/td>\n<td>Sesio\u0301n<\/td>\n<\/tr>\n<\/tbody>\n<\/table>\n<\/div>\n<div class=\"table-responsive\">\n<table class=\"table\">\n<tbody>\n<tr>\n<td colspan=\"4\" rowspan=\"1\">Anal\u00edticas<\/td>\n<\/tr>\n<tr>\n<td>Propiedad<\/td>\n<td>Cookie<\/td>\n<td>Finalidad<\/td>\n<td>Plazo<\/td>\n<\/tr>\n<tr>\n<td>covb.cat<\/td>\n<td>_ga<\/td>\n<td>ID se utilitza para identificar a los usuarios<\/td>\n<td>en 2 a\u00f1os<\/td>\n<\/tr>\n<\/tbody>\n<\/table>\n<\/div>\n<div class=\"table-responsive\"><\/div>\n<p><strong>COOKIES DE TERCEROS<\/strong><\/p>\n<p>Los servicios de terceros son ajenos al control del editor. Los proveedores pueden modificar en cualquier momento sus condiciones de servicio, finalidad y uso de las cookies, etc.<\/p>\n<p><strong>Proveedores externos de este sitio web:<\/strong><\/p>\n<div class=\"table-responsive\">\n<table class=\"table\">\n<tbody>\n<tr>\n<td>Editor<\/td>\n<td>Poli\u0301tica de privacidad<\/td>\n<\/tr>\n<tr>\n<td>Google Analytics<\/td>\n<td><a href=\"https:\/\/privacy.google.com\/take-control.html\" target=\"_blank\" rel=\"noopener noreferrer\">https:\/\/privacy.google.com\/take-control.html<\/a><\/td>\n<\/tr>\n<tr>\n<td>WordPress<\/td>\n<td><a href=\"https:\/\/wordpress.org\/about\/privacy\/cookies\/\" target=\"_blank\" rel=\"noopener noreferrer\">https:\/\/wordpress.org\/about\/privacy\/cookies\/<\/a><\/td>\n<\/tr>\n<\/tbody>\n<\/table>\n<\/div>\n<p><strong>C\u00d3MO GESTIONAR LAS COOKIES DESDE EL NAVEGADOR<\/strong><\/p>\n<div class=\"table-responsive\">\n<table class=\"table\">\n<tbody>\n<tr>\n<td>Eliminar las cookies del dispositivo<\/td>\n<td>Las cookies que ya se encuentran en un dispositivo se pueden eliminar borrando el historial del navegador, de forma que se suprimen las cookies de todos los sitios web visitados. Sin embargo, tambi\u00e9n puede perderse parte de la informaci\u00f3n guardada (por ejemplo, los datos de inicio de sesi\u00f3n o las preferencias de sitio web).<\/td>\n<\/tr>\n<tr>\n<td>Gestionar las cookies espec\u00edficas del sitio<\/td>\n<td>Para tener un control m\u00e1s preciso de las cookies espec\u00edficas de cada sitio, los usuarios pueden ajustar su configuraci\u00f3n de privacidad y cookies en el navegador.<\/td>\n<\/tr>\n<tr>\n<td>Bloquear las cookies<\/td>\n<td>Aunque la mayor\u00eda de los navegadores modernos se pueden configurar para evitar que se instalen cookies en los dispositivos, esto puede obligar a ajustar manualmente determinadas preferencias cada vez que se visite un sitio o p\u00e1gina. Algunos servicios y caracter\u00edsticas pueden no funcionar correctamente (por ejemplo, los inicios de sesi\u00f3n con perfil).<\/td>\n<\/tr>\n<tr>\n<td colspan=\"2\" rowspan=\"1\">Tenga en cuenta que, si acepta cookies de terceros, deber\u00e1 eliminarlas desde las opciones del navegador o mediante el sistema ofrecido por el tercero de que se trate.<br \/>\nA continuaci\u00f3n le proporcionamos los enlaces de varios navegadores, a trav\u00e9s de los cuales podr\u00e1 modificar la configuraci\u00f3n de lo que tenga en su terminal en cuanto al uso de cookies:<\/td>\n<\/tr>\n<tr>\n<td>Chrome<\/td>\n<td><a href=\"http:\/\/support.google.com\/chrome\/answer\/95647?hl=es\" target=\"_blank\" rel=\"noopener noreferrer\">http:\/\/support.google.com\/chrome\/answer\/95647?hl=es<\/a><\/td>\n<\/tr>\n<tr>\n<td>Internet Explorer. Versio\u0301n 11<\/td>\n<td><a href=\"https:\/\/support.microsoft.com\/es-es\/help\/278835\/how-to-delete-cookie-files-in-internet-explorer\" target=\"_blank\" rel=\"noopener noreferrer\">https:\/\/support.microsoft.com\/es-es\/help\/278835\/how-to-delete-cookie-files-in-internet-explorer<\/a><\/td>\n<\/tr>\n<tr>\n<td>Firefox. Versio\u0301n 65.0.1<\/td>\n<td><a href=\"https:\/\/www.mozilla.org\/es-ES\/privacy\/websites\/#cookies\" target=\"_blank\" rel=\"noopener noreferrer\">https:\/\/www.mozilla.org\/es-ES\/privacy\/websites\/#cookies<\/a><\/td>\n<\/tr>\n<tr>\n<td>Safari Versio\u0301n 5.1<\/td>\n<td><a href=\"https:\/\/support.apple.com\/es-es\/guide\/safari\/sfri11471\/mac\" target=\"_blank\" rel=\"noopener noreferrer\">https:\/\/support.apple.com\/es-es\/guide\/safari\/sfri11471\/mac<\/a><\/td>\n<\/tr>\n<tr>\n<td>Opera<\/td>\n<td><a href=\"https:\/\/help.opera.com\/en\/latest\/security-and-privacy\/#clearBrowsingData\" target=\"_blank\" rel=\"noopener noreferrer\">https:\/\/help.opera.com\/en\/latest\/security-and-privacy\/#clearBrowsingData<\/a><\/td>\n<\/tr>\n<\/tbody>\n<\/table>\n<\/div>\n","protected":false},"excerpt":{"rendered":"<p>INFORMACIO\u0301N SOBRE COOKIES Conforme a lo dispuesto en el art\u00edculo 22.2 de la Ley 34\/2002, de 11 de julio, de Servicios de la Sociedad de la Informaci\u00f3n y de Comercio Electr\u00f3nico (LSSI-CE) vigente, COL.LEGI OFICIAL DE VETERINARIS DE BARCELONA debe cumplir con la obligaci\u00f3n de informar sobre las cookies que utiliza y sus finalidades. Este [&hellip;]<\/p>\n","protected":false},"author":2282,"featured_media":0,"parent":0,"menu_order":0,"comment_status":"closed","ping_status":"closed","template":"","meta":{"_monsterinsights_skip_tracking":false,"_monsterinsights_sitenote_active":false,"_monsterinsights_sitenote_note":"","_monsterinsights_sitenote_category":0,"footnotes":""},"class_list":["post-109","page","type-page","status-publish","hentry"],"yoast_head":"<!-- This site is optimized with the Yoast SEO plugin v27.0 - https:\/\/yoast.com\/product\/yoast-seo-wordpress\/ -->\n<title>Pol\u00edtica de cookies - COVB - Col\u00b7legi Oficial de Veterinaris de Barcelona<\/title>\n<meta name=\"description\" content=\"INFORMACIO\u0301N SOBRE COOKIES Conforme a lo dispuesto en el art\u00edculo 22.2 de la Ley 34\/2002, de 11 de julio, de Servicios de la Sociedad de la Informaci\u00f3n y\" \/>\n<meta name=\"robots\" content=\"index, follow, max-snippet:-1, max-image-preview:large, max-video-preview:-1\" \/>\n<link rel=\"canonical\" href=\"https:\/\/www.covb.cat\/es\/politica-de-cookies\/\" \/>\n<meta property=\"og:locale\" content=\"es_ES\" \/>\n<meta property=\"og:type\" content=\"article\" \/>\n<meta property=\"og:title\" content=\"Pol\u00edtica de cookies - COVB - Col\u00b7legi Oficial de Veterinaris de Barcelona\" \/>\n<meta property=\"og:description\" content=\"INFORMACIO\u0301N SOBRE COOKIES Conforme a lo dispuesto en el art\u00edculo 22.2 de la Ley 34\/2002, de 11 de julio, de Servicios de la Sociedad de la Informaci\u00f3n y\" \/>\n<meta property=\"og:url\" content=\"https:\/\/www.covb.cat\/es\/politica-de-cookies\/\" \/>\n<meta property=\"og:site_name\" content=\"COVB\" \/>\n<meta property=\"article:publisher\" content=\"https:\/\/www.facebook.com\/COVBcat\/\" \/>\n<meta property=\"article:modified_time\" content=\"2024-12-11T10:27:20+00:00\" \/>\n<meta name=\"twitter:card\" content=\"summary_large_image\" \/>\n<meta name=\"twitter:site\" content=\"@COVBcat\" \/>\n<meta name=\"twitter:label1\" content=\"Tiempo de lectura\" \/>\n\t<meta name=\"twitter:data1\" content=\"6 minutos\" \/>\n<script type=\"application\/ld+json\" class=\"yoast-schema-graph\">{\"@context\":\"https:\/\/schema.org\",\"@graph\":[{\"@type\":\"WebPage\",\"@id\":\"https:\/\/www.covb.cat\/es\/politica-de-cookies\/\",\"url\":\"https:\/\/www.covb.cat\/es\/politica-de-cookies\/\",\"name\":\"Pol\u00edtica de cookies - COVB - Col\u00b7legi Oficial de Veterinaris de Barcelona\",\"isPartOf\":{\"@id\":\"https:\/\/www.covb.cat\/es\/#website\"},\"datePublished\":\"2018-07-17T15:26:24+00:00\",\"dateModified\":\"2024-12-11T10:27:20+00:00\",\"description\":\"INFORMACIO\u0301N SOBRE COOKIES Conforme a lo dispuesto en el art\u00edculo 22.2 de la Ley 34\/2002, de 11 de julio, de Servicios de la Sociedad de la Informaci\u00f3n y\",\"breadcrumb\":{\"@id\":\"https:\/\/www.covb.cat\/es\/politica-de-cookies\/#breadcrumb\"},\"inLanguage\":\"es\",\"potentialAction\":[{\"@type\":\"ReadAction\",\"target\":[\"https:\/\/www.covb.cat\/es\/politica-de-cookies\/\"]}]},{\"@type\":\"BreadcrumbList\",\"@id\":\"https:\/\/www.covb.cat\/es\/politica-de-cookies\/#breadcrumb\",\"itemListElement\":[{\"@type\":\"ListItem\",\"position\":1,\"name\":\"Inici\",\"item\":\"https:\/\/www.covb.cat\/es\/\"},{\"@type\":\"ListItem\",\"position\":2,\"name\":\"Pol\u00edtica de cookies\"}]},{\"@type\":\"WebSite\",\"@id\":\"https:\/\/www.covb.cat\/es\/#website\",\"url\":\"https:\/\/www.covb.cat\/es\/\",\"name\":\"COVB\",\"description\":\"Col\u00b7legi Oficial de Veterinaris de Barcelona\",\"publisher\":{\"@id\":\"https:\/\/www.covb.cat\/es\/#organization\"},\"potentialAction\":[{\"@type\":\"SearchAction\",\"target\":{\"@type\":\"EntryPoint\",\"urlTemplate\":\"https:\/\/www.covb.cat\/es\/?s={search_term_string}\"},\"query-input\":{\"@type\":\"PropertyValueSpecification\",\"valueRequired\":true,\"valueName\":\"search_term_string\"}}],\"inLanguage\":\"es\"},{\"@type\":\"Organization\",\"@id\":\"https:\/\/www.covb.cat\/es\/#organization\",\"name\":\"COVB\",\"url\":\"https:\/\/www.covb.cat\/es\/\",\"logo\":{\"@type\":\"ImageObject\",\"inLanguage\":\"es\",\"@id\":\"https:\/\/www.covb.cat\/es\/#\/schema\/logo\/image\/\",\"url\":\"https:\/\/www.covb.cat\/wp-content\/uploads\/2018\/07\/favicon-covb.png\",\"contentUrl\":\"https:\/\/www.covb.cat\/wp-content\/uploads\/2018\/07\/favicon-covb.png\",\"width\":512,\"height\":512,\"caption\":\"COVB\"},\"image\":{\"@id\":\"https:\/\/www.covb.cat\/es\/#\/schema\/logo\/image\/\"},\"sameAs\":[\"https:\/\/www.facebook.com\/COVBcat\/\",\"https:\/\/x.com\/COVBcat\",\"https:\/\/www.youtube.com\/user\/covbcn\"]}]}<\/script>\n<!-- \/ Yoast SEO plugin. -->","yoast_head_json":{"title":"Pol\u00edtica de cookies - COVB - Col\u00b7legi Oficial de Veterinaris de Barcelona","description":"INFORMACIO\u0301N SOBRE COOKIES Conforme a lo dispuesto en el art\u00edculo 22.2 de la Ley 34\/2002, de 11 de julio, de Servicios de la Sociedad de la Informaci\u00f3n y","robots":{"index":"index","follow":"follow","max-snippet":"max-snippet:-1","max-image-preview":"max-image-preview:large","max-video-preview":"max-video-preview:-1"},"canonical":"https:\/\/www.covb.cat\/es\/politica-de-cookies\/","og_locale":"es_ES","og_type":"article","og_title":"Pol\u00edtica de cookies - COVB - Col\u00b7legi Oficial de Veterinaris de Barcelona","og_description":"INFORMACIO\u0301N SOBRE COOKIES Conforme a lo dispuesto en el art\u00edculo 22.2 de la Ley 34\/2002, de 11 de julio, de Servicios de la Sociedad de la Informaci\u00f3n y","og_url":"https:\/\/www.covb.cat\/es\/politica-de-cookies\/","og_site_name":"COVB","article_publisher":"https:\/\/www.facebook.com\/COVBcat\/","article_modified_time":"2024-12-11T10:27:20+00:00","twitter_card":"summary_large_image","twitter_site":"@COVBcat","twitter_misc":{"Tiempo de lectura":"6 minutos"},"schema":{"@context":"https:\/\/schema.org","@graph":[{"@type":"WebPage","@id":"https:\/\/www.covb.cat\/es\/politica-de-cookies\/","url":"https:\/\/www.covb.cat\/es\/politica-de-cookies\/","name":"Pol\u00edtica de cookies - COVB - Col\u00b7legi Oficial de Veterinaris de Barcelona","isPartOf":{"@id":"https:\/\/www.covb.cat\/es\/#website"},"datePublished":"2018-07-17T15:26:24+00:00","dateModified":"2024-12-11T10:27:20+00:00","description":"INFORMACIO\u0301N SOBRE COOKIES Conforme a lo dispuesto en el art\u00edculo 22.2 de la Ley 34\/2002, de 11 de julio, de Servicios de la Sociedad de la Informaci\u00f3n y","breadcrumb":{"@id":"https:\/\/www.covb.cat\/es\/politica-de-cookies\/#breadcrumb"},"inLanguage":"es","potentialAction":[{"@type":"ReadAction","target":["https:\/\/www.covb.cat\/es\/politica-de-cookies\/"]}]},{"@type":"BreadcrumbList","@id":"https:\/\/www.covb.cat\/es\/politica-de-cookies\/#breadcrumb","itemListElement":[{"@type":"ListItem","position":1,"name":"Inici","item":"https:\/\/www.covb.cat\/es\/"},{"@type":"ListItem","position":2,"name":"Pol\u00edtica de cookies"}]},{"@type":"WebSite","@id":"https:\/\/www.covb.cat\/es\/#website","url":"https:\/\/www.covb.cat\/es\/","name":"COVB","description":"Col\u00b7legi Oficial de Veterinaris de Barcelona","publisher":{"@id":"https:\/\/www.covb.cat\/es\/#organization"},"potentialAction":[{"@type":"SearchAction","target":{"@type":"EntryPoint","urlTemplate":"https:\/\/www.covb.cat\/es\/?s={search_term_string}"},"query-input":{"@type":"PropertyValueSpecification","valueRequired":true,"valueName":"search_term_string"}}],"inLanguage":"es"},{"@type":"Organization","@id":"https:\/\/www.covb.cat\/es\/#organization","name":"COVB","url":"https:\/\/www.covb.cat\/es\/","logo":{"@type":"ImageObject","inLanguage":"es","@id":"https:\/\/www.covb.cat\/es\/#\/schema\/logo\/image\/","url":"https:\/\/www.covb.cat\/wp-content\/uploads\/2018\/07\/favicon-covb.png","contentUrl":"https:\/\/www.covb.cat\/wp-content\/uploads\/2018\/07\/favicon-covb.png","width":512,"height":512,"caption":"COVB"},"image":{"@id":"https:\/\/www.covb.cat\/es\/#\/schema\/logo\/image\/"},"sameAs":["https:\/\/www.facebook.com\/COVBcat\/","https:\/\/x.com\/COVBcat","https:\/\/www.youtube.com\/user\/covbcn"]}]}},"jetpack_sharing_enabled":true,"_links":{"self":[{"href":"https:\/\/www.covb.cat\/es\/wp-json\/wp\/v2\/pages\/109","targetHints":{"allow":["GET"]}}],"collection":[{"href":"https:\/\/www.covb.cat\/es\/wp-json\/wp\/v2\/pages"}],"about":[{"href":"https:\/\/www.covb.cat\/es\/wp-json\/wp\/v2\/types\/page"}],"author":[{"embeddable":true,"href":"https:\/\/www.covb.cat\/es\/wp-json\/wp\/v2\/users\/2282"}],"replies":[{"embeddable":true,"href":"https:\/\/www.covb.cat\/es\/wp-json\/wp\/v2\/comments?post=109"}],"version-history":[{"count":3,"href":"https:\/\/www.covb.cat\/es\/wp-json\/wp\/v2\/pages\/109\/revisions"}],"predecessor-version":[{"id":51469,"href":"https:\/\/www.covb.cat\/es\/wp-json\/wp\/v2\/pages\/109\/revisions\/51469"}],"wp:attachment":[{"href":"https:\/\/www.covb.cat\/es\/wp-json\/wp\/v2\/media?parent=109"}],"curies":[{"name":"wp","href":"https:\/\/api.w.org\/{rel}","templated":true}]}}